{"id":25972,"date":"2024-01-11T15:33:31","date_gmt":"2024-06-13T19:23:16","guid":{"rendered":"https:\/\/milremo.com\/products\/windvest\/"},"modified":"2024-06-13T19:26:02","modified_gmt":"2024-06-13T19:26:02","slug":"windvest-3","status":"publish","type":"product","link":"https:\/\/milremo.com\/de\/produkt\/windvest-3\/","title":{"rendered":"WINDVEST"},"content":{"rendered":"<p>Die Windvest ist der perfekte Begleiter auf jeder Fahrt. Diese Weste ist leicht und kompakt, so dass Sie sie leicht in Ihrer Trikottasche verstauen k\u00f6nnen.<\/p>\n<p>Sie besteht aus einer elastischen, winddichten Membran, die die Vorderseite, die Schultern und die Seitenteile bedeckt. Die R\u00fcckseite ist aus einem atmungsaktiven Polyestergewebe gefertigt, das \u00fcbersch\u00fcssige W\u00e4rme entweichen l\u00e4sst.<\/p>\n<p>Der 2-Wege-YKK-Rei\u00dfverschluss erm\u00f6glicht den Zugang zu den Trikottaschen oder die Regulierung der Bel\u00fcftung, ohne dass der Ballon-Effekt hinter den Schultern beim Radfahren entsteht. Die Weste kann optional auch mit R\u00fcckentaschen ausgestattet werden, so dass Sie Ihre wichtigsten Utensilien verstauen k\u00f6nnen, ohne unter die Weste greifen zu m\u00fcssen.<\/p>\n","protected":false},"excerpt":{"rendered":"<p>Die Windvest ist der perfekte Begleiter auf jeder Fahrt. Diese Weste ist leicht und kompakt, so dass Sie sie leicht in Ihrer Trikottasche verstauen k\u00f6nnen. Sie besteht aus einer elastischen, winddichten Membran, die die Vorderseite, die Schultern und die Seitenteile bedeckt. Die R\u00fcckseite ist aus einem atmungsaktiven Polyestergewebe gefertigt, das \u00fcbersch\u00fcssige W\u00e4rme entweichen l\u00e4sst. Der [&hellip;]<\/p>\n","protected":false},"featured_media":25926,"template":"","meta":{"_acf_changed":false,"_seopress_robots_primary_cat":"none","_seopress_titles_title":"","_seopress_titles_desc":"","_seopress_robots_index":""},"product_brand":[],"product_cat":[713,695,700],"product_tag":[],"class_list":{"0":"post-25972","1":"product","2":"type-product","3":"status-publish","4":"has-post-thumbnail","6":"product_cat-full-custom-de","7":"product_cat-jackets-vests-de","8":"product_cat-road-de","9":"pa_gender-herren","11":"first","12":"instock","13":"shipping-taxable","14":"purchasable","15":"product-type-simple"},"acf":[],"_links":{"self":[{"href":"https:\/\/milremo.com\/de\/wp-json\/wp\/v2\/product\/25972","targetHints":{"allow":["GET"]}}],"collection":[{"href":"https:\/\/milremo.com\/de\/wp-json\/wp\/v2\/product"}],"about":[{"href":"https:\/\/milremo.com\/de\/wp-json\/wp\/v2\/types\/product"}],"wp:featuredmedia":[{"embeddable":true,"href":"https:\/\/milremo.com\/de\/wp-json\/wp\/v2\/media\/25926"}],"wp:attachment":[{"href":"https:\/\/milremo.com\/de\/wp-json\/wp\/v2\/media?parent=25972"}],"wp:term":[{"taxonomy":"product_brand","embeddable":true,"href":"https:\/\/milremo.com\/de\/wp-json\/wp\/v2\/product_brand?post=25972"},{"taxonomy":"product_cat","embeddable":true,"href":"https:\/\/milremo.com\/de\/wp-json\/wp\/v2\/product_cat?post=25972"},{"taxonomy":"product_tag","embeddable":true,"href":"https:\/\/milremo.com\/de\/wp-json\/wp\/v2\/product_tag?post=25972"}],"curies":[{"name":"wp","href":"https:\/\/api.w.org\/{rel}","templated":true}]}}