{"id":25971,"date":"2024-01-11T15:43:18","date_gmt":"2024-06-13T19:11:17","guid":{"rendered":"https:\/\/milremo.com\/products\/criterium-v2-jersey\/"},"modified":"2024-06-13T19:13:22","modified_gmt":"2024-06-13T19:13:22","slug":"criterium-v2-jersey-2","status":"publish","type":"product","link":"https:\/\/milremo.com\/de\/produkt\/criterium-v2-jersey-2\/","title":{"rendered":"CRITERIUM V2 JERSEY"},"content":{"rendered":"<p>Das Criterium V2 Trikot ist die Erweiterung unseres beliebten Criterium Trikots, entwickelt f\u00fcr deine schnellsten und intensivsten Fahrten. Das V2 hat eine verbesserte Passform, neue Funktionen und leichtere Stoffe, die es noch komfortabler und leistungsorientierter machen. <\/p>\n<p>Das Criterium V2 Trikot ist aus einem neuen, hochelastischen und superatmungsaktiven Material gefertigt, das Deine Bewegungsfreiheit nicht einschr\u00e4nkt. Dank seiner offenen Struktur bietet es die Bel\u00fcftung, die du brauchst, um auf jeder Fahrt k\u00fchl und frisch zu bleiben. Gleichzeitig ist es geschlossen genug, um das Design und die Logos auf Deinem Trikot lebendig und sichtbar zu halten.  <\/p>\n<p>Die gestreiften \u00c4rmel unterstreichen den visuellen, aerodynamischen Stil und sind aus einem sehr komfortablen Material mit einer sauberen, nahtfreien Verarbeitung f\u00fcr eine unvergleichliche Passform. Der untere Saum ist mit einem bedruckbaren Gummiband mit Silikongriff auf der Innenseite ausgestattet, um das Trikot an Ort und Stelle zu halten und ein Hochrutschen zu verhindern. <\/p>\n","protected":false},"excerpt":{"rendered":"<p>Das Criterium V2 Trikot ist die Erweiterung unseres beliebten Criterium Trikots, entwickelt f\u00fcr deine schnellsten und intensivsten Fahrten. Das V2 hat eine verbesserte Passform, neue Funktionen und leichtere Stoffe, die es noch komfortabler und leistungsorientierter machen. Das Criterium V2 Trikot ist aus einem neuen, hochelastischen und superatmungsaktiven Material gefertigt, das Deine Bewegungsfreiheit nicht einschr\u00e4nkt. Dank [&hellip;]<\/p>\n","protected":false},"featured_media":25937,"template":"","meta":{"_acf_changed":false,"_seopress_robots_primary_cat":"none","_seopress_titles_title":"","_seopress_titles_desc":"","_seopress_robots_index":""},"product_brand":[],"product_cat":[725,713,700,728,686],"product_tag":[],"class_list":{"0":"post-25971","1":"product","2":"type-product","3":"status-publish","4":"has-post-thumbnail","6":"product_cat-criterium-de","7":"product_cat-full-custom-de","8":"product_cat-road-de","9":"product_cat-schotter","10":"product_cat-trikots","11":"pa_gender-herren","13":"first","14":"instock","15":"shipping-taxable","16":"purchasable","17":"product-type-simple"},"acf":[],"_links":{"self":[{"href":"https:\/\/milremo.com\/de\/wp-json\/wp\/v2\/product\/25971","targetHints":{"allow":["GET"]}}],"collection":[{"href":"https:\/\/milremo.com\/de\/wp-json\/wp\/v2\/product"}],"about":[{"href":"https:\/\/milremo.com\/de\/wp-json\/wp\/v2\/types\/product"}],"wp:featuredmedia":[{"embeddable":true,"href":"https:\/\/milremo.com\/de\/wp-json\/wp\/v2\/media\/25937"}],"wp:attachment":[{"href":"https:\/\/milremo.com\/de\/wp-json\/wp\/v2\/media?parent=25971"}],"wp:term":[{"taxonomy":"product_brand","embeddable":true,"href":"https:\/\/milremo.com\/de\/wp-json\/wp\/v2\/product_brand?post=25971"},{"taxonomy":"product_cat","embeddable":true,"href":"https:\/\/milremo.com\/de\/wp-json\/wp\/v2\/product_cat?post=25971"},{"taxonomy":"product_tag","embeddable":true,"href":"https:\/\/milremo.com\/de\/wp-json\/wp\/v2\/product_tag?post=25971"}],"curies":[{"name":"wp","href":"https:\/\/api.w.org\/{rel}","templated":true}]}}