{"id":25969,"date":"2024-01-15T10:33:48","date_gmt":"2024-06-13T13:17:25","guid":{"rendered":"https:\/\/milremo.com\/products\/hyper-socks\/"},"modified":"2025-02-17T20:42:40","modified_gmt":"2025-02-17T20:42:40","slug":"hyper-socks","status":"publish","type":"product","link":"https:\/\/milremo.com\/de\/produkt\/hyper-socks\/","title":{"rendered":"HYPER SOCKS"},"content":{"rendered":"<p>Die ultimative Radsocke f\u00fcr dein Team. Es ist so konzipiert, dass du jedes Design, das du m\u00f6chtest, ohne Einschr\u00e4nkungen oder Kompromisse darauf drucken kannst.<\/p>\n<p>Die HYPER Socke besteht aus einer hochwertigen Socke mit weichem Griff und langlebiger Leistung. Sie kombiniert die St\u00e4rken des Druckens mit dem Komfort von gestrickten Socken. Du kannst sie schon ab 10 Pence pro Paar in jedem beliebigen Design bestellen, egal ob es dein Teamlogo, dein Name oder dein Lieblingsmuster ist.<\/p>\n<p>Dank der einzigartigen 360-Grad-Drucktechnik kann die Socke aus jedem Winkel mit einer lebendigen Grafik versehen werden, ohne wei\u00dfe Linien oder Falten. Der Druck ist au\u00dferdem lichtecht und waschbar, damit du lange Freude an deiner Socke hast.<\/p>\n<p>Die Socke hat eine mit Polyamid verst\u00e4rkte Fersen- und Vorfu\u00dfst\u00fctze f\u00fcr ihren Komfort und Halt in deinem Radschuh. Das Twistband im Mittelfu\u00dfbereich h\u00e4lt die Socke an Ort und Stelle, w\u00e4hrend der gesamte Oberfu\u00df eine gestrickte Mesh-Struktur zur Bel\u00fcftung aufweist. Die Socke ist atmungsaktiv und feuchtigkeitsableitend und h\u00e4lt deine F\u00fc\u00dfe auf jeder Fahrt k\u00fchl und trocken.<\/p>\n","protected":false},"excerpt":{"rendered":"<p>Die ultimative Radsocke f\u00fcr dein Team. Es ist so konzipiert, dass du jedes Design, das du m\u00f6chtest, ohne Einschr\u00e4nkungen oder Kompromisse darauf drucken kannst. Die HYPER Socke besteht aus einer hochwertigen Socke mit weichem Griff und langlebiger Leistung. Sie kombiniert die St\u00e4rken des Druckens mit dem Komfort von gestrickten Socken. Du kannst sie schon ab [&hellip;]<\/p>\n","protected":false},"featured_media":25948,"template":"","meta":{"_acf_changed":false,"_seopress_robots_primary_cat":"none","_seopress_titles_title":"","_seopress_titles_desc":"","_seopress_robots_index":""},"product_brand":[],"product_cat":[657,705,699,700,728,708],"product_tag":[],"class_list":{"0":"post-25969","1":"product","2":"type-product","3":"status-publish","4":"has-post-thumbnail","6":"product_cat-accessoires-de","7":"product_cat-mtb-de","8":"product_cat-multisport-de","9":"product_cat-road-de","10":"product_cat-schotter","11":"product_cat-triathlon-de","12":"pa_gender-damen","13":"pa_gender-herren","15":"first","16":"instock","17":"shipping-taxable","18":"purchasable","19":"product-type-simple"},"acf":[],"_links":{"self":[{"href":"https:\/\/milremo.com\/de\/wp-json\/wp\/v2\/product\/25969","targetHints":{"allow":["GET"]}}],"collection":[{"href":"https:\/\/milremo.com\/de\/wp-json\/wp\/v2\/product"}],"about":[{"href":"https:\/\/milremo.com\/de\/wp-json\/wp\/v2\/types\/product"}],"wp:featuredmedia":[{"embeddable":true,"href":"https:\/\/milremo.com\/de\/wp-json\/wp\/v2\/media\/25948"}],"wp:attachment":[{"href":"https:\/\/milremo.com\/de\/wp-json\/wp\/v2\/media?parent=25969"}],"wp:term":[{"taxonomy":"product_brand","embeddable":true,"href":"https:\/\/milremo.com\/de\/wp-json\/wp\/v2\/product_brand?post=25969"},{"taxonomy":"product_cat","embeddable":true,"href":"https:\/\/milremo.com\/de\/wp-json\/wp\/v2\/product_cat?post=25969"},{"taxonomy":"product_tag","embeddable":true,"href":"https:\/\/milremo.com\/de\/wp-json\/wp\/v2\/product_tag?post=25969"}],"curies":[{"name":"wp","href":"https:\/\/api.w.org\/{rel}","templated":true}]}}