{"id":25815,"date":"2023-06-15T20:26:16","date_gmt":"2023-06-15T20:26:18","guid":{"rendered":"https:\/\/milremo.com\/?post_type=product&#038;p=25815"},"modified":"2024-10-02T07:48:03","modified_gmt":"2024-10-02T07:48:03","slug":"endurance-jersey-damen","status":"publish","type":"product","link":"https:\/\/milremo.com\/de\/produkt\/endurance-jersey-damen\/","title":{"rendered":"Endurance Jersey"},"content":{"rendered":"<p>Das ENDURANCE Jersey zeichnet sich durch eine optimale Kombination aus Qualit\u00e4t und Funktion aus. Es bietet alles, was man von einem modernen Fahrradtrikot erwartet, und noch einiges mehr. Das ENDURANCE Jersey ist in zwei verschiedenen Passformen erh\u00e4ltlich, aus denen die Fahrer nach ihren individuellen Vorlieben w\u00e4hlen k\u00f6nnen. Es besteht zu 100% aus schnell trocknendem, dehnbarem Polyestergewebe mit speziell strukturierter Oberfl\u00e4che, das jedem Fahrer optimalen Tragekomfort gew\u00e4hrt. Die aerodynamisch konstruierten, dehnbaren Lycra-\u00c4rmel sitzen wie eine zweite Haut und erm\u00f6glichen ausgezeichnete Bewegungsfreiheit. Dazu kommen \u00c4rmelabschl\u00fcsse im Raw-Cut-Design, die zus\u00e4tzliche Designm\u00f6glichkeiten er\u00f6ffnen und ein Verrutschen der \u00c4rmel verhindern. Der durchg\u00e4ngige YKK-Rei\u00dfverschluss bietet dar\u00fcber hinaus hervorragende Bel\u00fcftung an hei\u00dfen Tagen oder bei steilen Kletterpassagen. Zudem \u00fcberzeugt der Taillenbund durch ein individualisierbares, 24mm breites elastisches Silikonband.<\/p>\n","protected":false},"excerpt":{"rendered":"<p>Das ENDURANCE Jersey zeichnet sich durch eine optimale Kombination aus Qualit\u00e4t und Funktion aus. Es bietet alles, was man von einem modernen Fahrradtrikot erwartet, und noch einiges mehr. Das ENDURANCE Jersey ist in zwei verschiedenen Passformen erh\u00e4ltlich, aus denen die Fahrer nach ihren individuellen Vorlieben w\u00e4hlen k\u00f6nnen. Es besteht zu 100% aus schnell trocknendem, dehnbarem [&hellip;]<\/p>\n","protected":false},"featured_media":25819,"template":"","meta":{"_acf_changed":false,"_seopress_robots_primary_cat":"none","_seopress_titles_title":"","_seopress_titles_desc":"","_seopress_robots_index":""},"product_brand":[],"product_cat":[700,686],"product_tag":[594],"class_list":{"0":"post-25815","1":"product","2":"type-product","3":"status-publish","4":"has-post-thumbnail","6":"product_cat-road-de","7":"product_cat-trikots","8":"product_tag-design-online-de","9":"pa_gender-damen","11":"first","12":"instock","13":"purchasable","14":"product-type-simple"},"acf":[],"_links":{"self":[{"href":"https:\/\/milremo.com\/de\/wp-json\/wp\/v2\/product\/25815","targetHints":{"allow":["GET"]}}],"collection":[{"href":"https:\/\/milremo.com\/de\/wp-json\/wp\/v2\/product"}],"about":[{"href":"https:\/\/milremo.com\/de\/wp-json\/wp\/v2\/types\/product"}],"wp:featuredmedia":[{"embeddable":true,"href":"https:\/\/milremo.com\/de\/wp-json\/wp\/v2\/media\/25819"}],"wp:attachment":[{"href":"https:\/\/milremo.com\/de\/wp-json\/wp\/v2\/media?parent=25815"}],"wp:term":[{"taxonomy":"product_brand","embeddable":true,"href":"https:\/\/milremo.com\/de\/wp-json\/wp\/v2\/product_brand?post=25815"},{"taxonomy":"product_cat","embeddable":true,"href":"https:\/\/milremo.com\/de\/wp-json\/wp\/v2\/product_cat?post=25815"},{"taxonomy":"product_tag","embeddable":true,"href":"https:\/\/milremo.com\/de\/wp-json\/wp\/v2\/product_tag?post=25815"}],"curies":[{"name":"wp","href":"https:\/\/api.w.org\/{rel}","templated":true}]}}