{"id":25742,"date":"2023-01-25T14:19:54","date_gmt":"2023-05-22T13:40:40","guid":{"rendered":"https:\/\/milremo.com\/products\/criterium-black-bibshort\/"},"modified":"2023-05-22T14:42:53","modified_gmt":"2023-05-22T14:42:53","slug":"criterium-black-bibshort","status":"publish","type":"product","link":"https:\/\/milremo.com\/de\/produkt\/criterium-black-bibshort\/","title":{"rendered":"CRITERIUM BLACK BIBSHORT"},"content":{"rendered":"<p>F\u00fcr alle, die die Kombination aus bestem Bibshort-Gef\u00fchl und minimalistischem Design bevorzugen. Unsere durchgef\u00e4rbte Criterium Bibshort ist eine perfekte Option f\u00fcr Transferlogo-Designs. Das satte Schwarz des Materials beh\u00e4lt seine Farbe, w\u00e4hrend die aufgebrachten Transferlogos dezent, reflektierend oder kontrastreich sein k\u00f6nnen.<\/p>\n","protected":false},"excerpt":{"rendered":"<p>F\u00fcr alle, die die Kombination aus bestem Bibshort-Gef\u00fchl und minimalistischem Design bevorzugen. Unsere durchgef\u00e4rbte Criterium Bibshort ist eine perfekte Option f\u00fcr Transferlogo-Designs. Das satte Schwarz des Materials beh\u00e4lt seine Farbe, w\u00e4hrend die aufgebrachten Transferlogos dezent, reflektierend oder kontrastreich sein k\u00f6nnen.<\/p>\n","protected":false},"featured_media":25656,"template":"","meta":{"_acf_changed":false,"_seopress_robots_primary_cat":"","_seopress_titles_title":"","_seopress_titles_desc":"","_seopress_robots_index":""},"product_brand":[],"product_cat":[700,682],"product_tag":[],"class_list":{"0":"post-25742","1":"product","2":"type-product","3":"status-publish","4":"has-post-thumbnail","6":"product_cat-road-de","7":"product_cat-shorts-bibs-de","8":"pa_gender-herren","10":"first","11":"instock","12":"purchasable","13":"product-type-simple"},"acf":[],"_links":{"self":[{"href":"https:\/\/milremo.com\/de\/wp-json\/wp\/v2\/product\/25742","targetHints":{"allow":["GET"]}}],"collection":[{"href":"https:\/\/milremo.com\/de\/wp-json\/wp\/v2\/product"}],"about":[{"href":"https:\/\/milremo.com\/de\/wp-json\/wp\/v2\/types\/product"}],"wp:featuredmedia":[{"embeddable":true,"href":"https:\/\/milremo.com\/de\/wp-json\/wp\/v2\/media\/25656"}],"wp:attachment":[{"href":"https:\/\/milremo.com\/de\/wp-json\/wp\/v2\/media?parent=25742"}],"wp:term":[{"taxonomy":"product_brand","embeddable":true,"href":"https:\/\/milremo.com\/de\/wp-json\/wp\/v2\/product_brand?post=25742"},{"taxonomy":"product_cat","embeddable":true,"href":"https:\/\/milremo.com\/de\/wp-json\/wp\/v2\/product_cat?post=25742"},{"taxonomy":"product_tag","embeddable":true,"href":"https:\/\/milremo.com\/de\/wp-json\/wp\/v2\/product_tag?post=25742"}],"curies":[{"name":"wp","href":"https:\/\/api.w.org\/{rel}","templated":true}]}}