{"id":25740,"date":"2022-03-28T19:07:10","date_gmt":"2023-05-22T13:40:26","guid":{"rendered":"https:\/\/milremo.com\/products\/mtb-core-short\/"},"modified":"2023-05-22T19:33:53","modified_gmt":"2023-05-22T19:33:53","slug":"mtb-core-short","status":"publish","type":"product","link":"https:\/\/milremo.com\/de\/produkt\/mtb-core-short\/","title":{"rendered":"MTB CORE SHORT"},"content":{"rendered":"<p>Die MTB CORE Shorts sind hochfunktionelle Radshorts, die kaum einen Wunsch offen lassen und sich so f\u00fcr viele verschiedenen Fahrer eignen. Sie machen nicht nur auf den Trails eine gute Figur, sondern \u00fcberzeugen auch als funktionale, gro\u00dfz\u00fcgig geschnittene L\u00f6sung beim Bikepacking oder Graveln. Der funktionale Schnitt und das bequeme Gewebe sorgen dar\u00fcber hinaus f\u00fcr hohen Tragekomfort und eine attraktive Optik, sowohl bei der Fahrt als auch abseits des Bikes. Dank der minimalistischen Bahnenkonstruktion bieten die Shorts vielf\u00e4ltige M\u00f6glichkeiten f\u00fcr grafische Designs.<\/p>\n","protected":false},"excerpt":{"rendered":"<p>Die MTB CORE Shorts sind hochfunktionelle Radshorts, die kaum einen Wunsch offen lassen und sich so f\u00fcr viele verschiedenen Fahrer eignen. Sie machen nicht nur auf den Trails eine gute Figur, sondern \u00fcberzeugen auch als funktionale, gro\u00dfz\u00fcgig geschnittene L\u00f6sung beim Bikepacking oder Graveln. Der funktionale Schnitt und das bequeme Gewebe sorgen dar\u00fcber hinaus f\u00fcr hohen [&hellip;]<\/p>\n","protected":false},"featured_media":24226,"template":"","meta":{"_acf_changed":false,"_seopress_robots_primary_cat":"none","_seopress_titles_title":"","_seopress_titles_desc":"","_seopress_robots_index":""},"product_brand":[],"product_cat":[705,682],"product_tag":[594],"class_list":{"0":"post-25740","1":"product","2":"type-product","3":"status-publish","4":"has-post-thumbnail","6":"product_cat-mtb-de","7":"product_cat-shorts-bibs-de","8":"product_tag-design-online-de","9":"pa_gender-damen","11":"first","12":"instock","13":"purchasable","14":"product-type-simple"},"acf":[],"_links":{"self":[{"href":"https:\/\/milremo.com\/de\/wp-json\/wp\/v2\/product\/25740","targetHints":{"allow":["GET"]}}],"collection":[{"href":"https:\/\/milremo.com\/de\/wp-json\/wp\/v2\/product"}],"about":[{"href":"https:\/\/milremo.com\/de\/wp-json\/wp\/v2\/types\/product"}],"wp:featuredmedia":[{"embeddable":true,"href":"https:\/\/milremo.com\/de\/wp-json\/wp\/v2\/media\/24226"}],"wp:attachment":[{"href":"https:\/\/milremo.com\/de\/wp-json\/wp\/v2\/media?parent=25740"}],"wp:term":[{"taxonomy":"product_brand","embeddable":true,"href":"https:\/\/milremo.com\/de\/wp-json\/wp\/v2\/product_brand?post=25740"},{"taxonomy":"product_cat","embeddable":true,"href":"https:\/\/milremo.com\/de\/wp-json\/wp\/v2\/product_cat?post=25740"},{"taxonomy":"product_tag","embeddable":true,"href":"https:\/\/milremo.com\/de\/wp-json\/wp\/v2\/product_tag?post=25740"}],"curies":[{"name":"wp","href":"https:\/\/api.w.org\/{rel}","templated":true}]}}