{"id":25739,"date":"2022-03-28T19:07:10","date_gmt":"2023-05-22T13:40:26","guid":{"rendered":"https:\/\/milremo.com\/products\/mtb-core-tee-ls\/"},"modified":"2023-05-22T19:34:30","modified_gmt":"2023-05-22T19:34:30","slug":"mtb-core-tee-ls","status":"publish","type":"product","link":"https:\/\/milremo.com\/de\/produkt\/mtb-core-tee-ls\/","title":{"rendered":"MTB CORE TEE LS"},"content":{"rendered":"<p>Das W MTB CORE Jersey ist ein technisches Fahrradtrikot, das kaum einen Wunsch offen l\u00e4sst und sich so f\u00fcr viele verschiedenen Fahrer eignet. Es macht nicht nur abseits der Stra\u00dfe wie beim Mountainbiken eine gute Figur, sondern \u00fcberzeugt auch als funktionale, gro\u00dfz\u00fcgig geschnittene L\u00f6sung beim Bikepacking oder im Gravel-Bereich. Der legere Schnitt und das bequeme Gewebe sorgen dar\u00fcber hinaus f\u00fcr hohen Tragekomfort und eine attraktive Optik. Das Core Jersey ist als Langarm- (LS) oder Kurzarm-Version (SS) erh\u00e4ltlich. Die Ausstattung wird durch ein integriertes Brillenputztuch abgerundet, das jederzeit eine klare Sicht erm\u00f6glicht.<\/p>\n","protected":false},"excerpt":{"rendered":"<p>Das W MTB CORE Jersey ist ein technisches Fahrradtrikot, das kaum einen Wunsch offen l\u00e4sst und sich so f\u00fcr viele verschiedenen Fahrer eignet. Es macht nicht nur abseits der Stra\u00dfe wie beim Mountainbiken eine gute Figur, sondern \u00fcberzeugt auch als funktionale, gro\u00dfz\u00fcgig geschnittene L\u00f6sung beim Bikepacking oder im Gravel-Bereich. Der legere Schnitt und das bequeme [&hellip;]<\/p>\n","protected":false},"featured_media":24251,"template":"","meta":{"_acf_changed":false,"_seopress_robots_primary_cat":"none","_seopress_titles_title":"","_seopress_titles_desc":"","_seopress_robots_index":""},"product_brand":[],"product_cat":[705,699,686],"product_tag":[594],"class_list":{"0":"post-25739","1":"product","2":"type-product","3":"status-publish","4":"has-post-thumbnail","6":"product_cat-mtb-de","7":"product_cat-multisport-de","8":"product_cat-trikots","9":"product_tag-design-online-de","10":"pa_gender-damen","12":"first","13":"instock","14":"purchasable","15":"product-type-simple"},"acf":[],"_links":{"self":[{"href":"https:\/\/milremo.com\/de\/wp-json\/wp\/v2\/product\/25739","targetHints":{"allow":["GET"]}}],"collection":[{"href":"https:\/\/milremo.com\/de\/wp-json\/wp\/v2\/product"}],"about":[{"href":"https:\/\/milremo.com\/de\/wp-json\/wp\/v2\/types\/product"}],"wp:featuredmedia":[{"embeddable":true,"href":"https:\/\/milremo.com\/de\/wp-json\/wp\/v2\/media\/24251"}],"wp:attachment":[{"href":"https:\/\/milremo.com\/de\/wp-json\/wp\/v2\/media?parent=25739"}],"wp:term":[{"taxonomy":"product_brand","embeddable":true,"href":"https:\/\/milremo.com\/de\/wp-json\/wp\/v2\/product_brand?post=25739"},{"taxonomy":"product_cat","embeddable":true,"href":"https:\/\/milremo.com\/de\/wp-json\/wp\/v2\/product_cat?post=25739"},{"taxonomy":"product_tag","embeddable":true,"href":"https:\/\/milremo.com\/de\/wp-json\/wp\/v2\/product_tag?post=25739"}],"curies":[{"name":"wp","href":"https:\/\/api.w.org\/{rel}","templated":true}]}}