{"id":25737,"date":"2023-05-22T13:40:26","date_gmt":"2023-05-22T13:40:26","guid":{"rendered":"https:\/\/milremo.com\/products\/bib-tight-3-4-2\/"},"modified":"2023-05-22T13:40:27","modified_gmt":"2023-05-22T13:40:27","slug":"bib-tight-3-4-2","status":"publish","type":"product","link":"https:\/\/milremo.com\/de\/produkt\/bib-tight-3-4-2\/","title":{"rendered":"BIB TIGHT 3\/4"},"content":{"rendered":"<p>Bequeme und warme 3\/4-Tr\u00e4gerhose, die aus einem leistungsstarken Gewebe besteht, das den Gold-Standard bei Fahrradbekleidung f\u00fcr den Winter darstellt: Super Roubaix. Dank ihrer leistungsstarken Eigenschaften und ihrer besonders weichen angerauten Innenseite sorgt diese Hose an k\u00e4lteren Tagen f\u00fcr ein warmes K\u00f6rperklima. Das Tr\u00e4geroberteil besteht aus extrem dehnbarem Meshmaterial, das nicht nur ausgezeichnete Bel\u00fcftung bietet, sondern auch f\u00fcr bequemen Tragekomfort sorgt. Diese Variante verf\u00fcgt \u00fcber L-f\u00f6rmige Seitenbahnen. Sie sind bedruckbar und verlaufen \u00fcber die gesamte Breite des Beins, sodass eine noch gr\u00f6\u00dfere Fl\u00e4che f\u00fcr Logos oder Grafiken zur Verf\u00fcgung steht.<\/p>\n","protected":false},"excerpt":{"rendered":"<p>Bequeme und warme 3\/4-Tr\u00e4gerhose, die aus einem leistungsstarken Gewebe besteht, das den Gold-Standard bei Fahrradbekleidung f\u00fcr den Winter darstellt: Super Roubaix. Dank ihrer leistungsstarken Eigenschaften und ihrer besonders weichen angerauten Innenseite sorgt diese Hose an k\u00e4lteren Tagen f\u00fcr ein warmes K\u00f6rperklima. Das Tr\u00e4geroberteil besteht aus extrem dehnbarem Meshmaterial, das nicht nur ausgezeichnete Bel\u00fcftung bietet, sondern [&hellip;]<\/p>\n","protected":false},"featured_media":0,"template":"","meta":{"_acf_changed":false,"_seopress_robots_primary_cat":"","_seopress_titles_title":"","_seopress_titles_desc":"","_seopress_robots_index":""},"product_brand":[],"product_cat":[],"product_tag":[],"class_list":{"0":"post-25737","1":"product","2":"type-product","3":"status-publish","6":"first","7":"instock","8":"product-type-simple"},"acf":[],"_links":{"self":[{"href":"https:\/\/milremo.com\/de\/wp-json\/wp\/v2\/product\/25737","targetHints":{"allow":["GET"]}}],"collection":[{"href":"https:\/\/milremo.com\/de\/wp-json\/wp\/v2\/product"}],"about":[{"href":"https:\/\/milremo.com\/de\/wp-json\/wp\/v2\/types\/product"}],"wp:attachment":[{"href":"https:\/\/milremo.com\/de\/wp-json\/wp\/v2\/media?parent=25737"}],"wp:term":[{"taxonomy":"product_brand","embeddable":true,"href":"https:\/\/milremo.com\/de\/wp-json\/wp\/v2\/product_brand?post=25737"},{"taxonomy":"product_cat","embeddable":true,"href":"https:\/\/milremo.com\/de\/wp-json\/wp\/v2\/product_cat?post=25737"},{"taxonomy":"product_tag","embeddable":true,"href":"https:\/\/milremo.com\/de\/wp-json\/wp\/v2\/product_tag?post=25737"}],"curies":[{"name":"wp","href":"https:\/\/api.w.org\/{rel}","templated":true}]}}