{"id":25735,"date":"2022-03-28T19:45:32","date_gmt":"2023-05-22T13:40:13","guid":{"rendered":"https:\/\/milremo.com\/products\/mesh-baselayer\/"},"modified":"2023-05-22T14:47:39","modified_gmt":"2023-05-22T14:47:39","slug":"mesh-baselayer","status":"publish","type":"product","link":"https:\/\/milremo.com\/de\/produkt\/mesh-baselayer\/","title":{"rendered":"MESH BASELAYER"},"content":{"rendered":"<p>Eine technische, hautnahe Schicht f\u00fcr optimalen Komfort bei jeder Fahrt. Dasleichte Mesh-Material hilft, Feuchtigkeit vom K\u00f6rper abzuleiten. Vollst\u00e4ndig bedruckbar in jedem Design, passend zu den Trikots.<\/p>\n","protected":false},"excerpt":{"rendered":"<p>Eine technische, hautnahe Schicht f\u00fcr optimalen Komfort bei jeder Fahrt. Dasleichte Mesh-Material hilft, Feuchtigkeit vom K\u00f6rper abzuleiten. Vollst\u00e4ndig bedruckbar in jedem Design, passend zu den Trikots.<\/p>\n","protected":false},"featured_media":24271,"template":"","meta":{"_acf_changed":false,"_seopress_robots_primary_cat":"none","_seopress_titles_title":"","_seopress_titles_desc":"","_seopress_robots_index":""},"product_brand":[],"product_cat":[657,705,699,700,708,686],"product_tag":[],"class_list":{"0":"post-25735","1":"product","2":"type-product","3":"status-publish","4":"has-post-thumbnail","6":"product_cat-accessoires-de","7":"product_cat-mtb-de","8":"product_cat-multisport-de","9":"product_cat-road-de","10":"product_cat-triathlon-de","11":"product_cat-trikots","12":"pa_gender-herren","14":"first","15":"instock","16":"shipping-taxable","17":"purchasable","18":"product-type-simple"},"acf":[],"_links":{"self":[{"href":"https:\/\/milremo.com\/de\/wp-json\/wp\/v2\/product\/25735","targetHints":{"allow":["GET"]}}],"collection":[{"href":"https:\/\/milremo.com\/de\/wp-json\/wp\/v2\/product"}],"about":[{"href":"https:\/\/milremo.com\/de\/wp-json\/wp\/v2\/types\/product"}],"wp:featuredmedia":[{"embeddable":true,"href":"https:\/\/milremo.com\/de\/wp-json\/wp\/v2\/media\/24271"}],"wp:attachment":[{"href":"https:\/\/milremo.com\/de\/wp-json\/wp\/v2\/media?parent=25735"}],"wp:term":[{"taxonomy":"product_brand","embeddable":true,"href":"https:\/\/milremo.com\/de\/wp-json\/wp\/v2\/product_brand?post=25735"},{"taxonomy":"product_cat","embeddable":true,"href":"https:\/\/milremo.com\/de\/wp-json\/wp\/v2\/product_cat?post=25735"},{"taxonomy":"product_tag","embeddable":true,"href":"https:\/\/milremo.com\/de\/wp-json\/wp\/v2\/product_tag?post=25735"}],"curies":[{"name":"wp","href":"https:\/\/api.w.org\/{rel}","templated":true}]}}