{"id":25732,"date":"2022-03-28T19:07:10","date_gmt":"2023-05-22T13:40:13","guid":{"rendered":"https:\/\/milremo.com\/products\/skinsuit-ls\/"},"modified":"2023-05-22T19:30:33","modified_gmt":"2023-05-22T19:30:33","slug":"skinsuit-ls","status":"publish","type":"product","link":"https:\/\/milremo.com\/de\/produkt\/skinsuit-ls\/","title":{"rendered":"SKINSUIT LS"},"content":{"rendered":"<p>Der TT Skinsuit wurde f\u00fcr H\u00f6chstleistungen beim Zeitfahren entwickelt. Diese Variante verf\u00fcgt \u00fcber L-f\u00f6rmige Seitenbahnen. Sie sind bedruckbar und verlaufen \u00fcber die gesamte Breite des Beins, sodass eine noch gr\u00f6\u00dfere Fl\u00e4che f\u00fcr Logos oder Grafiken zur Verf\u00fcgung steht.<\/p>\n","protected":false},"excerpt":{"rendered":"<p>Der TT Skinsuit wurde f\u00fcr H\u00f6chstleistungen beim Zeitfahren entwickelt. Diese Variante verf\u00fcgt \u00fcber L-f\u00f6rmige Seitenbahnen. Sie sind bedruckbar und verlaufen \u00fcber die gesamte Breite des Beins, sodass eine noch gr\u00f6\u00dfere Fl\u00e4che f\u00fcr Logos oder Grafiken zur Verf\u00fcgung steht.<\/p>\n","protected":false},"featured_media":24295,"template":"","meta":{"_acf_changed":false,"_seopress_robots_primary_cat":"none","_seopress_titles_title":"","_seopress_titles_desc":"","_seopress_robots_index":""},"product_brand":[],"product_cat":[700,668],"product_tag":[],"class_list":{"0":"post-25732","1":"product","2":"type-product","3":"status-publish","4":"has-post-thumbnail","6":"product_cat-road-de","7":"product_cat-suits-de","8":"pa_gender-herren","10":"first","11":"instock","12":"purchasable","13":"product-type-simple"},"acf":[],"_links":{"self":[{"href":"https:\/\/milremo.com\/de\/wp-json\/wp\/v2\/product\/25732","targetHints":{"allow":["GET"]}}],"collection":[{"href":"https:\/\/milremo.com\/de\/wp-json\/wp\/v2\/product"}],"about":[{"href":"https:\/\/milremo.com\/de\/wp-json\/wp\/v2\/types\/product"}],"wp:featuredmedia":[{"embeddable":true,"href":"https:\/\/milremo.com\/de\/wp-json\/wp\/v2\/media\/24295"}],"wp:attachment":[{"href":"https:\/\/milremo.com\/de\/wp-json\/wp\/v2\/media?parent=25732"}],"wp:term":[{"taxonomy":"product_brand","embeddable":true,"href":"https:\/\/milremo.com\/de\/wp-json\/wp\/v2\/product_brand?post=25732"},{"taxonomy":"product_cat","embeddable":true,"href":"https:\/\/milremo.com\/de\/wp-json\/wp\/v2\/product_cat?post=25732"},{"taxonomy":"product_tag","embeddable":true,"href":"https:\/\/milremo.com\/de\/wp-json\/wp\/v2\/product_tag?post=25732"}],"curies":[{"name":"wp","href":"https:\/\/api.w.org\/{rel}","templated":true}]}}