{"id":25730,"date":"2022-03-29T11:00:20","date_gmt":"2023-05-22T13:39:57","guid":{"rendered":"https:\/\/milremo.com\/products\/criterium-speed-suit\/"},"modified":"2023-05-22T19:29:16","modified_gmt":"2023-05-22T19:29:16","slug":"criterium-speed-suit","status":"publish","type":"product","link":"https:\/\/milremo.com\/de\/produkt\/criterium-speed-suit\/","title":{"rendered":"CRITERIUM SPEED SUIT"},"content":{"rendered":"<p>Beim PRO PELETON getestet und f\u00fcr gut befunden. Der CRITERIUM Rennanzug kombiniert die CRITERIUM Bib Short mit dem CRITERIUM Jersey zu einem windschnittigen Einteiler mit ausgezeichneter Aerodynamik, der nicht nur beim Renneinsatz volle Leistung bringt. Die Shorts \u00fcberzeugt durch einen anatomischen Schnitt, der selbst bei erfahrenen Fahrern keine W\u00fcnsche offen l\u00e4sst, und wurde aus italienischem Power-Lycra-Strickmaterial gefertigt, das bei langen Fahrzeiten maximale Kompression gew\u00e4hrt. Das aerodynamische Renntrikot hingegen verf\u00fcgt \u00fcber zwei Taschen und wurde f\u00fcr blitzschnelle Trainingseinheiten und Kriterien konzipiert. Seine hochmoderne, auf den Wettkampf ausgelegte Passform verringert den Luftwiderstand auf ein absolutes Minimum und erm\u00f6glicht so rasante Geschwindigkeiten auf der Stra\u00dfe, w\u00e4hrend das extrem dehnbare Gewebe uneingeschr\u00e4nkte Bewegungsfreiheit beim Sprinten im Wiegetritt gew\u00e4hrt. Die halblange \u00c4rmelkonstruktion aus Stretch-Material sitzt in der Fahrposition wie eine zweite Haut. Diese Variante verf\u00fcgt \u00fcber bedruckbare Seitenbahnen, die den gesamten Oberschenkel umschlie\u00dfen, sodass noch mehr Platz f\u00fcr Logos oder grafische Motive entsteht. Die Beinabschl\u00fcsse wurden komplett nahtfrei gefertigt und der Silikonprint wurde auf das Hauptmaterial der Seitenbahn aufgebracht. Dies er\u00f6ffnet nicht nur zus\u00e4tzliche Gestaltungsm\u00f6glichkeiten, sondern sorgt auch f\u00fcr einen besonders hohen Tragekomfort, da die B\u00fcndchen komplett ohne horizontale N\u00e4hte auskommen.<\/p>\n","protected":false},"excerpt":{"rendered":"<p>Beim PRO PELETON getestet und f\u00fcr gut befunden. Der CRITERIUM Rennanzug kombiniert die CRITERIUM Bib Short mit dem CRITERIUM Jersey zu einem windschnittigen Einteiler mit ausgezeichneter Aerodynamik, der nicht nur beim Renneinsatz volle Leistung bringt. Die Shorts \u00fcberzeugt durch einen anatomischen Schnitt, der selbst bei erfahrenen Fahrern keine W\u00fcnsche offen l\u00e4sst, und wurde aus italienischem [&hellip;]<\/p>\n","protected":false},"featured_media":23358,"template":"","meta":{"_acf_changed":false,"_seopress_robots_primary_cat":"","_seopress_titles_title":"","_seopress_titles_desc":"","_seopress_robots_index":""},"product_brand":[],"product_cat":[700,668],"product_tag":[],"class_list":{"0":"post-25730","1":"product","2":"type-product","3":"status-publish","4":"has-post-thumbnail","6":"product_cat-road-de","7":"product_cat-suits-de","8":"pa_gender-herren","10":"first","11":"instock","12":"purchasable","13":"product-type-simple"},"acf":[],"_links":{"self":[{"href":"https:\/\/milremo.com\/de\/wp-json\/wp\/v2\/product\/25730","targetHints":{"allow":["GET"]}}],"collection":[{"href":"https:\/\/milremo.com\/de\/wp-json\/wp\/v2\/product"}],"about":[{"href":"https:\/\/milremo.com\/de\/wp-json\/wp\/v2\/types\/product"}],"wp:featuredmedia":[{"embeddable":true,"href":"https:\/\/milremo.com\/de\/wp-json\/wp\/v2\/media\/23358"}],"wp:attachment":[{"href":"https:\/\/milremo.com\/de\/wp-json\/wp\/v2\/media?parent=25730"}],"wp:term":[{"taxonomy":"product_brand","embeddable":true,"href":"https:\/\/milremo.com\/de\/wp-json\/wp\/v2\/product_brand?post=25730"},{"taxonomy":"product_cat","embeddable":true,"href":"https:\/\/milremo.com\/de\/wp-json\/wp\/v2\/product_cat?post=25730"},{"taxonomy":"product_tag","embeddable":true,"href":"https:\/\/milremo.com\/de\/wp-json\/wp\/v2\/product_tag?post=25730"}],"curies":[{"name":"wp","href":"https:\/\/api.w.org\/{rel}","templated":true}]}}