{"id":25729,"date":"2022-03-28T19:07:10","date_gmt":"2023-05-22T13:39:57","guid":{"rendered":"https:\/\/milremo.com\/products\/criterium-cold-weather-jacket\/"},"modified":"2023-05-22T19:26:24","modified_gmt":"2023-05-22T19:26:24","slug":"criterium-cold-weather-jacket","status":"publish","type":"product","link":"https:\/\/milremo.com\/de\/produkt\/criterium-cold-weather-jacket\/","title":{"rendered":"CRITERIUM COLD WEATHER JACKET"},"content":{"rendered":"<p>Unsere CRITERIUM COLD WEATHER Jacke wurde f\u00fcr Trainingsfahrten bei kalten Temperaturen entwickelt und vereint individuelle Designoptionen mit w\u00e4rmeregulierenden und winddichten Materialien. Diese Jacke stellt keine Ausnahme dar. Das Hauptmaterial \u00fcberzeugt durch ausgezeichnete Winddichtigkeit und Wasserabweisung, w\u00e4hrend die drei ger\u00e4umigen R\u00fcckentaschen ausreichend Platz f\u00fcr das n\u00f6tige Winterzubeh\u00f6r bieten. Bei dieser Variante wurde auch die R\u00fcckseite aus vollst\u00e4ndig winddichtem Material gefertigt. F\u00fcr einen einheitlichen Look im Sommer und im Winter ist die Jacke mit ihrer spezieller Nahtkonstruktion optisch auf unser CRITERIUM Jersey abgestimmt.<\/p>\n","protected":false},"excerpt":{"rendered":"<p>Unsere CRITERIUM COLD WEATHER Jacke wurde f\u00fcr Trainingsfahrten bei kalten Temperaturen entwickelt und vereint individuelle Designoptionen mit w\u00e4rmeregulierenden und winddichten Materialien. Diese Jacke stellt keine Ausnahme dar. Das Hauptmaterial \u00fcberzeugt durch ausgezeichnete Winddichtigkeit und Wasserabweisung, w\u00e4hrend die drei ger\u00e4umigen R\u00fcckentaschen ausreichend Platz f\u00fcr das n\u00f6tige Winterzubeh\u00f6r bieten. Bei dieser Variante wurde auch die R\u00fcckseite aus [&hellip;]<\/p>\n","protected":false},"featured_media":24206,"template":"","meta":{"_acf_changed":false,"_seopress_robots_primary_cat":"none","_seopress_titles_title":"","_seopress_titles_desc":"","_seopress_robots_index":""},"product_brand":[],"product_cat":[695,700],"product_tag":[],"class_list":{"0":"post-25729","1":"product","2":"type-product","3":"status-publish","4":"has-post-thumbnail","6":"product_cat-jackets-vests-de","7":"product_cat-road-de","8":"pa_gender-herren","10":"first","11":"instock","12":"purchasable","13":"product-type-simple"},"acf":[],"_links":{"self":[{"href":"https:\/\/milremo.com\/de\/wp-json\/wp\/v2\/product\/25729","targetHints":{"allow":["GET"]}}],"collection":[{"href":"https:\/\/milremo.com\/de\/wp-json\/wp\/v2\/product"}],"about":[{"href":"https:\/\/milremo.com\/de\/wp-json\/wp\/v2\/types\/product"}],"wp:featuredmedia":[{"embeddable":true,"href":"https:\/\/milremo.com\/de\/wp-json\/wp\/v2\/media\/24206"}],"wp:attachment":[{"href":"https:\/\/milremo.com\/de\/wp-json\/wp\/v2\/media?parent=25729"}],"wp:term":[{"taxonomy":"product_brand","embeddable":true,"href":"https:\/\/milremo.com\/de\/wp-json\/wp\/v2\/product_brand?post=25729"},{"taxonomy":"product_cat","embeddable":true,"href":"https:\/\/milremo.com\/de\/wp-json\/wp\/v2\/product_cat?post=25729"},{"taxonomy":"product_tag","embeddable":true,"href":"https:\/\/milremo.com\/de\/wp-json\/wp\/v2\/product_tag?post=25729"}],"curies":[{"name":"wp","href":"https:\/\/api.w.org\/{rel}","templated":true}]}}