{"id":25724,"date":"2022-03-28T19:07:10","date_gmt":"2023-05-22T13:39:57","guid":{"rendered":"https:\/\/milremo.com\/products\/endurance-cargo-bib-short\/"},"modified":"2023-05-22T14:21:35","modified_gmt":"2023-05-22T14:21:35","slug":"endurance-cargo-bib-short","status":"publish","type":"product","link":"https:\/\/milremo.com\/de\/produkt\/endurance-cargo-bib-short\/","title":{"rendered":"ENDURANCE CARGO BIB SHORT"},"content":{"rendered":"<p>Nimm bei deinem n\u00e4chsten Abenteuer etwas mehr mit. Unsere Endurance CARGO Tr\u00e4gerhose kommt mit zwei Seitentaschen f\u00fcr l\u00e4ngere Fahrten. Leicht schr\u00e4g positioniert f\u00fcr die optimale Aufbewahrung Ihrer Wertsachen. Und dennoch individuell anpassbar in jeder unserer Standard-Lycra-Farben, kombiniert mit bedruckbaren elastischen B\u00fcndchen.<\/p>\n","protected":false},"excerpt":{"rendered":"<p>Nimm bei deinem n\u00e4chsten Abenteuer etwas mehr mit. Unsere Endurance CARGO Tr\u00e4gerhose kommt mit zwei Seitentaschen f\u00fcr l\u00e4ngere Fahrten. Leicht schr\u00e4g positioniert f\u00fcr die optimale Aufbewahrung Ihrer Wertsachen. Und dennoch individuell anpassbar in jeder unserer Standard-Lycra-Farben, kombiniert mit bedruckbaren elastischen B\u00fcndchen.<\/p>\n","protected":false},"featured_media":25792,"template":"","meta":{"_acf_changed":false,"_seopress_robots_primary_cat":"none","_seopress_titles_title":"","_seopress_titles_desc":"","_seopress_robots_index":""},"product_brand":[],"product_cat":[700,682],"product_tag":[],"class_list":{"0":"post-25724","1":"product","2":"type-product","3":"status-publish","4":"has-post-thumbnail","6":"product_cat-road-de","7":"product_cat-shorts-bibs-de","8":"pa_gender-herren","10":"first","11":"instock","12":"purchasable","13":"product-type-simple"},"acf":[],"_links":{"self":[{"href":"https:\/\/milremo.com\/de\/wp-json\/wp\/v2\/product\/25724","targetHints":{"allow":["GET"]}}],"collection":[{"href":"https:\/\/milremo.com\/de\/wp-json\/wp\/v2\/product"}],"about":[{"href":"https:\/\/milremo.com\/de\/wp-json\/wp\/v2\/types\/product"}],"wp:featuredmedia":[{"embeddable":true,"href":"https:\/\/milremo.com\/de\/wp-json\/wp\/v2\/media\/25792"}],"wp:attachment":[{"href":"https:\/\/milremo.com\/de\/wp-json\/wp\/v2\/media?parent=25724"}],"wp:term":[{"taxonomy":"product_brand","embeddable":true,"href":"https:\/\/milremo.com\/de\/wp-json\/wp\/v2\/product_brand?post=25724"},{"taxonomy":"product_cat","embeddable":true,"href":"https:\/\/milremo.com\/de\/wp-json\/wp\/v2\/product_cat?post=25724"},{"taxonomy":"product_tag","embeddable":true,"href":"https:\/\/milremo.com\/de\/wp-json\/wp\/v2\/product_tag?post=25724"}],"curies":[{"name":"wp","href":"https:\/\/api.w.org\/{rel}","templated":true}]}}