{"id":25723,"date":"2023-01-25T14:19:54","date_gmt":"2023-05-22T13:39:57","guid":{"rendered":"https:\/\/milremo.com\/products\/criterium-thermal-jersey-ls\/"},"modified":"2023-05-22T14:52:16","modified_gmt":"2023-05-22T14:52:16","slug":"criterium-thermal-jersey-ls","status":"publish","type":"product","link":"https:\/\/milremo.com\/de\/produkt\/criterium-thermal-jersey-ls\/","title":{"rendered":"CRITERIUM THERMAL JERSEY LS"},"content":{"rendered":"<p>Das Criterium Thermal Trikot ist unser fortschrittliches Thermo-Trikot im eng anliegenden Race-Schnitt. Das hoch elastische Material schr\u00e4nkt die\u00a0Bewegungsfreiheit bei Sprints aus dem Sattel nicht ein. Innen angerautes Gewebe sorgt f\u00fcr Komfort an k\u00fchleren Tagen. Das Gewebe ist mit einer wasserabweisenden DWR-Impr\u00e4gnierung versehen, so dass nasse Stra\u00dfen und leichter Regen kein Problem darstellen. Der durchgehende Rei\u00dfverschluss sorgt f\u00fcr hervorragende Bel\u00fcftung. Drei R\u00fcckentaschen bieten ausgiebig Stauraum f\u00fcr wichtige Utensilien.<\/p>\n","protected":false},"excerpt":{"rendered":"<p>Das Criterium Thermal Trikot ist unser fortschrittliches Thermo-Trikot im eng anliegenden Race-Schnitt. Das hoch elastische Material schr\u00e4nkt die\u00a0Bewegungsfreiheit bei Sprints aus dem Sattel nicht ein. Innen angerautes Gewebe sorgt f\u00fcr Komfort an k\u00fchleren Tagen. Das Gewebe ist mit einer wasserabweisenden DWR-Impr\u00e4gnierung versehen, so dass nasse Stra\u00dfen und leichter Regen kein Problem darstellen. Der durchgehende Rei\u00dfverschluss [&hellip;]<\/p>\n","protected":false},"featured_media":25648,"template":"","meta":{"_acf_changed":false,"_seopress_robots_primary_cat":"","_seopress_titles_title":"","_seopress_titles_desc":"","_seopress_robots_index":""},"product_brand":[],"product_cat":[700,686],"product_tag":[],"class_list":{"0":"post-25723","1":"product","2":"type-product","3":"status-publish","4":"has-post-thumbnail","6":"product_cat-road-de","7":"product_cat-trikots","8":"pa_gender-herren","10":"first","11":"instock","12":"purchasable","13":"product-type-simple"},"acf":[],"_links":{"self":[{"href":"https:\/\/milremo.com\/de\/wp-json\/wp\/v2\/product\/25723","targetHints":{"allow":["GET"]}}],"collection":[{"href":"https:\/\/milremo.com\/de\/wp-json\/wp\/v2\/product"}],"about":[{"href":"https:\/\/milremo.com\/de\/wp-json\/wp\/v2\/types\/product"}],"wp:featuredmedia":[{"embeddable":true,"href":"https:\/\/milremo.com\/de\/wp-json\/wp\/v2\/media\/25648"}],"wp:attachment":[{"href":"https:\/\/milremo.com\/de\/wp-json\/wp\/v2\/media?parent=25723"}],"wp:term":[{"taxonomy":"product_brand","embeddable":true,"href":"https:\/\/milremo.com\/de\/wp-json\/wp\/v2\/product_brand?post=25723"},{"taxonomy":"product_cat","embeddable":true,"href":"https:\/\/milremo.com\/de\/wp-json\/wp\/v2\/product_cat?post=25723"},{"taxonomy":"product_tag","embeddable":true,"href":"https:\/\/milremo.com\/de\/wp-json\/wp\/v2\/product_tag?post=25723"}],"curies":[{"name":"wp","href":"https:\/\/api.w.org\/{rel}","templated":true}]}}