{"id":25722,"date":"2023-01-25T14:19:54","date_gmt":"2023-05-22T13:39:57","guid":{"rendered":"https:\/\/milremo.com\/products\/endurance-merino-jersey\/"},"modified":"2023-05-22T19:27:54","modified_gmt":"2023-05-22T19:27:54","slug":"endurance-merino-jersey","status":"publish","type":"product","link":"https:\/\/milremo.com\/de\/produkt\/endurance-merino-jersey\/","title":{"rendered":"ENDURANCE MERINO JERSEY"},"content":{"rendered":"<p>Genie\u00dfen Sie den Komfort und den Luxus des Original-Performance-Garns. Das Endurance-Trikot aus Merinowolle bietet die beste Kombination aus Designfreiheit, funktionellen und technischen Eigenschaften und einem angenehmen Tragegef\u00fchl. Ideal f\u00fcr alle, die sich etwas Einzigartiges und Stilvolles w\u00fcnschen. Bitte beachten Sie, dass die Merionwolle die Farben beeinflussen und nicht der gleiche Farbton wie bei den anderen Trikots erzielt werden kann. Fragen Sie nach unseren speziellen Farbmustern (Merino Color Towels).<\/p>\n","protected":false},"excerpt":{"rendered":"<p>Genie\u00dfen Sie den Komfort und den Luxus des Original-Performance-Garns. Das Endurance-Trikot aus Merinowolle bietet die beste Kombination aus Designfreiheit, funktionellen und technischen Eigenschaften und einem angenehmen Tragegef\u00fchl. Ideal f\u00fcr alle, die sich etwas Einzigartiges und Stilvolles w\u00fcnschen. Bitte beachten Sie, dass die Merionwolle die Farben beeinflussen und nicht der gleiche Farbton wie bei den anderen [&hellip;]<\/p>\n","protected":false},"featured_media":25643,"template":"","meta":{"_acf_changed":false,"_seopress_robots_primary_cat":"","_seopress_titles_title":"","_seopress_titles_desc":"","_seopress_robots_index":""},"product_brand":[],"product_cat":[700,686],"product_tag":[],"class_list":{"0":"post-25722","1":"product","2":"type-product","3":"status-publish","4":"has-post-thumbnail","6":"product_cat-road-de","7":"product_cat-trikots","8":"pa_gender-herren","10":"first","11":"instock","12":"purchasable","13":"product-type-simple"},"acf":[],"_links":{"self":[{"href":"https:\/\/milremo.com\/de\/wp-json\/wp\/v2\/product\/25722","targetHints":{"allow":["GET"]}}],"collection":[{"href":"https:\/\/milremo.com\/de\/wp-json\/wp\/v2\/product"}],"about":[{"href":"https:\/\/milremo.com\/de\/wp-json\/wp\/v2\/types\/product"}],"wp:featuredmedia":[{"embeddable":true,"href":"https:\/\/milremo.com\/de\/wp-json\/wp\/v2\/media\/25643"}],"wp:attachment":[{"href":"https:\/\/milremo.com\/de\/wp-json\/wp\/v2\/media?parent=25722"}],"wp:term":[{"taxonomy":"product_brand","embeddable":true,"href":"https:\/\/milremo.com\/de\/wp-json\/wp\/v2\/product_brand?post=25722"},{"taxonomy":"product_cat","embeddable":true,"href":"https:\/\/milremo.com\/de\/wp-json\/wp\/v2\/product_cat?post=25722"},{"taxonomy":"product_tag","embeddable":true,"href":"https:\/\/milremo.com\/de\/wp-json\/wp\/v2\/product_tag?post=25722"}],"curies":[{"name":"wp","href":"https:\/\/api.w.org\/{rel}","templated":true}]}}