{"id":23842,"date":"2022-03-29T11:01:52","date_gmt":"2022-03-25T14:52:58","guid":{"rendered":"https:\/\/milremo.com\/products\/kids-ls-jersey\/"},"modified":"2023-05-22T13:40:33","modified_gmt":"2023-05-22T13:40:33","slug":"kids-ls-jersey","status":"publish","type":"product","link":"https:\/\/milremo.com\/de\/produkt\/kids-ls-jersey\/","title":{"rendered":"K SPORT JERSEY THERMO"},"content":{"rendered":"<p>Das Langarm-Thermotrikot f\u00fcr Kinder besteht aus superweichem Thermomaterial und sorgt daf\u00fcr, dass kleine Biker bei Fahrten im Fr\u00fchling oder Herbst nicht ausk\u00fchlen. In denselben schicken Designs wie unsere Erwachsenentrikots erh\u00e4ltlich.<\/p>\n","protected":false},"excerpt":{"rendered":"<p>Das Langarm-Thermotrikot f\u00fcr Kinder besteht aus superweichem Thermomaterial und sorgt daf\u00fcr, dass kleine Biker bei Fahrten im Fr\u00fchling oder Herbst nicht ausk\u00fchlen. In denselben schicken Designs wie unsere Erwachsenentrikots erh\u00e4ltlich.<\/p>\n","protected":false},"featured_media":25759,"template":"","meta":{"_acf_changed":false,"_seopress_robots_primary_cat":"none","_seopress_titles_title":"","_seopress_titles_desc":"","_seopress_robots_index":""},"product_brand":[],"product_cat":[700,686],"product_tag":[],"class_list":{"0":"post-23842","1":"product","2":"type-product","3":"status-publish","4":"has-post-thumbnail","6":"product_cat-road-de","7":"product_cat-trikots","8":"pa_gender-kids-de","10":"first","11":"instock","12":"purchasable","13":"product-type-simple"},"acf":[],"_links":{"self":[{"href":"https:\/\/milremo.com\/de\/wp-json\/wp\/v2\/product\/23842","targetHints":{"allow":["GET"]}}],"collection":[{"href":"https:\/\/milremo.com\/de\/wp-json\/wp\/v2\/product"}],"about":[{"href":"https:\/\/milremo.com\/de\/wp-json\/wp\/v2\/types\/product"}],"wp:featuredmedia":[{"embeddable":true,"href":"https:\/\/milremo.com\/de\/wp-json\/wp\/v2\/media\/25759"}],"wp:attachment":[{"href":"https:\/\/milremo.com\/de\/wp-json\/wp\/v2\/media?parent=23842"}],"wp:term":[{"taxonomy":"product_brand","embeddable":true,"href":"https:\/\/milremo.com\/de\/wp-json\/wp\/v2\/product_brand?post=23842"},{"taxonomy":"product_cat","embeddable":true,"href":"https:\/\/milremo.com\/de\/wp-json\/wp\/v2\/product_cat?post=23842"},{"taxonomy":"product_tag","embeddable":true,"href":"https:\/\/milremo.com\/de\/wp-json\/wp\/v2\/product_tag?post=23842"}],"curies":[{"name":"wp","href":"https:\/\/api.w.org\/{rel}","templated":true}]}}