{"id":23839,"date":"2021-07-01T13:54:58","date_gmt":"2022-03-25T14:52:58","guid":{"rendered":"https:\/\/milremo.com\/products\/kids-ss-jersey\/"},"modified":"2022-03-25T14:53:16","modified_gmt":"2022-03-25T14:53:16","slug":"kids-ss-jersey","status":"publish","type":"product","link":"https:\/\/milremo.com\/de\/produkt\/kids-ss-jersey\/","title":{"rendered":"Kids SS jersey"},"content":{"rendered":"<p>Das SPORT Jersey zeichnet sich durch gro\u00dfartige Funktion und Strapazierf\u00e4higkeit aus und ist ein beliebter Klassiker, der die Bed\u00fcrfnisse eines breiten Fahrerspektrums abdeckt. Es bietet alle Eigenschaften und Features, die man von einem modernen Fahrradtrikot erwartet, und das auch noch zu einem au\u00dfergew\u00f6hnlich attraktiven Preis. Dank seines bequemen Schnitts eignet es sich ideal f\u00fcr den Einsatz bei Events sowie f\u00fcr Gesch\u00e4ftskunden, die sich eine L\u00f6sung f\u00fcr viele verschiedene Fahrer w\u00fcnschen.<\/p>\n","protected":false},"excerpt":{"rendered":"<p>Das SPORT Jersey zeichnet sich durch gro\u00dfartige Funktion und Strapazierf\u00e4higkeit aus und ist ein beliebter Klassiker, der die Bed\u00fcrfnisse eines breiten Fahrerspektrums abdeckt. Es bietet alle Eigenschaften und Features, die man von einem modernen Fahrradtrikot erwartet, und das auch noch zu einem au\u00dfergew\u00f6hnlich attraktiven Preis. Dank seines bequemen Schnitts eignet es sich ideal f\u00fcr den [&hellip;]<\/p>\n","protected":false},"featured_media":25753,"template":"","meta":{"_acf_changed":false,"_seopress_robots_primary_cat":"none","_seopress_titles_title":"","_seopress_titles_desc":"","_seopress_robots_index":""},"product_brand":[],"product_cat":[713,686],"product_tag":[],"class_list":{"0":"post-23839","1":"product","2":"type-product","3":"status-publish","4":"has-post-thumbnail","6":"product_cat-full-custom-de","7":"product_cat-trikots","8":"pa_gender-kids-de","10":"first","11":"instock","12":"purchasable","13":"product-type-simple"},"acf":[],"_links":{"self":[{"href":"https:\/\/milremo.com\/de\/wp-json\/wp\/v2\/product\/23839","targetHints":{"allow":["GET"]}}],"collection":[{"href":"https:\/\/milremo.com\/de\/wp-json\/wp\/v2\/product"}],"about":[{"href":"https:\/\/milremo.com\/de\/wp-json\/wp\/v2\/types\/product"}],"wp:featuredmedia":[{"embeddable":true,"href":"https:\/\/milremo.com\/de\/wp-json\/wp\/v2\/media\/25753"}],"wp:attachment":[{"href":"https:\/\/milremo.com\/de\/wp-json\/wp\/v2\/media?parent=23839"}],"wp:term":[{"taxonomy":"product_brand","embeddable":true,"href":"https:\/\/milremo.com\/de\/wp-json\/wp\/v2\/product_brand?post=23839"},{"taxonomy":"product_cat","embeddable":true,"href":"https:\/\/milremo.com\/de\/wp-json\/wp\/v2\/product_cat?post=23839"},{"taxonomy":"product_tag","embeddable":true,"href":"https:\/\/milremo.com\/de\/wp-json\/wp\/v2\/product_tag?post=23839"}],"curies":[{"name":"wp","href":"https:\/\/api.w.org\/{rel}","templated":true}]}}