{"id":23828,"date":"2022-03-29T11:01:52","date_gmt":"2022-03-25T14:52:58","guid":{"rendered":"https:\/\/milremo.com\/products\/criterium-bibshort-l-shape-panel-only-leg-band-sublimatable-2\/"},"modified":"2022-03-25T14:53:06","modified_gmt":"2022-03-25T14:53:06","slug":"criterium-bibshort-l-shape-panel-only-leg-band-sublimatable-2","status":"publish","type":"product","link":"https:\/\/milremo.com\/de\/produkt\/criterium-bibshort-l-shape-panel-only-leg-band-sublimatable-2\/","title":{"rendered":"Criterium  Bibshort :L-Shape Panel &#8211; only  leg band sublimatable"},"content":{"rendered":"<p>Die CRITERIUM Bib Shorts ist eine echte High-Performance-Tr\u00e4gerhose. Sie \u00fcberzeugt durch einen anatomischen Schnitt, der selbst bei erfahrenen Fahrern keine W\u00fcnsche offen l\u00e4sst, und wurde aus italienischem Power-Lycra-Strickmaterial gefertigt, das bei langen Fahrzeiten maximale Kompression gew\u00e4hrt. Das Tr\u00e4geroberteil besteht aus zwei verschiedenen Materialien: Auf der R\u00fcckseite sorgt besonders dehnbares Netzgewebe f\u00fcr maximale Bel\u00fcftung, w\u00e4hrend Vorderseite und Schultern aus elastischem Material im Raw-Cut-Design gefertigt wurden. Die Tr\u00e4ger sind flach konstruiert, sodass weniger Druck auf die Schultern ausge\u00fcbt wird, und k\u00f6nnen dar\u00fcber hinaus individuell bedruckt werden. Diese Variante kommt ohne bedruckbare Seitenbahnen oder eine bedruckbare R\u00fcckenpartie. Die Bahnen bestehen stattdessen aus einfarbigem, nicht bedruckbarem Material.  Dies sorgt f\u00fcr eine besonders schlichte, minimalistische Optik. Die Beinabschl\u00fcsse sind mit 45mm breiten, elastischen B\u00fcndchen im Raw-Cut-Design versehen und auf der Innenseite mit Silikongrippern ausgestattet, sodass ein Verrutschen verhindert wird. Die Beinabschl\u00fcsse sind der einzige Bereich der Hose, der individuell bedruckt werden kann.<\/p>\n","protected":false},"excerpt":{"rendered":"<p>Die CRITERIUM Bib Shorts ist eine echte High-Performance-Tr\u00e4gerhose. Sie \u00fcberzeugt durch einen anatomischen Schnitt, der selbst bei erfahrenen Fahrern keine W\u00fcnsche offen l\u00e4sst, und wurde aus italienischem Power-Lycra-Strickmaterial gefertigt, das bei langen Fahrzeiten maximale Kompression gew\u00e4hrt. Das Tr\u00e4geroberteil besteht aus zwei verschiedenen Materialien: Auf der R\u00fcckseite sorgt besonders dehnbares Netzgewebe f\u00fcr maximale Bel\u00fcftung, w\u00e4hrend Vorderseite [&hellip;]<\/p>\n","protected":false},"featured_media":24502,"template":"","meta":{"_acf_changed":false,"_seopress_robots_primary_cat":"none","_seopress_titles_title":"","_seopress_titles_desc":"","_seopress_robots_index":""},"product_brand":[],"product_cat":[],"product_tag":[],"class_list":{"0":"post-23828","1":"product","2":"type-product","3":"status-publish","4":"has-post-thumbnail","6":"pa_gender-damen","8":"first","9":"instock","10":"purchasable","11":"product-type-simple"},"acf":[],"_links":{"self":[{"href":"https:\/\/milremo.com\/de\/wp-json\/wp\/v2\/product\/23828","targetHints":{"allow":["GET"]}}],"collection":[{"href":"https:\/\/milremo.com\/de\/wp-json\/wp\/v2\/product"}],"about":[{"href":"https:\/\/milremo.com\/de\/wp-json\/wp\/v2\/types\/product"}],"wp:featuredmedia":[{"embeddable":true,"href":"https:\/\/milremo.com\/de\/wp-json\/wp\/v2\/media\/24502"}],"wp:attachment":[{"href":"https:\/\/milremo.com\/de\/wp-json\/wp\/v2\/media?parent=23828"}],"wp:term":[{"taxonomy":"product_brand","embeddable":true,"href":"https:\/\/milremo.com\/de\/wp-json\/wp\/v2\/product_brand?post=23828"},{"taxonomy":"product_cat","embeddable":true,"href":"https:\/\/milremo.com\/de\/wp-json\/wp\/v2\/product_cat?post=23828"},{"taxonomy":"product_tag","embeddable":true,"href":"https:\/\/milremo.com\/de\/wp-json\/wp\/v2\/product_tag?post=23828"}],"curies":[{"name":"wp","href":"https:\/\/api.w.org\/{rel}","templated":true}]}}