{"id":23826,"date":"2022-03-29T11:01:52","date_gmt":"2022-03-25T14:52:58","guid":{"rendered":"https:\/\/milremo.com\/products\/endurance-bib-short-straight-panel-and-leg-band-sublimatable-2\/"},"modified":"2022-03-25T14:53:02","modified_gmt":"2022-03-25T14:53:02","slug":"endurance-bib-short-straight-panel-and-leg-band-sublimatable-2","status":"publish","type":"product","link":"https:\/\/milremo.com\/de\/produkt\/endurance-bib-short-straight-panel-and-leg-band-sublimatable-2\/","title":{"rendered":"ENDURANCE BIB-Short: Straight Panel and leg band sublimatable"},"content":{"rendered":"<p>Unsere ENDURANCE (Tr\u00e4ger-)Shorts vereinen beste Funktion und Qualit\u00e4t in einem individualisierbaren Design. Sie bestehen aus besonders hochwertigem italienischem Gewebe und sind nicht nur extrem abriebfest und strapazierf\u00e4hig, sondern bestechen auch noch durch eine optimierte Passform, die auch auf der Langstrecke ein H\u00f6chstma\u00df an Komfort bietet. Diese Variante verf\u00fcgt \u00fcber gerade Seitenbahnen. Sie sind bedruckbar und verlaufen gerade von oben nach unten, wodurch eine klassische, minimalistische Optik entsteht. Die Beinabschl\u00fcsse sind mit 45mm breiten, elastischen B\u00fcndchen im Raw-Cut-Design versehen und auf der Innenseite mit Silikongrippern ausgestattet, sodass ein Verrutschen verhindert wird und eine noch gr\u00f6\u00dfere Fl\u00e4che zum Bedrucken zur Verf\u00fcgung steht.<\/p>\n","protected":false},"excerpt":{"rendered":"<p>Unsere ENDURANCE (Tr\u00e4ger-)Shorts vereinen beste Funktion und Qualit\u00e4t in einem individualisierbaren Design. Sie bestehen aus besonders hochwertigem italienischem Gewebe und sind nicht nur extrem abriebfest und strapazierf\u00e4hig, sondern bestechen auch noch durch eine optimierte Passform, die auch auf der Langstrecke ein H\u00f6chstma\u00df an Komfort bietet. Diese Variante verf\u00fcgt \u00fcber gerade Seitenbahnen. Sie sind bedruckbar und [&hellip;]<\/p>\n","protected":false},"featured_media":24520,"template":"","meta":{"_acf_changed":false,"_seopress_robots_primary_cat":"none","_seopress_titles_title":"","_seopress_titles_desc":"","_seopress_robots_index":""},"product_brand":[],"product_cat":[713],"product_tag":[],"class_list":{"0":"post-23826","1":"product","2":"type-product","3":"status-publish","4":"has-post-thumbnail","6":"product_cat-full-custom-de","7":"pa_gender-damen","9":"first","10":"instock","11":"purchasable","12":"product-type-simple"},"acf":[],"_links":{"self":[{"href":"https:\/\/milremo.com\/de\/wp-json\/wp\/v2\/product\/23826","targetHints":{"allow":["GET"]}}],"collection":[{"href":"https:\/\/milremo.com\/de\/wp-json\/wp\/v2\/product"}],"about":[{"href":"https:\/\/milremo.com\/de\/wp-json\/wp\/v2\/types\/product"}],"wp:featuredmedia":[{"embeddable":true,"href":"https:\/\/milremo.com\/de\/wp-json\/wp\/v2\/media\/24520"}],"wp:attachment":[{"href":"https:\/\/milremo.com\/de\/wp-json\/wp\/v2\/media?parent=23826"}],"wp:term":[{"taxonomy":"product_brand","embeddable":true,"href":"https:\/\/milremo.com\/de\/wp-json\/wp\/v2\/product_brand?post=23826"},{"taxonomy":"product_cat","embeddable":true,"href":"https:\/\/milremo.com\/de\/wp-json\/wp\/v2\/product_cat?post=23826"},{"taxonomy":"product_tag","embeddable":true,"href":"https:\/\/milremo.com\/de\/wp-json\/wp\/v2\/product_tag?post=23826"}],"curies":[{"name":"wp","href":"https:\/\/api.w.org\/{rel}","templated":true}]}}