{"id":23819,"date":"2022-03-29T11:01:06","date_gmt":"2022-03-25T14:52:58","guid":{"rendered":"https:\/\/milremo.com\/products\/endurance-bib-short-l-shape-panel-and-leg-band-sublimatable-2\/"},"modified":"2022-03-25T14:52:59","modified_gmt":"2022-03-25T14:52:59","slug":"endurance-bib-short-l-shape-panel-and-leg-band-sublimatable-2","status":"publish","type":"product","link":"https:\/\/milremo.com\/de\/produkt\/endurance-bib-short-l-shape-panel-and-leg-band-sublimatable-2\/","title":{"rendered":"ENDURANCE BIB-Short: L-SHAPE panel and leg band sublimatable"},"content":{"rendered":"<p>Unsere ENDURANCE (Tr\u00e4ger-)Shorts vereinen beste Funktion und Qualit\u00e4t in einem individualisierbaren Design. Sie bestehen aus besonders hochwertigem italienischem Gewebe und sind nicht nur extrem abriebfest und strapazierf\u00e4hig, sondern bestechen auch noch durch eine optimierte Passform, die auch auf der Langstrecke ein H\u00f6chstma\u00df an Komfort bietet. Das Tr\u00e4geroberteil besteht aus extrem dehnbarem Meshmaterial, das nicht nur ausgezeichnete Bel\u00fcftung bietet, sondern auch f\u00fcr bequemen Tragekomfort sorgt. Diese Variante verf\u00fcgt \u00fcber L-f\u00f6rmige Seitenbahnen. Sie sind bedruckbar und verlaufen \u00fcber die gesamte Breite des Beins, sodass eine noch gr\u00f6\u00dfere Fl\u00e4che f\u00fcr Logos oder Grafiken zur Verf\u00fcgung steht. Die Beinabschl\u00fcsse sind mit 45mm breiten, elastischen B\u00fcndchen im Raw-Cut-Design versehen und auf der Innenseite mit Silikongrippern ausgestattet, sodass ein Verrutschen verhindert wird und eine noch gr\u00f6\u00dfere Fl\u00e4che zum Bedrucken zur Verf\u00fcgung steht.<\/p>\n","protected":false},"excerpt":{"rendered":"<p>Unsere ENDURANCE (Tr\u00e4ger-)Shorts vereinen beste Funktion und Qualit\u00e4t in einem individualisierbaren Design. Sie bestehen aus besonders hochwertigem italienischem Gewebe und sind nicht nur extrem abriebfest und strapazierf\u00e4hig, sondern bestechen auch noch durch eine optimierte Passform, die auch auf der Langstrecke ein H\u00f6chstma\u00df an Komfort bietet. Das Tr\u00e4geroberteil besteht aus extrem dehnbarem Meshmaterial, das nicht nur [&hellip;]<\/p>\n","protected":false},"featured_media":24181,"template":"","meta":{"_acf_changed":false,"_seopress_robots_primary_cat":"none","_seopress_titles_title":"","_seopress_titles_desc":"","_seopress_robots_index":""},"product_brand":[],"product_cat":[700,682],"product_tag":[594],"class_list":{"0":"post-23819","1":"product","2":"type-product","3":"status-publish","4":"has-post-thumbnail","6":"product_cat-road-de","7":"product_cat-shorts-bibs-de","8":"product_tag-design-online-de","9":"pa_gender-damen","11":"first","12":"instock","13":"purchasable","14":"product-type-simple"},"acf":[],"_links":{"self":[{"href":"https:\/\/milremo.com\/de\/wp-json\/wp\/v2\/product\/23819","targetHints":{"allow":["GET"]}}],"collection":[{"href":"https:\/\/milremo.com\/de\/wp-json\/wp\/v2\/product"}],"about":[{"href":"https:\/\/milremo.com\/de\/wp-json\/wp\/v2\/types\/product"}],"wp:featuredmedia":[{"embeddable":true,"href":"https:\/\/milremo.com\/de\/wp-json\/wp\/v2\/media\/24181"}],"wp:attachment":[{"href":"https:\/\/milremo.com\/de\/wp-json\/wp\/v2\/media?parent=23819"}],"wp:term":[{"taxonomy":"product_brand","embeddable":true,"href":"https:\/\/milremo.com\/de\/wp-json\/wp\/v2\/product_brand?post=23819"},{"taxonomy":"product_cat","embeddable":true,"href":"https:\/\/milremo.com\/de\/wp-json\/wp\/v2\/product_cat?post=23819"},{"taxonomy":"product_tag","embeddable":true,"href":"https:\/\/milremo.com\/de\/wp-json\/wp\/v2\/product_tag?post=23819"}],"curies":[{"name":"wp","href":"https:\/\/api.w.org\/{rel}","templated":true}]}}