{"id":23799,"date":"2022-03-29T11:01:06","date_gmt":"2022-03-25T14:52:31","guid":{"rendered":"https:\/\/milremo.com\/products\/endurance-thermal-jersey-comfort-fit-2\/"},"modified":"2022-03-25T14:52:50","modified_gmt":"2022-03-25T14:52:50","slug":"endurance-thermal-jersey-form-fit-2","status":"publish","type":"product","link":"https:\/\/milremo.com\/de\/produkt\/endurance-thermal-jersey-form-fit-2\/","title":{"rendered":"ENDURANCE  THERMAL JERSEY Form Fit"},"content":{"rendered":"<p>Ein Langarm-Thermotrikot darf einfach in keiner Radsportgarderobe fehlen. Unser ENDURANCE THERMAL Jersey \u00fcberzeugt durch seine umfangreiche Ausstattung und ist dabei auch noch individualisierbar. Das weiche, angeraute Polyestergewebe ist besonders dehnbar und bietet eine perfekte W\u00e4rmeregulierung, die daf\u00fcr sorgt, dass der Fahrer bei k\u00e4lteren Temperaturen nicht ausk\u00fchlt. Das Thermotrikot basiert auf unsere ENDURANCE Summer Jersey und ist in zwei Passformen erh\u00e4ltlich, die einem breiten Fahrerspektrum optimalen Tragekomfort gew\u00e4hren. Es ist dar\u00fcber hinaus mit einem durchg\u00e4ngigen Rei\u00dfverschluss ausgestattet, der zus\u00e4tzliche Atmungsaktivit\u00e4t erm\u00f6glicht, sowie einem Silikongripper am Taillenbund, der f\u00fcr einen rutschfreien Sitz sorgt.<\/p>\n","protected":false},"excerpt":{"rendered":"<p>Ein Langarm-Thermotrikot darf einfach in keiner Radsportgarderobe fehlen. Unser ENDURANCE THERMAL Jersey \u00fcberzeugt durch seine umfangreiche Ausstattung und ist dabei auch noch individualisierbar. Das weiche, angeraute Polyestergewebe ist besonders dehnbar und bietet eine perfekte W\u00e4rmeregulierung, die daf\u00fcr sorgt, dass der Fahrer bei k\u00e4lteren Temperaturen nicht ausk\u00fchlt. Das Thermotrikot basiert auf unsere ENDURANCE Summer Jersey und [&hellip;]<\/p>\n","protected":false},"featured_media":24480,"template":"","meta":{"_acf_changed":false,"_seopress_robots_primary_cat":"none","_seopress_titles_title":"","_seopress_titles_desc":"","_seopress_robots_index":""},"product_brand":[],"product_cat":[700,686],"product_tag":[],"class_list":{"0":"post-23799","1":"product","2":"type-product","3":"status-publish","4":"has-post-thumbnail","6":"product_cat-road-de","7":"product_cat-trikots","8":"pa_gender-damen","10":"first","11":"instock","12":"purchasable","13":"product-type-simple"},"acf":[],"_links":{"self":[{"href":"https:\/\/milremo.com\/de\/wp-json\/wp\/v2\/product\/23799","targetHints":{"allow":["GET"]}}],"collection":[{"href":"https:\/\/milremo.com\/de\/wp-json\/wp\/v2\/product"}],"about":[{"href":"https:\/\/milremo.com\/de\/wp-json\/wp\/v2\/types\/product"}],"wp:featuredmedia":[{"embeddable":true,"href":"https:\/\/milremo.com\/de\/wp-json\/wp\/v2\/media\/24480"}],"wp:attachment":[{"href":"https:\/\/milremo.com\/de\/wp-json\/wp\/v2\/media?parent=23799"}],"wp:term":[{"taxonomy":"product_brand","embeddable":true,"href":"https:\/\/milremo.com\/de\/wp-json\/wp\/v2\/product_brand?post=23799"},{"taxonomy":"product_cat","embeddable":true,"href":"https:\/\/milremo.com\/de\/wp-json\/wp\/v2\/product_cat?post=23799"},{"taxonomy":"product_tag","embeddable":true,"href":"https:\/\/milremo.com\/de\/wp-json\/wp\/v2\/product_tag?post=23799"}],"curies":[{"name":"wp","href":"https:\/\/api.w.org\/{rel}","templated":true}]}}