{"id":23789,"date":"2022-03-29T11:01:06","date_gmt":"2022-03-25T14:52:31","guid":{"rendered":"https:\/\/milremo.com\/products\/sport-jersey-long-zipper-2\/"},"modified":"2023-05-22T13:40:21","modified_gmt":"2023-05-22T13:40:21","slug":"sport-jersey-long-zipper-2","status":"publish","type":"product","link":"https:\/\/milremo.com\/de\/produkt\/sport-jersey-long-zipper-2\/","title":{"rendered":"SPORT JERSEY"},"content":{"rendered":"<p>Das W SPORT Jersey zeichnet sich durch gro\u00dfartige Funktion und Strapazierf\u00e4higkeit aus und ist ein beliebter Klassiker, der die Bed\u00fcrfnisse eines breiten Fahrerspektrums abdeckt. Es bietet alle Eigenschaften und Features, die man von einem modernen Fahrradtrikot erwartet, und das auch noch zu einem au\u00dfergew\u00f6hnlich attraktiven Preis. Dank seines bequemen Schnitts eignet es sich ideal f\u00fcr den Einsatz bei Events sowie f\u00fcr Gesch\u00e4ftskunden, die sich eine L\u00f6sung f\u00fcr viele verschiedene Fahrer w\u00fcnschen.  Das Trikot ist in verschiedenen Varianten erh\u00e4ltlich, sodass es auf individuelle Vorlieben abgestimmt werden kann.<\/p>\n","protected":false},"excerpt":{"rendered":"<p>Das W SPORT Jersey zeichnet sich durch gro\u00dfartige Funktion und Strapazierf\u00e4higkeit aus und ist ein beliebter Klassiker, der die Bed\u00fcrfnisse eines breiten Fahrerspektrums abdeckt. Es bietet alle Eigenschaften und Features, die man von einem modernen Fahrradtrikot erwartet, und das auch noch zu einem au\u00dfergew\u00f6hnlich attraktiven Preis. Dank seines bequemen Schnitts eignet es sich ideal f\u00fcr [&hellip;]<\/p>\n","protected":false},"featured_media":19926,"template":"","meta":{"_acf_changed":false,"_seopress_robots_primary_cat":"","_seopress_titles_title":"","_seopress_titles_desc":"","_seopress_robots_index":""},"product_brand":[],"product_cat":[700,686],"product_tag":[],"class_list":{"0":"post-23789","1":"product","2":"type-product","3":"status-publish","4":"has-post-thumbnail","6":"product_cat-road-de","7":"product_cat-trikots","8":"pa_gender-damen","10":"first","11":"instock","12":"purchasable","13":"product-type-simple"},"acf":[],"_links":{"self":[{"href":"https:\/\/milremo.com\/de\/wp-json\/wp\/v2\/product\/23789","targetHints":{"allow":["GET"]}}],"collection":[{"href":"https:\/\/milremo.com\/de\/wp-json\/wp\/v2\/product"}],"about":[{"href":"https:\/\/milremo.com\/de\/wp-json\/wp\/v2\/types\/product"}],"wp:featuredmedia":[{"embeddable":true,"href":"https:\/\/milremo.com\/de\/wp-json\/wp\/v2\/media\/19926"}],"wp:attachment":[{"href":"https:\/\/milremo.com\/de\/wp-json\/wp\/v2\/media?parent=23789"}],"wp:term":[{"taxonomy":"product_brand","embeddable":true,"href":"https:\/\/milremo.com\/de\/wp-json\/wp\/v2\/product_brand?post=23789"},{"taxonomy":"product_cat","embeddable":true,"href":"https:\/\/milremo.com\/de\/wp-json\/wp\/v2\/product_cat?post=23789"},{"taxonomy":"product_tag","embeddable":true,"href":"https:\/\/milremo.com\/de\/wp-json\/wp\/v2\/product_tag?post=23789"}],"curies":[{"name":"wp","href":"https:\/\/api.w.org\/{rel}","templated":true}]}}