{"id":23784,"date":"2022-03-29T11:01:06","date_gmt":"2022-03-25T14:52:31","guid":{"rendered":"https:\/\/milremo.com\/products\/thermal-zip-pants\/"},"modified":"2023-05-22T13:40:06","modified_gmt":"2023-05-22T13:40:06","slug":"thermal-zip-pants","status":"publish","type":"product","link":"https:\/\/milremo.com\/de\/produkt\/thermal-zip-pants\/","title":{"rendered":"TIGHT THERMAL ZIPPER"},"content":{"rendered":"<p>Diese Hose wurde f\u00fcr das Warm-Up vor dem Rennen entwickelt und ist mit seitlichen Rei\u00dfverschl\u00fcssen ausgestattet, die \u00fcber die gesamte L\u00e4nge des Beins verlaufen. Sie kann bequem \u00fcber Schuhen an- und ausgezogen werden.  Das weiche Thermo-Polyestermaterial h\u00e4lt an kalten Tagen angenehm warm.<\/p>\n","protected":false},"excerpt":{"rendered":"<p>Diese Hose wurde f\u00fcr das Warm-Up vor dem Rennen entwickelt und ist mit seitlichen Rei\u00dfverschl\u00fcssen ausgestattet, die \u00fcber die gesamte L\u00e4nge des Beins verlaufen. Sie kann bequem \u00fcber Schuhen an- und ausgezogen werden. Das weiche Thermo-Polyestermaterial h\u00e4lt an kalten Tagen angenehm warm.<\/p>\n","protected":false},"featured_media":24526,"template":"","meta":{"_acf_changed":false,"_seopress_robots_primary_cat":"none","_seopress_titles_title":"","_seopress_titles_desc":"","_seopress_robots_index":""},"product_brand":[],"product_cat":[705,700,698],"product_tag":[],"class_list":{"0":"post-23784","1":"product","2":"type-product","3":"status-publish","4":"has-post-thumbnail","6":"product_cat-mtb-de","7":"product_cat-road-de","8":"product_cat-tights-de","10":"first","11":"instock","12":"purchasable","13":"product-type-simple"},"acf":[],"_links":{"self":[{"href":"https:\/\/milremo.com\/de\/wp-json\/wp\/v2\/product\/23784","targetHints":{"allow":["GET"]}}],"collection":[{"href":"https:\/\/milremo.com\/de\/wp-json\/wp\/v2\/product"}],"about":[{"href":"https:\/\/milremo.com\/de\/wp-json\/wp\/v2\/types\/product"}],"wp:featuredmedia":[{"embeddable":true,"href":"https:\/\/milremo.com\/de\/wp-json\/wp\/v2\/media\/24526"}],"wp:attachment":[{"href":"https:\/\/milremo.com\/de\/wp-json\/wp\/v2\/media?parent=23784"}],"wp:term":[{"taxonomy":"product_brand","embeddable":true,"href":"https:\/\/milremo.com\/de\/wp-json\/wp\/v2\/product_brand?post=23784"},{"taxonomy":"product_cat","embeddable":true,"href":"https:\/\/milremo.com\/de\/wp-json\/wp\/v2\/product_cat?post=23784"},{"taxonomy":"product_tag","embeddable":true,"href":"https:\/\/milremo.com\/de\/wp-json\/wp\/v2\/product_tag?post=23784"}],"curies":[{"name":"wp","href":"https:\/\/api.w.org\/{rel}","templated":true}]}}