{"id":23771,"date":"2022-03-29T11:00:20","date_gmt":"2022-03-25T14:52:31","guid":{"rendered":"https:\/\/milremo.com\/products\/xc-mtb-short\/"},"modified":"2022-03-25T14:52:33","modified_gmt":"2022-03-25T14:52:33","slug":"xc-mtb-short","status":"publish","type":"product","link":"https:\/\/milremo.com\/de\/produkt\/xc-mtb-short\/","title":{"rendered":"XC MTB short"},"content":{"rendered":"<p>Diese leichte MTB-Shorts aus 4-Wege-Stretchmaterial bietet ausgezeichnete Bewegungsfreiheit. Der Taillenbund mit Elastik-Eins\u00e4tzen und Klettverschluss sorgt daf\u00fcr, dass die Hose durch die Fahrbewegung nicht verrutscht, w\u00e4hrend die RV-Sicherheitstasche auf der R\u00fcckseite ausreichend Platz f\u00fcr ein Smartphone bietet. Die Shorts ist ein tolles Einzelst\u00fcck, das auch mit einer Innenhose oder Fahrradshorts kombiniert werden kann und sowohl bei der Fahrt als auch abseits des Bikes eine tolle Figur macht.<\/p>\n","protected":false},"excerpt":{"rendered":"<p>Diese leichte MTB-Shorts aus 4-Wege-Stretchmaterial bietet ausgezeichnete Bewegungsfreiheit. Der Taillenbund mit Elastik-Eins\u00e4tzen und Klettverschluss sorgt daf\u00fcr, dass die Hose durch die Fahrbewegung nicht verrutscht, w\u00e4hrend die RV-Sicherheitstasche auf der R\u00fcckseite ausreichend Platz f\u00fcr ein Smartphone bietet. Die Shorts ist ein tolles Einzelst\u00fcck, das auch mit einer Innenhose oder Fahrradshorts kombiniert werden kann und sowohl bei [&hellip;]<\/p>\n","protected":false},"featured_media":0,"template":"","meta":{"_acf_changed":false,"_seopress_robots_primary_cat":"none","_seopress_titles_title":"","_seopress_titles_desc":"","_seopress_robots_index":""},"product_brand":[],"product_cat":[713],"product_tag":[],"class_list":{"0":"post-23771","1":"product","2":"type-product","3":"status-publish","5":"product_cat-full-custom-de","6":"pa_gender-herren","8":"first","9":"instock","10":"purchasable","11":"product-type-simple"},"acf":[],"_links":{"self":[{"href":"https:\/\/milremo.com\/de\/wp-json\/wp\/v2\/product\/23771","targetHints":{"allow":["GET"]}}],"collection":[{"href":"https:\/\/milremo.com\/de\/wp-json\/wp\/v2\/product"}],"about":[{"href":"https:\/\/milremo.com\/de\/wp-json\/wp\/v2\/types\/product"}],"wp:attachment":[{"href":"https:\/\/milremo.com\/de\/wp-json\/wp\/v2\/media?parent=23771"}],"wp:term":[{"taxonomy":"product_brand","embeddable":true,"href":"https:\/\/milremo.com\/de\/wp-json\/wp\/v2\/product_brand?post=23771"},{"taxonomy":"product_cat","embeddable":true,"href":"https:\/\/milremo.com\/de\/wp-json\/wp\/v2\/product_cat?post=23771"},{"taxonomy":"product_tag","embeddable":true,"href":"https:\/\/milremo.com\/de\/wp-json\/wp\/v2\/product_tag?post=23771"}],"curies":[{"name":"wp","href":"https:\/\/api.w.org\/{rel}","templated":true}]}}