{"id":23764,"date":"2022-03-29T11:00:20","date_gmt":"2022-03-25T14:52:03","guid":{"rendered":"https:\/\/milremo.com\/products\/criterium-bibshort-l-shape-panel-sublimatable-seamless-leg-ends\/"},"modified":"2023-05-22T13:40:03","modified_gmt":"2023-05-22T13:40:03","slug":"criterium-bibshort-l-shape-panel-sublimatable-seamless-leg-ends","status":"publish","type":"product","link":"https:\/\/milremo.com\/de\/produkt\/criterium-bibshort-l-shape-panel-sublimatable-seamless-leg-ends\/","title":{"rendered":"CRITERIUM BIB SHORT"},"content":{"rendered":"<p>Die CRITERIUM Bib Shorts ist eine echte High-Performance-Tr\u00e4gerhose. Sie \u00fcberzeugt durch einen anatomischen Schnitt, der selbst bei erfahrenen Fahrern keine W\u00fcnsche offen l\u00e4sst, und wurde aus italienischem Power-Lycra-Strickmaterial gefertigt, das bei langen Fahrzeiten maximale Kompression gew\u00e4hrt. Das Tr\u00e4geroberteil besteht aus zwei verschiedenen Materialien: Auf der R\u00fcckseite sorgt besonders dehnbares Netzgewebe f\u00fcr maximale Bel\u00fcftung, w\u00e4hrend Vorderseite und Schultern aus elastischem Material im Raw-Cut-Design gefertigt wurden. Die Tr\u00e4ger sind flach konstruiert, sodass weniger Druck auf die Schultern ausge\u00fcbt wird, und k\u00f6nnen dar\u00fcber hinaus individuell bedruckt werden. Diese Variante verf\u00fcgt \u00fcber bedruckbare Seitenbahnen, die den gesamten Oberschenkel umschlie\u00dfen, sodass eine noch gr\u00f6\u00dfere Fl\u00e4che f\u00fcr Logos oder grafische Motive zur Verf\u00fcgung steht. Die Beinabschl\u00fcsse wurden komplett nahtfrei gefertigt und der Silikonprint wurde auf das Hauptmaterial der Seitenbahn aufgebracht. Dies er\u00f6ffnet nicht nur zus\u00e4tzliche Gestaltungsm\u00f6glichkeiten, sondern sorgt auch f\u00fcr einen besonders hohen Tragekomfort, da die B\u00fcndchen komplett ohne horizontale N\u00e4hte auskommen.<\/p>\n","protected":false},"excerpt":{"rendered":"<p>Die CRITERIUM Bib Shorts ist eine echte High-Performance-Tr\u00e4gerhose. Sie \u00fcberzeugt durch einen anatomischen Schnitt, der selbst bei erfahrenen Fahrern keine W\u00fcnsche offen l\u00e4sst, und wurde aus italienischem Power-Lycra-Strickmaterial gefertigt, das bei langen Fahrzeiten maximale Kompression gew\u00e4hrt. Das Tr\u00e4geroberteil besteht aus zwei verschiedenen Materialien: Auf der R\u00fcckseite sorgt besonders dehnbares Netzgewebe f\u00fcr maximale Bel\u00fcftung, w\u00e4hrend Vorderseite [&hellip;]<\/p>\n","protected":false},"featured_media":16909,"template":"","meta":{"_acf_changed":false,"_seopress_robots_primary_cat":"none","_seopress_titles_title":"","_seopress_titles_desc":"","_seopress_robots_index":""},"product_brand":[],"product_cat":[700,682],"product_tag":[594],"class_list":{"0":"post-23764","1":"product","2":"type-product","3":"status-publish","4":"has-post-thumbnail","6":"product_cat-road-de","7":"product_cat-shorts-bibs-de","8":"product_tag-design-online-de","9":"pa_gender-herren","11":"first","12":"instock","13":"purchasable","14":"product-type-simple"},"acf":[],"_links":{"self":[{"href":"https:\/\/milremo.com\/de\/wp-json\/wp\/v2\/product\/23764","targetHints":{"allow":["GET"]}}],"collection":[{"href":"https:\/\/milremo.com\/de\/wp-json\/wp\/v2\/product"}],"about":[{"href":"https:\/\/milremo.com\/de\/wp-json\/wp\/v2\/types\/product"}],"wp:featuredmedia":[{"embeddable":true,"href":"https:\/\/milremo.com\/de\/wp-json\/wp\/v2\/media\/16909"}],"wp:attachment":[{"href":"https:\/\/milremo.com\/de\/wp-json\/wp\/v2\/media?parent=23764"}],"wp:term":[{"taxonomy":"product_brand","embeddable":true,"href":"https:\/\/milremo.com\/de\/wp-json\/wp\/v2\/product_brand?post=23764"},{"taxonomy":"product_cat","embeddable":true,"href":"https:\/\/milremo.com\/de\/wp-json\/wp\/v2\/product_cat?post=23764"},{"taxonomy":"product_tag","embeddable":true,"href":"https:\/\/milremo.com\/de\/wp-json\/wp\/v2\/product_tag?post=23764"}],"curies":[{"name":"wp","href":"https:\/\/api.w.org\/{rel}","templated":true}]}}