{"id":23762,"date":"2022-03-29T11:00:20","date_gmt":"2022-03-25T14:52:03","guid":{"rendered":"https:\/\/milremo.com\/products\/endurance-bib-short-straight-panel-and-only-leg-band-sublimatable\/"},"modified":"2022-03-25T14:52:26","modified_gmt":"2022-03-25T14:52:26","slug":"endurance-bib-short-straight-panel-and-only-leg-band-sublimatable","status":"publish","type":"product","link":"https:\/\/milremo.com\/de\/produkt\/endurance-bib-short-straight-panel-and-only-leg-band-sublimatable\/","title":{"rendered":"ENDURANCE BIB-Short: Straight Panel and  only  leg band sublimatable"},"content":{"rendered":"<p>Unsere ENDURANCE (Tr\u00e4ger-)Shorts vereinen beste Funktion und Qualit\u00e4t in einem individualisierbaren Design. Sie bestehen aus besonders hochwertigem italienischem Gewebe und sind nicht nur extrem abriebfest und strapazierf\u00e4hig, sondern bestechen auch noch durch eine optimierte Passform, die auch auf der Langstrecke ein H\u00f6chstma\u00df an Komfort bietet. Das Tr\u00e4geroberteil besteht aus extrem dehnbarem Meshmaterial, das nicht nur ausgezeichnete Bel\u00fcftung bietet, sondern auch f\u00fcr bequemen Tragekomfort sorgt. Diese Variante kommt ohne bedruckbare Seitenbahnen oder eine bedruckbare R\u00fcckenpartie. Die Bahnen bestehen stattdessen aus einfarbigem, nicht bedruckbarem Material.  Dies sorgt f\u00fcr eine besonders schlichte, minimalistische Optik. Die Beinabschl\u00fcsse sind mit 45mm breiten, elastischen B\u00fcndchen im Raw-Cut-Design versehen und auf der Innenseite mit Silikongrippern ausgestattet, sodass ein Verrutschen verhindert wird. Die Beinabschl\u00fcsse sind der einzige Bereich der Hose, der individuell bedruckt werden kann.<\/p>\n","protected":false},"excerpt":{"rendered":"<p>Unsere ENDURANCE (Tr\u00e4ger-)Shorts vereinen beste Funktion und Qualit\u00e4t in einem individualisierbaren Design. Sie bestehen aus besonders hochwertigem italienischem Gewebe und sind nicht nur extrem abriebfest und strapazierf\u00e4hig, sondern bestechen auch noch durch eine optimierte Passform, die auch auf der Langstrecke ein H\u00f6chstma\u00df an Komfort bietet. Das Tr\u00e4geroberteil besteht aus extrem dehnbarem Meshmaterial, das nicht nur [&hellip;]<\/p>\n","protected":false},"featured_media":25804,"template":"","meta":{"_acf_changed":false,"_seopress_robots_primary_cat":"none","_seopress_titles_title":"","_seopress_titles_desc":"","_seopress_robots_index":""},"product_brand":[],"product_cat":[700,682],"product_tag":[],"class_list":{"0":"post-23762","1":"product","2":"type-product","3":"status-publish","4":"has-post-thumbnail","6":"product_cat-road-de","7":"product_cat-shorts-bibs-de","8":"pa_gender-herren","10":"first","11":"instock","12":"purchasable","13":"product-type-simple"},"acf":[],"_links":{"self":[{"href":"https:\/\/milremo.com\/de\/wp-json\/wp\/v2\/product\/23762","targetHints":{"allow":["GET"]}}],"collection":[{"href":"https:\/\/milremo.com\/de\/wp-json\/wp\/v2\/product"}],"about":[{"href":"https:\/\/milremo.com\/de\/wp-json\/wp\/v2\/types\/product"}],"wp:featuredmedia":[{"embeddable":true,"href":"https:\/\/milremo.com\/de\/wp-json\/wp\/v2\/media\/25804"}],"wp:attachment":[{"href":"https:\/\/milremo.com\/de\/wp-json\/wp\/v2\/media?parent=23762"}],"wp:term":[{"taxonomy":"product_brand","embeddable":true,"href":"https:\/\/milremo.com\/de\/wp-json\/wp\/v2\/product_brand?post=23762"},{"taxonomy":"product_cat","embeddable":true,"href":"https:\/\/milremo.com\/de\/wp-json\/wp\/v2\/product_cat?post=23762"},{"taxonomy":"product_tag","embeddable":true,"href":"https:\/\/milremo.com\/de\/wp-json\/wp\/v2\/product_tag?post=23762"}],"curies":[{"name":"wp","href":"https:\/\/api.w.org\/{rel}","templated":true}]}}