{"id":23757,"date":"2022-03-29T11:00:20","date_gmt":"2022-03-25T14:52:03","guid":{"rendered":"https:\/\/milremo.com\/products\/endurance-bib-short-straight-panel-sublimatable\/"},"modified":"2022-03-25T14:52:23","modified_gmt":"2022-03-25T14:52:23","slug":"endurance-bib-short-straight-panel-sublimatable","status":"publish","type":"product","link":"https:\/\/milremo.com\/de\/produkt\/endurance-bib-short-straight-panel-sublimatable\/","title":{"rendered":"ENDURANCE BIB-Short: Straight Panel sublimatable"},"content":{"rendered":"<p>Unsere ENDURANCE (Tr\u00e4ger-)Shorts vereinen beste Funktion und Qualit\u00e4t in einem individualisierbaren Design. Sie bestehen aus besonders hochwertigem italienischem Gewebe und sind nicht nur extrem abriebfest und strapazierf\u00e4hig, sondern bestechen auch noch durch eine optimierte Passform, die auch auf der Langstrecke ein H\u00f6chstma\u00df an Komfort bietet. Diese Variante verf\u00fcgt \u00fcber gerade Seitenbahnen. Sie sind bedruckbar und verlaufen gerade von oben nach unten, wodurch eine klassische, minimalistische Optik entsteht.<\/p>\n","protected":false},"excerpt":{"rendered":"<p>Unsere ENDURANCE (Tr\u00e4ger-)Shorts vereinen beste Funktion und Qualit\u00e4t in einem individualisierbaren Design. Sie bestehen aus besonders hochwertigem italienischem Gewebe und sind nicht nur extrem abriebfest und strapazierf\u00e4hig, sondern bestechen auch noch durch eine optimierte Passform, die auch auf der Langstrecke ein H\u00f6chstma\u00df an Komfort bietet. Diese Variante verf\u00fcgt \u00fcber gerade Seitenbahnen. Sie sind bedruckbar und [&hellip;]<\/p>\n","protected":false},"featured_media":24578,"template":"","meta":{"_acf_changed":false,"_seopress_robots_primary_cat":"none","_seopress_titles_title":"","_seopress_titles_desc":"","_seopress_robots_index":""},"product_brand":[],"product_cat":[],"product_tag":[],"class_list":{"0":"post-23757","1":"product","2":"type-product","3":"status-publish","4":"has-post-thumbnail","6":"pa_gender-herren","8":"first","9":"instock","10":"purchasable","11":"product-type-simple"},"acf":[],"_links":{"self":[{"href":"https:\/\/milremo.com\/de\/wp-json\/wp\/v2\/product\/23757","targetHints":{"allow":["GET"]}}],"collection":[{"href":"https:\/\/milremo.com\/de\/wp-json\/wp\/v2\/product"}],"about":[{"href":"https:\/\/milremo.com\/de\/wp-json\/wp\/v2\/types\/product"}],"wp:featuredmedia":[{"embeddable":true,"href":"https:\/\/milremo.com\/de\/wp-json\/wp\/v2\/media\/24578"}],"wp:attachment":[{"href":"https:\/\/milremo.com\/de\/wp-json\/wp\/v2\/media?parent=23757"}],"wp:term":[{"taxonomy":"product_brand","embeddable":true,"href":"https:\/\/milremo.com\/de\/wp-json\/wp\/v2\/product_brand?post=23757"},{"taxonomy":"product_cat","embeddable":true,"href":"https:\/\/milremo.com\/de\/wp-json\/wp\/v2\/product_cat?post=23757"},{"taxonomy":"product_tag","embeddable":true,"href":"https:\/\/milremo.com\/de\/wp-json\/wp\/v2\/product_tag?post=23757"}],"curies":[{"name":"wp","href":"https:\/\/api.w.org\/{rel}","templated":true}]}}