{"id":23746,"date":"2022-03-29T11:00:20","date_gmt":"2022-03-25T14:52:03","guid":{"rendered":"https:\/\/milremo.com\/products\/endurance-short\/"},"modified":"2023-05-22T13:40:01","modified_gmt":"2023-05-22T13:40:01","slug":"endurance-short","status":"publish","type":"product","link":"https:\/\/milremo.com\/de\/produkt\/endurance-short\/","title":{"rendered":"ENDURANCE SHORT"},"content":{"rendered":"<p>Unsere ENDURANCE Shorts vereinen beste Funktion und Qualit\u00e4t in einem individualisierbaren Design. Sie bestehen aus besonders hochwertigem italienischem Gewebe und sind nicht nur extrem abriebfest und strapazierf\u00e4hig, sondern bestechen auch noch durch eine optimierte Passform, die auch auf der Langstrecke ein H\u00f6chstma\u00df an Komfort bietet. Diese Variante verf\u00fcgt \u00fcber L-f\u00f6rmige Seitenbahnen. Sie sind bedruckbar und verlaufen \u00fcber die gesamte Breite des Beins, sodass eine noch gr\u00f6\u00dfere Fl\u00e4che f\u00fcr Logos oder Grafiken zur Verf\u00fcgung steht.<\/p>\n","protected":false},"excerpt":{"rendered":"<p>Unsere ENDURANCE Shorts vereinen beste Funktion und Qualit\u00e4t in einem individualisierbaren Design. Sie bestehen aus besonders hochwertigem italienischem Gewebe und sind nicht nur extrem abriebfest und strapazierf\u00e4hig, sondern bestechen auch noch durch eine optimierte Passform, die auch auf der Langstrecke ein H\u00f6chstma\u00df an Komfort bietet. Diese Variante verf\u00fcgt \u00fcber L-f\u00f6rmige Seitenbahnen. Sie sind bedruckbar und [&hellip;]<\/p>\n","protected":false},"featured_media":24279,"template":"","meta":{"_acf_changed":false,"_seopress_robots_primary_cat":"","_seopress_titles_title":"","_seopress_titles_desc":"","_seopress_robots_index":""},"product_brand":[],"product_cat":[700,682],"product_tag":[],"class_list":{"0":"post-23746","1":"product","2":"type-product","3":"status-publish","4":"has-post-thumbnail","6":"product_cat-road-de","7":"product_cat-shorts-bibs-de","9":"first","10":"instock","11":"purchasable","12":"product-type-simple"},"acf":[],"_links":{"self":[{"href":"https:\/\/milremo.com\/de\/wp-json\/wp\/v2\/product\/23746","targetHints":{"allow":["GET"]}}],"collection":[{"href":"https:\/\/milremo.com\/de\/wp-json\/wp\/v2\/product"}],"about":[{"href":"https:\/\/milremo.com\/de\/wp-json\/wp\/v2\/types\/product"}],"wp:featuredmedia":[{"embeddable":true,"href":"https:\/\/milremo.com\/de\/wp-json\/wp\/v2\/media\/24279"}],"wp:attachment":[{"href":"https:\/\/milremo.com\/de\/wp-json\/wp\/v2\/media?parent=23746"}],"wp:term":[{"taxonomy":"product_brand","embeddable":true,"href":"https:\/\/milremo.com\/de\/wp-json\/wp\/v2\/product_brand?post=23746"},{"taxonomy":"product_cat","embeddable":true,"href":"https:\/\/milremo.com\/de\/wp-json\/wp\/v2\/product_cat?post=23746"},{"taxonomy":"product_tag","embeddable":true,"href":"https:\/\/milremo.com\/de\/wp-json\/wp\/v2\/product_tag?post=23746"}],"curies":[{"name":"wp","href":"https:\/\/api.w.org\/{rel}","templated":true}]}}