{"id":23741,"date":"2022-03-29T11:00:20","date_gmt":"2022-03-25T14:52:03","guid":{"rendered":"https:\/\/milremo.com\/products\/xc-jersey\/"},"modified":"2023-05-22T13:40:17","modified_gmt":"2023-05-22T13:40:17","slug":"xc-jersey","status":"publish","type":"product","link":"https:\/\/milremo.com\/de\/produkt\/xc-jersey\/","title":{"rendered":"MTB CORE TEE LS"},"content":{"rendered":"<p>Dieses Trikot wurde f\u00fcr lange Ausfahrten auf dem Mountainbike geschaffen. Es besticht durch einen lockeren Schnitt, der exzellente Bewegungsfreiheit erm\u00f6glicht, sowie einen Rei\u00dfverschluss \u00fcber 3\/4 der L\u00e4nge, der zus\u00e4tzliche Bel\u00fcftung gew\u00e4hrt. Der Rei\u00dfverschluss ist verdeckt, sodass er die Optik nicht st\u00f6rt. Die RV-Sicherheitstasche auf der R\u00fcckseite bietet Stauraum und sch\u00fctzt wertvolle Gegenst\u00e4nde.<\/p>\n","protected":false},"excerpt":{"rendered":"<p>Dieses Trikot wurde f\u00fcr lange Ausfahrten auf dem Mountainbike geschaffen. Es besticht durch einen lockeren Schnitt, der exzellente Bewegungsfreiheit erm\u00f6glicht, sowie einen Rei\u00dfverschluss \u00fcber 3\/4 der L\u00e4nge, der zus\u00e4tzliche Bel\u00fcftung gew\u00e4hrt. Der Rei\u00dfverschluss ist verdeckt, sodass er die Optik nicht st\u00f6rt. Die RV-Sicherheitstasche auf der R\u00fcckseite bietet Stauraum und sch\u00fctzt wertvolle Gegenst\u00e4nde.<\/p>\n","protected":false},"featured_media":19888,"template":"","meta":{"_acf_changed":false,"_seopress_robots_primary_cat":"","_seopress_titles_title":"","_seopress_titles_desc":"","_seopress_robots_index":""},"product_brand":[],"product_cat":[705,686],"product_tag":[],"class_list":{"0":"post-23741","1":"product","2":"type-product","3":"status-publish","4":"has-post-thumbnail","6":"product_cat-mtb-de","7":"product_cat-trikots","8":"pa_gender-herren","10":"first","11":"instock","12":"purchasable","13":"product-type-simple"},"acf":[],"_links":{"self":[{"href":"https:\/\/milremo.com\/de\/wp-json\/wp\/v2\/product\/23741","targetHints":{"allow":["GET"]}}],"collection":[{"href":"https:\/\/milremo.com\/de\/wp-json\/wp\/v2\/product"}],"about":[{"href":"https:\/\/milremo.com\/de\/wp-json\/wp\/v2\/types\/product"}],"wp:featuredmedia":[{"embeddable":true,"href":"https:\/\/milremo.com\/de\/wp-json\/wp\/v2\/media\/19888"}],"wp:attachment":[{"href":"https:\/\/milremo.com\/de\/wp-json\/wp\/v2\/media?parent=23741"}],"wp:term":[{"taxonomy":"product_brand","embeddable":true,"href":"https:\/\/milremo.com\/de\/wp-json\/wp\/v2\/product_brand?post=23741"},{"taxonomy":"product_cat","embeddable":true,"href":"https:\/\/milremo.com\/de\/wp-json\/wp\/v2\/product_cat?post=23741"},{"taxonomy":"product_tag","embeddable":true,"href":"https:\/\/milremo.com\/de\/wp-json\/wp\/v2\/product_tag?post=23741"}],"curies":[{"name":"wp","href":"https:\/\/api.w.org\/{rel}","templated":true}]}}