{"id":23715,"date":"2022-03-29T11:00:20","date_gmt":"2022-03-25T14:52:03","guid":{"rendered":"https:\/\/milremo.com\/products\/mesh-summer-jersey\/"},"modified":"2023-05-22T13:40:00","modified_gmt":"2023-05-22T13:40:00","slug":"hot-summer-jersey","status":"publish","type":"product","link":"https:\/\/milremo.com\/de\/produkt\/hot-summer-jersey\/","title":{"rendered":"MESH JERSEY"},"content":{"rendered":"<p>Das MESH Jersey ist die ideale Wahl f\u00fcr richtig hei\u00dfe Tage. Ausgelegt auf maximale Atmungsaktivit\u00e4t, wurde es f\u00fcr Ausfahrten bei hochsommerlichen Temperaturen oder steile Anstiege entwickelt. Es besteht aus extrem leichtem Mesh-Gewebe, das k\u00fchlen Tragekomfort bietet, w\u00e4hrend der durchg\u00e4ngige Rei\u00dfverschluss bei Bedarf blitzschnelle Bel\u00fcftung erm\u00f6glicht. Dar\u00fcber hinaus verf\u00fcgt es \u00fcber drei R\u00fcckentaschen, in denen wichtiges Warmwetterzubeh\u00f6r leicht zug\u00e4nglich verstaut werden kann.<\/p>\n","protected":false},"excerpt":{"rendered":"<p>Das MESH Jersey ist die ideale Wahl f\u00fcr richtig hei\u00dfe Tage. Ausgelegt auf maximale Atmungsaktivit\u00e4t, wurde es f\u00fcr Ausfahrten bei hochsommerlichen Temperaturen oder steile Anstiege entwickelt. Es besteht aus extrem leichtem Mesh-Gewebe, das k\u00fchlen Tragekomfort bietet, w\u00e4hrend der durchg\u00e4ngige Rei\u00dfverschluss bei Bedarf blitzschnelle Bel\u00fcftung erm\u00f6glicht. Dar\u00fcber hinaus verf\u00fcgt es \u00fcber drei R\u00fcckentaschen, in denen wichtiges [&hellip;]<\/p>\n","protected":false},"featured_media":19672,"template":"","meta":{"_acf_changed":false,"_seopress_robots_primary_cat":"none","_seopress_titles_title":"","_seopress_titles_desc":"","_seopress_robots_index":""},"product_brand":[],"product_cat":[700,686],"product_tag":[],"class_list":{"0":"post-23715","1":"product","2":"type-product","3":"status-publish","4":"has-post-thumbnail","6":"product_cat-road-de","7":"product_cat-trikots","8":"pa_gender-herren","10":"first","11":"instock","12":"purchasable","13":"product-type-simple"},"acf":[],"_links":{"self":[{"href":"https:\/\/milremo.com\/de\/wp-json\/wp\/v2\/product\/23715","targetHints":{"allow":["GET"]}}],"collection":[{"href":"https:\/\/milremo.com\/de\/wp-json\/wp\/v2\/product"}],"about":[{"href":"https:\/\/milremo.com\/de\/wp-json\/wp\/v2\/types\/product"}],"wp:featuredmedia":[{"embeddable":true,"href":"https:\/\/milremo.com\/de\/wp-json\/wp\/v2\/media\/19672"}],"wp:attachment":[{"href":"https:\/\/milremo.com\/de\/wp-json\/wp\/v2\/media?parent=23715"}],"wp:term":[{"taxonomy":"product_brand","embeddable":true,"href":"https:\/\/milremo.com\/de\/wp-json\/wp\/v2\/product_brand?post=23715"},{"taxonomy":"product_cat","embeddable":true,"href":"https:\/\/milremo.com\/de\/wp-json\/wp\/v2\/product_cat?post=23715"},{"taxonomy":"product_tag","embeddable":true,"href":"https:\/\/milremo.com\/de\/wp-json\/wp\/v2\/product_tag?post=23715"}],"curies":[{"name":"wp","href":"https:\/\/api.w.org\/{rel}","templated":true}]}}