{"id":23710,"date":"2022-03-29T11:02:32","date_gmt":"2021-07-08T12:24:13","guid":{"rendered":"https:\/\/milremo.com\/products\/endurance-jersey-sleeve-band\/"},"modified":"2021-07-08T12:24:13","modified_gmt":"2021-07-08T12:24:13","slug":"endurance-jersey-sleeve-band","status":"publish","type":"product","link":"https:\/\/milremo.com\/de\/produkt\/endurance-jersey-sleeve-band\/","title":{"rendered":"ENDURANCE JERSEY SLEEVE BAND"},"content":{"rendered":"<p>&#8222;Das ENDURANCE Jersey zeichnet sich durch eine optimale Kombination aus Qualit\u00e4t und Funktion aus. Es bietet alles, was man von einem modernen Fahrradtrikot erwartet, und noch einiges mehr. Das ENDURANCE Jersey ist in zwei verschiedenen Passformen erh\u00e4ltlich, aus denen die Fahrerinnen nach ihren individuellen Vorlieben w\u00e4hlen k\u00f6nnen. Es besteht zu 100% aus schnell trocknendem, dehnbarem Polyestergewebe mit speziell strukturierter Oberfl\u00e4che, das jeder Fahrerin optimalen Tragekomfort gew\u00e4hrt. Die aerodynamisch konstruierten, dehnbaren Lycra-\u00c4rmel sitzen wie eine zweite Haut und erm\u00f6glichen aus-gezeichnete Bewegungsfreiheit. F\u00fcr zus\u00e4tzlichen Halt k\u00f6nnen Sie die \u00c4rmelabschl\u00fcsse im Raw-Cut-Design mit Silikongrippern<br \/>\nauf der Innenseite w\u00e4hlen, die zus\u00e4tzliche Designm\u00f6glichkeiten er\u00f6ffnen. Der durchg\u00e4ngige YKK-Rei\u00dfverschluss bietet dar\u00fcber hinaus hervorragende Bel\u00fcftung an hei\u00dfen Tagen oder bei steilen Kletterpassagen. Zudem \u00fcberzeugt der Taillenbund durch ein individualisierbares, 24 mm breites elastisches Silikonband.  Zudem geh\u00f6rt das ENDURANCE Jersey zu unserer nachhaltigen<br \/>\nKollektion, die aus Recyclingfasern gefertigt wurde.&#8220;<\/p>\n","protected":false},"excerpt":{"rendered":"<p>&#8222;Das ENDURANCE Jersey zeichnet sich durch eine optimale Kombination aus Qualit\u00e4t und Funktion aus. Es bietet alles, was man von einem modernen Fahrradtrikot erwartet, und noch einiges mehr. Das ENDURANCE Jersey ist in zwei verschiedenen Passformen erh\u00e4ltlich, aus denen die Fahrerinnen nach ihren individuellen Vorlieben w\u00e4hlen k\u00f6nnen. Es besteht zu 100% aus schnell trocknendem, dehnbarem [&hellip;]<\/p>\n","protected":false},"featured_media":24486,"template":"","meta":{"_acf_changed":false,"_seopress_robots_primary_cat":"none","_seopress_titles_title":"","_seopress_titles_desc":"","_seopress_robots_index":""},"product_brand":[],"product_cat":[700,686],"product_tag":[594],"class_list":{"0":"post-23710","1":"product","2":"type-product","3":"status-publish","4":"has-post-thumbnail","6":"product_cat-road-de","7":"product_cat-trikots","8":"product_tag-design-online-de","9":"pa_gender-herren","11":"first","12":"instock","13":"purchasable","14":"product-type-simple"},"acf":[],"_links":{"self":[{"href":"https:\/\/milremo.com\/de\/wp-json\/wp\/v2\/product\/23710","targetHints":{"allow":["GET"]}}],"collection":[{"href":"https:\/\/milremo.com\/de\/wp-json\/wp\/v2\/product"}],"about":[{"href":"https:\/\/milremo.com\/de\/wp-json\/wp\/v2\/types\/product"}],"wp:featuredmedia":[{"embeddable":true,"href":"https:\/\/milremo.com\/de\/wp-json\/wp\/v2\/media\/24486"}],"wp:attachment":[{"href":"https:\/\/milremo.com\/de\/wp-json\/wp\/v2\/media?parent=23710"}],"wp:term":[{"taxonomy":"product_brand","embeddable":true,"href":"https:\/\/milremo.com\/de\/wp-json\/wp\/v2\/product_brand?post=23710"},{"taxonomy":"product_cat","embeddable":true,"href":"https:\/\/milremo.com\/de\/wp-json\/wp\/v2\/product_cat?post=23710"},{"taxonomy":"product_tag","embeddable":true,"href":"https:\/\/milremo.com\/de\/wp-json\/wp\/v2\/product_tag?post=23710"}],"curies":[{"name":"wp","href":"https:\/\/api.w.org\/{rel}","templated":true}]}}