{"id":21734,"date":"2022-03-29T11:01:52","date_gmt":"2021-08-21T20:10:52","guid":{"rendered":"https:\/\/milremo.com\/products\/winter-shoe-covers\/"},"modified":"2023-05-22T13:40:43","modified_gmt":"2023-05-22T13:40:43","slug":"winter-shoe-covers","status":"publish","type":"product","link":"https:\/\/milremo.com\/de\/produkt\/winter-shoe-covers\/","title":{"rendered":"WINTER SHOE COVERS"},"content":{"rendered":"<p>Dieser Fahrrad-\u00dcberschuh z\u00e4hlt nicht umsonst zu den beliebtesten Modellen, denn er l\u00e4sst einfach keine W\u00fcnsche offen. Er besteht aus bi-elastischem DWR-Gewebe (regenabweisend) und ist mit einem weichen Fleece-Futter und einer winddichten Membran versehen. Der \u00dcberschuh ist au\u00dferdem extrem dehnbar, damit er \u00fcber allen Schuhmodellen getragen werden kann<\/p>\n","protected":false},"excerpt":{"rendered":"<p>Dieser Fahrrad-\u00dcberschuh z\u00e4hlt nicht umsonst zu den beliebtesten Modellen, denn er l\u00e4sst einfach keine W\u00fcnsche offen. Er besteht aus bi-elastischem DWR-Gewebe (regenabweisend) und ist mit einem weichen Fleece-Futter und einer winddichten Membran versehen. Der \u00dcberschuh ist au\u00dferdem extrem dehnbar, damit er \u00fcber allen Schuhmodellen getragen werden kann<\/p>\n","protected":false},"featured_media":7899,"template":"","meta":{"_acf_changed":false,"_seopress_robots_primary_cat":"","_seopress_titles_title":"","_seopress_titles_desc":"","_seopress_robots_index":""},"product_brand":[],"product_cat":[657],"product_tag":[],"class_list":{"0":"post-21734","1":"product","2":"type-product","3":"status-publish","4":"has-post-thumbnail","6":"product_cat-accessoires-de","8":"first","9":"instock","10":"purchasable","11":"product-type-simple"},"acf":[],"_links":{"self":[{"href":"https:\/\/milremo.com\/de\/wp-json\/wp\/v2\/product\/21734","targetHints":{"allow":["GET"]}}],"collection":[{"href":"https:\/\/milremo.com\/de\/wp-json\/wp\/v2\/product"}],"about":[{"href":"https:\/\/milremo.com\/de\/wp-json\/wp\/v2\/types\/product"}],"wp:featuredmedia":[{"embeddable":true,"href":"https:\/\/milremo.com\/de\/wp-json\/wp\/v2\/media\/7899"}],"wp:attachment":[{"href":"https:\/\/milremo.com\/de\/wp-json\/wp\/v2\/media?parent=21734"}],"wp:term":[{"taxonomy":"product_brand","embeddable":true,"href":"https:\/\/milremo.com\/de\/wp-json\/wp\/v2\/product_brand?post=21734"},{"taxonomy":"product_cat","embeddable":true,"href":"https:\/\/milremo.com\/de\/wp-json\/wp\/v2\/product_cat?post=21734"},{"taxonomy":"product_tag","embeddable":true,"href":"https:\/\/milremo.com\/de\/wp-json\/wp\/v2\/product_tag?post=21734"}],"curies":[{"name":"wp","href":"https:\/\/api.w.org\/{rel}","templated":true}]}}