{"id":21725,"date":"2022-03-29T11:02:32","date_gmt":"2021-08-21T20:10:52","guid":{"rendered":"https:\/\/milremo.com\/products\/cold-weather-gloves\/"},"modified":"2025-10-28T14:05:26","modified_gmt":"2025-10-28T14:05:26","slug":"cold-weather-gloves","status":"publish","type":"product","link":"https:\/\/milremo.com\/de\/produkt\/cold-weather-gloves\/","title":{"rendered":"WINTER GLOVES"},"content":{"rendered":"<p>Ausgestattet mit einem speziellen bi-elastischen Gewebe, einer winddichten Membran und besonders weichem Fleece-Gewebe, sorgt dieser Handschuh bei kaltem Wetter f\u00fcr wohlig warme H\u00e4nde. Dank der DWR-Behandlung bietet er guten Schutz bei schlechten Wetterbedingungen. Weiches, strapazierf\u00e4higes Kunstleder an der Handfl\u00e4che sorgt zudem f\u00fcr sicheren Halt. Der spezielle klettfreie Verschluss passt sich an die Anatomie der Hand an und sorgt so f\u00fcr einen perfekten Sitz und maximalen Komfort.<\/p>\n","protected":false},"excerpt":{"rendered":"<p>Ausgestattet mit einem speziellen bi-elastischen Gewebe, einer winddichten Membran und besonders weichem Fleece-Gewebe, sorgt dieser Handschuh bei kaltem Wetter f\u00fcr wohlig warme H\u00e4nde. Dank der DWR-Behandlung bietet er guten Schutz bei schlechten Wetterbedingungen. Weiches, strapazierf\u00e4higes Kunstleder an der Handfl\u00e4che sorgt zudem f\u00fcr sicheren Halt. Der spezielle klettfreie Verschluss passt sich an die Anatomie der Hand [&hellip;]<\/p>\n","protected":false},"featured_media":8200,"template":"","meta":{"_acf_changed":false,"_seopress_robots_primary_cat":"none","_seopress_titles_title":"","_seopress_titles_desc":"","_seopress_robots_index":""},"product_brand":[],"product_cat":[657],"product_tag":[],"class_list":{"0":"post-21725","1":"product","2":"type-product","3":"status-publish","4":"has-post-thumbnail","6":"product_cat-accessoires-de","8":"first","9":"instock","10":"purchasable","11":"product-type-simple"},"acf":[],"_links":{"self":[{"href":"https:\/\/milremo.com\/de\/wp-json\/wp\/v2\/product\/21725","targetHints":{"allow":["GET"]}}],"collection":[{"href":"https:\/\/milremo.com\/de\/wp-json\/wp\/v2\/product"}],"about":[{"href":"https:\/\/milremo.com\/de\/wp-json\/wp\/v2\/types\/product"}],"wp:featuredmedia":[{"embeddable":true,"href":"https:\/\/milremo.com\/de\/wp-json\/wp\/v2\/media\/8200"}],"wp:attachment":[{"href":"https:\/\/milremo.com\/de\/wp-json\/wp\/v2\/media?parent=21725"}],"wp:term":[{"taxonomy":"product_brand","embeddable":true,"href":"https:\/\/milremo.com\/de\/wp-json\/wp\/v2\/product_brand?post=21725"},{"taxonomy":"product_cat","embeddable":true,"href":"https:\/\/milremo.com\/de\/wp-json\/wp\/v2\/product_cat?post=21725"},{"taxonomy":"product_tag","embeddable":true,"href":"https:\/\/milremo.com\/de\/wp-json\/wp\/v2\/product_tag?post=21725"}],"curies":[{"name":"wp","href":"https:\/\/api.w.org\/{rel}","templated":true}]}}