{"id":21721,"date":"2022-03-29T11:01:52","date_gmt":"2021-08-21T20:10:52","guid":{"rendered":"https:\/\/milremo.com\/products\/speed-summer-gloves\/"},"modified":"2023-05-22T13:40:41","modified_gmt":"2023-05-22T13:40:41","slug":"speed-summer-gloves","status":"publish","type":"product","link":"https:\/\/milremo.com\/de\/produkt\/speed-summer-gloves\/","title":{"rendered":"SPEED SUMMER GLOVES"},"content":{"rendered":"<p>Wir haben ganz genau analysiert, was Radfahrer an der Schnittstelle zwischen Hand und Lenker und Hand und Schaltung ben\u00f6tigen. Dieser Handschuh erf\u00fcllt dank seiner Kombination aus elastischem Gewebe und leichter Unterst\u00fctzung alle Anforderungen. Er ist zudem mit einer extrem weichen und dehnbaren Handfl\u00e4che ausgestattet, die einen au\u00dfergew\u00f6hnlich pr\u00e4zisen Kontakt mit Lenker und Schaltung erm\u00f6glicht. Bei der Entwicklung dieses Handschuhs haben wir ein besonderes Augenmerk auf die L\u00e4nge der Finger gelegt. Der tats\u00e4chlichen Anatomie der Hand entsprechend, haben wir sie unterschiedlich lang konstruiert, sodass der Handschuh eine optimale Passform liefert.<\/p>\n","protected":false},"excerpt":{"rendered":"<p>Wir haben ganz genau analysiert, was Radfahrer an der Schnittstelle zwischen Hand und Lenker und Hand und Schaltung ben\u00f6tigen. Dieser Handschuh erf\u00fcllt dank seiner Kombination aus elastischem Gewebe und leichter Unterst\u00fctzung alle Anforderungen. Er ist zudem mit einer extrem weichen und dehnbaren Handfl\u00e4che ausgestattet, die einen au\u00dfergew\u00f6hnlich pr\u00e4zisen Kontakt mit Lenker und Schaltung erm\u00f6glicht. Bei [&hellip;]<\/p>\n","protected":false},"featured_media":8390,"template":"","meta":{"_acf_changed":false,"_seopress_robots_primary_cat":"","_seopress_titles_title":"","_seopress_titles_desc":"","_seopress_robots_index":""},"product_brand":[],"product_cat":[657],"product_tag":[],"class_list":{"0":"post-21721","1":"product","2":"type-product","3":"status-publish","4":"has-post-thumbnail","6":"product_cat-accessoires-de","8":"first","9":"instock","10":"purchasable","11":"product-type-simple"},"acf":[],"_links":{"self":[{"href":"https:\/\/milremo.com\/de\/wp-json\/wp\/v2\/product\/21721","targetHints":{"allow":["GET"]}}],"collection":[{"href":"https:\/\/milremo.com\/de\/wp-json\/wp\/v2\/product"}],"about":[{"href":"https:\/\/milremo.com\/de\/wp-json\/wp\/v2\/types\/product"}],"wp:featuredmedia":[{"embeddable":true,"href":"https:\/\/milremo.com\/de\/wp-json\/wp\/v2\/media\/8390"}],"wp:attachment":[{"href":"https:\/\/milremo.com\/de\/wp-json\/wp\/v2\/media?parent=21721"}],"wp:term":[{"taxonomy":"product_brand","embeddable":true,"href":"https:\/\/milremo.com\/de\/wp-json\/wp\/v2\/product_brand?post=21721"},{"taxonomy":"product_cat","embeddable":true,"href":"https:\/\/milremo.com\/de\/wp-json\/wp\/v2\/product_cat?post=21721"},{"taxonomy":"product_tag","embeddable":true,"href":"https:\/\/milremo.com\/de\/wp-json\/wp\/v2\/product_tag?post=21721"}],"curies":[{"name":"wp","href":"https:\/\/api.w.org\/{rel}","templated":true}]}}