{"id":21713,"date":"2022-03-29T11:01:52","date_gmt":"2022-03-25T14:53:27","guid":{"rendered":"https:\/\/milremo.com\/products\/leg-warmers-insert-panel-printed\/"},"modified":"2023-05-22T13:40:36","modified_gmt":"2023-05-22T13:40:36","slug":"leg-warmers-insert-panel-printed","status":"publish","type":"product","link":"https:\/\/milremo.com\/de\/produkt\/leg-warmers-insert-panel-printed\/","title":{"rendered":"LEG WARMERS"},"content":{"rendered":"<p>Diese Beinlinge bestehen aus Thermogewebe. Das farbige Material ist in verschiedenen Farben erh\u00e4ltlich und die bedruckte Kn\u00f6chelpartie kann individuell gestaltet werden. Sie sind au\u00dferdem mit Silikongrippern ausgestattet, die f\u00fcr einen rutschfreien Sitz sorgen.<\/p>\n","protected":false},"excerpt":{"rendered":"<p>Diese Beinlinge bestehen aus Thermogewebe. Das farbige Material ist in verschiedenen Farben erh\u00e4ltlich und die bedruckte Kn\u00f6chelpartie kann individuell gestaltet werden. Sie sind au\u00dferdem mit Silikongrippern ausgestattet, die f\u00fcr einen rutschfreien Sitz sorgen.<\/p>\n","protected":false},"featured_media":497,"template":"","meta":{"_acf_changed":false,"_seopress_robots_primary_cat":"","_seopress_titles_title":"","_seopress_titles_desc":"","_seopress_robots_index":""},"product_brand":[],"product_cat":[657],"product_tag":[],"class_list":{"0":"post-21713","1":"product","2":"type-product","3":"status-publish","4":"has-post-thumbnail","6":"product_cat-accessoires-de","8":"first","9":"instock","10":"purchasable","11":"product-type-simple"},"acf":[],"_links":{"self":[{"href":"https:\/\/milremo.com\/de\/wp-json\/wp\/v2\/product\/21713","targetHints":{"allow":["GET"]}}],"collection":[{"href":"https:\/\/milremo.com\/de\/wp-json\/wp\/v2\/product"}],"about":[{"href":"https:\/\/milremo.com\/de\/wp-json\/wp\/v2\/types\/product"}],"wp:featuredmedia":[{"embeddable":true,"href":"https:\/\/milremo.com\/de\/wp-json\/wp\/v2\/media\/497"}],"wp:attachment":[{"href":"https:\/\/milremo.com\/de\/wp-json\/wp\/v2\/media?parent=21713"}],"wp:term":[{"taxonomy":"product_brand","embeddable":true,"href":"https:\/\/milremo.com\/de\/wp-json\/wp\/v2\/product_brand?post=21713"},{"taxonomy":"product_cat","embeddable":true,"href":"https:\/\/milremo.com\/de\/wp-json\/wp\/v2\/product_cat?post=21713"},{"taxonomy":"product_tag","embeddable":true,"href":"https:\/\/milremo.com\/de\/wp-json\/wp\/v2\/product_tag?post=21713"}],"curies":[{"name":"wp","href":"https:\/\/api.w.org\/{rel}","templated":true}]}}