{"id":21706,"date":"2022-03-29T11:01:52","date_gmt":"2022-03-25T14:52:58","guid":{"rendered":"https:\/\/milremo.com\/products\/colsino-neck-gaitor\/"},"modified":"2023-05-22T13:40:36","modified_gmt":"2023-05-22T13:40:36","slug":"colsino-neck-gaitor","status":"publish","type":"product","link":"https:\/\/milremo.com\/de\/produkt\/colsino-neck-gaitor\/","title":{"rendered":"NECK WARMER"},"content":{"rendered":"<p>Dieses Schlauchtuch sch\u00fctzt den Hals an k\u00fchlen Tagen vor der K\u00e4lte und bietet dank der nahtfreien Konstruktion au\u00dfergew\u00f6hnlichen Tragekomfort. Das Tuch kann vielf\u00e4ltig genutzt werden, z.B. als Hut, Maske, Haarband, Schal, Armband, Piratenhut und Balaclava.<\/p>\n","protected":false},"excerpt":{"rendered":"<p>Dieses Schlauchtuch sch\u00fctzt den Hals an k\u00fchlen Tagen vor der K\u00e4lte und bietet dank der nahtfreien Konstruktion au\u00dfergew\u00f6hnlichen Tragekomfort. Das Tuch kann vielf\u00e4ltig genutzt werden, z.B. als Hut, Maske, Haarband, Schal, Armband, Piratenhut und Balaclava.<\/p>\n","protected":false},"featured_media":24101,"template":"","meta":{"_acf_changed":false,"_seopress_robots_primary_cat":"","_seopress_titles_title":"","_seopress_titles_desc":"","_seopress_robots_index":""},"product_brand":[],"product_cat":[657],"product_tag":[],"class_list":{"0":"post-21706","1":"product","2":"type-product","3":"status-publish","4":"has-post-thumbnail","6":"product_cat-accessoires-de","8":"first","9":"instock","10":"purchasable","11":"product-type-simple"},"acf":[],"_links":{"self":[{"href":"https:\/\/milremo.com\/de\/wp-json\/wp\/v2\/product\/21706","targetHints":{"allow":["GET"]}}],"collection":[{"href":"https:\/\/milremo.com\/de\/wp-json\/wp\/v2\/product"}],"about":[{"href":"https:\/\/milremo.com\/de\/wp-json\/wp\/v2\/types\/product"}],"wp:featuredmedia":[{"embeddable":true,"href":"https:\/\/milremo.com\/de\/wp-json\/wp\/v2\/media\/24101"}],"wp:attachment":[{"href":"https:\/\/milremo.com\/de\/wp-json\/wp\/v2\/media?parent=21706"}],"wp:term":[{"taxonomy":"product_brand","embeddable":true,"href":"https:\/\/milremo.com\/de\/wp-json\/wp\/v2\/product_brand?post=21706"},{"taxonomy":"product_cat","embeddable":true,"href":"https:\/\/milremo.com\/de\/wp-json\/wp\/v2\/product_cat?post=21706"},{"taxonomy":"product_tag","embeddable":true,"href":"https:\/\/milremo.com\/de\/wp-json\/wp\/v2\/product_tag?post=21706"}],"curies":[{"name":"wp","href":"https:\/\/api.w.org\/{rel}","templated":true}]}}