{"id":21702,"date":"2022-03-29T11:01:52","date_gmt":"2022-03-25T14:52:58","guid":{"rendered":"https:\/\/milremo.com\/products\/cycling-cap\/"},"modified":"2023-05-22T13:40:35","modified_gmt":"2023-05-22T13:40:35","slug":"bandana","status":"publish","type":"product","link":"https:\/\/milremo.com\/de\/produkt\/bandana\/","title":{"rendered":"CYCLING CAP"},"content":{"rendered":"<p>Sieht sowohl bei der Fahrt als auch abseits des Bikes gro\u00dfartig aus. Diese radsportspezifische M\u00fctze ist unverzichtbares Zubeh\u00f6r und individualisierbarer Klassiker in einem. Sie kann unter einem Helm getragen werden, um den Kopf und die Augen vor der Sonne zu sch\u00fctzen, oder im Winter als w\u00e4rmende Extraschicht. Sie ist vollst\u00e4ndig sublimierbar, sodass das Design auf das Trikot abgestimmt werden kann.<\/p>\n","protected":false},"excerpt":{"rendered":"<p>Sieht sowohl bei der Fahrt als auch abseits des Bikes gro\u00dfartig aus. Diese radsportspezifische M\u00fctze ist unverzichtbares Zubeh\u00f6r und individualisierbarer Klassiker in einem. Sie kann unter einem Helm getragen werden, um den Kopf und die Augen vor der Sonne zu sch\u00fctzen, oder im Winter als w\u00e4rmende Extraschicht. Sie ist vollst\u00e4ndig sublimierbar, sodass das Design auf [&hellip;]<\/p>\n","protected":false},"featured_media":24468,"template":"","meta":{"_acf_changed":false,"_seopress_robots_primary_cat":"","_seopress_titles_title":"","_seopress_titles_desc":"","_seopress_robots_index":""},"product_brand":[],"product_cat":[657],"product_tag":[],"class_list":{"0":"post-21702","1":"product","2":"type-product","3":"status-publish","4":"has-post-thumbnail","6":"product_cat-accessoires-de","8":"first","9":"instock","10":"purchasable","11":"product-type-simple"},"acf":[],"_links":{"self":[{"href":"https:\/\/milremo.com\/de\/wp-json\/wp\/v2\/product\/21702","targetHints":{"allow":["GET"]}}],"collection":[{"href":"https:\/\/milremo.com\/de\/wp-json\/wp\/v2\/product"}],"about":[{"href":"https:\/\/milremo.com\/de\/wp-json\/wp\/v2\/types\/product"}],"wp:featuredmedia":[{"embeddable":true,"href":"https:\/\/milremo.com\/de\/wp-json\/wp\/v2\/media\/24468"}],"wp:attachment":[{"href":"https:\/\/milremo.com\/de\/wp-json\/wp\/v2\/media?parent=21702"}],"wp:term":[{"taxonomy":"product_brand","embeddable":true,"href":"https:\/\/milremo.com\/de\/wp-json\/wp\/v2\/product_brand?post=21702"},{"taxonomy":"product_cat","embeddable":true,"href":"https:\/\/milremo.com\/de\/wp-json\/wp\/v2\/product_cat?post=21702"},{"taxonomy":"product_tag","embeddable":true,"href":"https:\/\/milremo.com\/de\/wp-json\/wp\/v2\/product_tag?post=21702"}],"curies":[{"name":"wp","href":"https:\/\/api.w.org\/{rel}","templated":true}]}}