{"id":21699,"date":"2022-03-29T11:01:52","date_gmt":"2022-03-25T14:52:58","guid":{"rendered":"https:\/\/milremo.com\/products\/kids-short-l-shape-panel\/"},"modified":"2023-05-22T13:40:33","modified_gmt":"2023-05-22T13:40:33","slug":"kids-short-l-shape-panel","status":"publish","type":"product","link":"https:\/\/milremo.com\/de\/produkt\/kids-short-l-shape-panel\/","title":{"rendered":"K SPORT SHORT"},"content":{"rendered":"<p>Unsere Kindershorts sind in vier Gr\u00f6\u00dfen erh\u00e4ltlich. Diese Variante verf\u00fcgt \u00fcber L-f\u00f6rmige Seitenbahnen. Sie sind bedruckbar und verlaufen \u00fcber die gesamte Breite des Beins, sodass eine noch gr\u00f6\u00dfere Fl\u00e4che f\u00fcr Logos oder Grafiken zur Verf\u00fcgung steht.<\/p>\n","protected":false},"excerpt":{"rendered":"<p>Unsere Kindershorts sind in vier Gr\u00f6\u00dfen erh\u00e4ltlich. Diese Variante verf\u00fcgt \u00fcber L-f\u00f6rmige Seitenbahnen. Sie sind bedruckbar und verlaufen \u00fcber die gesamte Breite des Beins, sodass eine noch gr\u00f6\u00dfere Fl\u00e4che f\u00fcr Logos oder Grafiken zur Verf\u00fcgung steht.<\/p>\n","protected":false},"featured_media":25765,"template":"","meta":{"_acf_changed":false,"_seopress_robots_primary_cat":"none","_seopress_titles_title":"","_seopress_titles_desc":"","_seopress_robots_index":""},"product_brand":[],"product_cat":[700,682],"product_tag":[],"class_list":{"0":"post-21699","1":"product","2":"type-product","3":"status-publish","4":"has-post-thumbnail","6":"product_cat-road-de","7":"product_cat-shorts-bibs-de","8":"pa_gender-kids-de","10":"first","11":"instock","12":"purchasable","13":"product-type-simple"},"acf":[],"_links":{"self":[{"href":"https:\/\/milremo.com\/de\/wp-json\/wp\/v2\/product\/21699","targetHints":{"allow":["GET"]}}],"collection":[{"href":"https:\/\/milremo.com\/de\/wp-json\/wp\/v2\/product"}],"about":[{"href":"https:\/\/milremo.com\/de\/wp-json\/wp\/v2\/types\/product"}],"wp:featuredmedia":[{"embeddable":true,"href":"https:\/\/milremo.com\/de\/wp-json\/wp\/v2\/media\/25765"}],"wp:attachment":[{"href":"https:\/\/milremo.com\/de\/wp-json\/wp\/v2\/media?parent=21699"}],"wp:term":[{"taxonomy":"product_brand","embeddable":true,"href":"https:\/\/milremo.com\/de\/wp-json\/wp\/v2\/product_brand?post=21699"},{"taxonomy":"product_cat","embeddable":true,"href":"https:\/\/milremo.com\/de\/wp-json\/wp\/v2\/product_cat?post=21699"},{"taxonomy":"product_tag","embeddable":true,"href":"https:\/\/milremo.com\/de\/wp-json\/wp\/v2\/product_tag?post=21699"}],"curies":[{"name":"wp","href":"https:\/\/api.w.org\/{rel}","templated":true}]}}