{"id":21697,"date":"2022-03-29T11:01:06","date_gmt":"2022-03-25T14:52:31","guid":{"rendered":"https:\/\/milremo.com\/products\/stowaway-xc-vest\/"},"modified":"2023-05-22T13:40:18","modified_gmt":"2023-05-22T13:40:18","slug":"stowaway-xc-vest","status":"publish","type":"product","link":"https:\/\/milremo.com\/de\/produkt\/stowaway-xc-vest\/","title":{"rendered":"STOWAWAY XC VEST"},"content":{"rendered":"<p>Diese federleichte, extrem klein komprimierbare Jacke besteht aus ultrad\u00fcnnem Polyester. Das Gewebe gew\u00e4hrt ausgezeichnete Atmungsaktivit\u00e4t und verhindert gleichzeitig, dass der Rumpf bei Abfahrten ausk\u00fchlt. Die kleine RV-R\u00fcckentasche bietet zudem Platz f\u00fcr ein Handy und alles, was sonst noch w\u00e4hrend der Fahrt ben\u00f6tigt wird. Auf der Innenseite befindet sich dar\u00fcber hinaus eine zus\u00e4tzliche kleine Tasche, in der die Weste verstaut werden kann.<\/p>\n","protected":false},"excerpt":{"rendered":"<p>Diese federleichte, extrem klein komprimierbare Jacke besteht aus ultrad\u00fcnnem Polyester. Das Gewebe gew\u00e4hrt ausgezeichnete Atmungsaktivit\u00e4t und verhindert gleichzeitig, dass der Rumpf bei Abfahrten ausk\u00fchlt. Die kleine RV-R\u00fcckentasche bietet zudem Platz f\u00fcr ein Handy und alles, was sonst noch w\u00e4hrend der Fahrt ben\u00f6tigt wird. Auf der Innenseite befindet sich dar\u00fcber hinaus eine zus\u00e4tzliche kleine Tasche, in [&hellip;]<\/p>\n","protected":false},"featured_media":19696,"template":"","meta":{"_acf_changed":false,"_seopress_robots_primary_cat":"","_seopress_titles_title":"","_seopress_titles_desc":"","_seopress_robots_index":""},"product_brand":[],"product_cat":[695,705],"product_tag":[],"class_list":{"0":"post-21697","1":"product","2":"type-product","3":"status-publish","4":"has-post-thumbnail","6":"product_cat-jackets-vests-de","7":"product_cat-mtb-de","8":"pa_gender-herren","10":"first","11":"instock","12":"purchasable","13":"product-type-simple"},"acf":[],"_links":{"self":[{"href":"https:\/\/milremo.com\/de\/wp-json\/wp\/v2\/product\/21697","targetHints":{"allow":["GET"]}}],"collection":[{"href":"https:\/\/milremo.com\/de\/wp-json\/wp\/v2\/product"}],"about":[{"href":"https:\/\/milremo.com\/de\/wp-json\/wp\/v2\/types\/product"}],"wp:featuredmedia":[{"embeddable":true,"href":"https:\/\/milremo.com\/de\/wp-json\/wp\/v2\/media\/19696"}],"wp:attachment":[{"href":"https:\/\/milremo.com\/de\/wp-json\/wp\/v2\/media?parent=21697"}],"wp:term":[{"taxonomy":"product_brand","embeddable":true,"href":"https:\/\/milremo.com\/de\/wp-json\/wp\/v2\/product_brand?post=21697"},{"taxonomy":"product_cat","embeddable":true,"href":"https:\/\/milremo.com\/de\/wp-json\/wp\/v2\/product_cat?post=21697"},{"taxonomy":"product_tag","embeddable":true,"href":"https:\/\/milremo.com\/de\/wp-json\/wp\/v2\/product_tag?post=21697"}],"curies":[{"name":"wp","href":"https:\/\/api.w.org\/{rel}","templated":true}]}}