{"id":21695,"date":"2022-03-29T11:01:06","date_gmt":"2022-03-25T14:52:31","guid":{"rendered":"https:\/\/milremo.com\/products\/hoodie-jacket\/"},"modified":"2023-05-22T13:40:21","modified_gmt":"2023-05-22T13:40:21","slug":"hoodie-jacket","status":"publish","type":"product","link":"https:\/\/milremo.com\/de\/produkt\/hoodie-jacket\/","title":{"rendered":"HOODIE JACKET"},"content":{"rendered":"<p>Diese Kapuzenjacke sorgt auch abseits des Bikes f\u00fcr einen einheitlichen Teamauftritt. Die vielseitige L\u00f6sung macht bei vielen verschiedenen Aktivit\u00e4ten eine gute Figur, so zum Beispiel beim Workout, bei Aktivit\u00e4ten nach dem Rennen oder als Oberteil zum \u00dcberziehen vor oder nach der n\u00e4chsten Fahrt. Das weiche Thermomaterial gew\u00e4hrt genau die richtige Menge an W\u00e4rme f\u00fcr k\u00fchle Stunden, w\u00e4hrend in den beiden RV-Seitentaschen pers\u00f6nliche Gegenst\u00e4nde sicher verstaut werden k\u00f6nnen.<\/p>\n","protected":false},"excerpt":{"rendered":"<p>Diese Kapuzenjacke sorgt auch abseits des Bikes f\u00fcr einen einheitlichen Teamauftritt. Die vielseitige L\u00f6sung macht bei vielen verschiedenen Aktivit\u00e4ten eine gute Figur, so zum Beispiel beim Workout, bei Aktivit\u00e4ten nach dem Rennen oder als Oberteil zum \u00dcberziehen vor oder nach der n\u00e4chsten Fahrt. Das weiche Thermomaterial gew\u00e4hrt genau die richtige Menge an W\u00e4rme f\u00fcr k\u00fchle [&hellip;]<\/p>\n","protected":false},"featured_media":19720,"template":"","meta":{"_acf_changed":false,"_seopress_robots_primary_cat":"","_seopress_titles_title":"","_seopress_titles_desc":"","_seopress_robots_index":""},"product_brand":[],"product_cat":[695,705,699],"product_tag":[],"class_list":{"0":"post-21695","1":"product","2":"type-product","3":"status-publish","4":"has-post-thumbnail","6":"product_cat-jackets-vests-de","7":"product_cat-mtb-de","8":"product_cat-multisport-de","9":"pa_gender-herren","11":"first","12":"instock","13":"purchasable","14":"product-type-simple"},"acf":[],"_links":{"self":[{"href":"https:\/\/milremo.com\/de\/wp-json\/wp\/v2\/product\/21695","targetHints":{"allow":["GET"]}}],"collection":[{"href":"https:\/\/milremo.com\/de\/wp-json\/wp\/v2\/product"}],"about":[{"href":"https:\/\/milremo.com\/de\/wp-json\/wp\/v2\/types\/product"}],"wp:featuredmedia":[{"embeddable":true,"href":"https:\/\/milremo.com\/de\/wp-json\/wp\/v2\/media\/19720"}],"wp:attachment":[{"href":"https:\/\/milremo.com\/de\/wp-json\/wp\/v2\/media?parent=21695"}],"wp:term":[{"taxonomy":"product_brand","embeddable":true,"href":"https:\/\/milremo.com\/de\/wp-json\/wp\/v2\/product_brand?post=21695"},{"taxonomy":"product_cat","embeddable":true,"href":"https:\/\/milremo.com\/de\/wp-json\/wp\/v2\/product_cat?post=21695"},{"taxonomy":"product_tag","embeddable":true,"href":"https:\/\/milremo.com\/de\/wp-json\/wp\/v2\/product_tag?post=21695"}],"curies":[{"name":"wp","href":"https:\/\/api.w.org\/{rel}","templated":true}]}}