{"id":21684,"date":"2022-03-29T11:01:52","date_gmt":"2022-03-25T14:52:58","guid":{"rendered":"https:\/\/milremo.com\/products\/multisport-tec-t\/"},"modified":"2023-05-22T13:40:32","modified_gmt":"2023-05-22T13:40:32","slug":"multisport-tec-t-2","status":"publish","type":"product","link":"https:\/\/milremo.com\/de\/produkt\/multisport-tec-t-2\/","title":{"rendered":"TEC T JERSEY"},"content":{"rendered":"<p>Dieses vielseitige, funktionale Rundhalsshirt macht bei vielen verschiedenen Aktivit\u00e4ten eine gute Figur und \u00fcberzeugt nicht nur bei Laufen, sondern auch als Teamoutfit beim Workout, bei Aktivit\u00e4ten nach dem Rennen oder als Oberteil zum \u00dcberziehen vor oder nach der n\u00e4chsten Fahrt.<\/p>\n","protected":false},"excerpt":{"rendered":"<p>Dieses vielseitige, funktionale Rundhalsshirt macht bei vielen verschiedenen Aktivit\u00e4ten eine gute Figur und \u00fcberzeugt nicht nur bei Laufen, sondern auch als Teamoutfit beim Workout, bei Aktivit\u00e4ten nach dem Rennen oder als Oberteil zum \u00dcberziehen vor oder nach der n\u00e4chsten Fahrt.<\/p>\n","protected":false},"featured_media":23317,"template":"","meta":{"_acf_changed":false,"_seopress_robots_primary_cat":"","_seopress_titles_title":"","_seopress_titles_desc":"","_seopress_robots_index":""},"product_brand":[],"product_cat":[699,686],"product_tag":[],"class_list":{"0":"post-21684","1":"product","2":"type-product","3":"status-publish","4":"has-post-thumbnail","6":"product_cat-multisport-de","7":"product_cat-trikots","8":"pa_gender-damen","10":"first","11":"instock","12":"purchasable","13":"product-type-simple"},"acf":[],"_links":{"self":[{"href":"https:\/\/milremo.com\/de\/wp-json\/wp\/v2\/product\/21684","targetHints":{"allow":["GET"]}}],"collection":[{"href":"https:\/\/milremo.com\/de\/wp-json\/wp\/v2\/product"}],"about":[{"href":"https:\/\/milremo.com\/de\/wp-json\/wp\/v2\/types\/product"}],"wp:featuredmedia":[{"embeddable":true,"href":"https:\/\/milremo.com\/de\/wp-json\/wp\/v2\/media\/23317"}],"wp:attachment":[{"href":"https:\/\/milremo.com\/de\/wp-json\/wp\/v2\/media?parent=21684"}],"wp:term":[{"taxonomy":"product_brand","embeddable":true,"href":"https:\/\/milremo.com\/de\/wp-json\/wp\/v2\/product_brand?post=21684"},{"taxonomy":"product_cat","embeddable":true,"href":"https:\/\/milremo.com\/de\/wp-json\/wp\/v2\/product_cat?post=21684"},{"taxonomy":"product_tag","embeddable":true,"href":"https:\/\/milremo.com\/de\/wp-json\/wp\/v2\/product_tag?post=21684"}],"curies":[{"name":"wp","href":"https:\/\/api.w.org\/{rel}","templated":true}]}}