{"id":21681,"date":"2022-03-29T11:02:32","date_gmt":"2022-03-25T14:53:27","guid":{"rendered":"https:\/\/milremo.com\/products\/triathlon-long-distance-suit\/"},"modified":"2023-05-22T13:40:14","modified_gmt":"2023-05-22T13:40:14","slug":"triathlon-long-distance-suit","status":"publish","type":"product","link":"https:\/\/milremo.com\/de\/produkt\/triathlon-long-distance-suit\/","title":{"rendered":"TRIATHLON LONG DISTANCE SUIT"},"content":{"rendered":"<p>Der Triathlon-Anzug von Milremo wurde f\u00fcr Spitzenzeiten bei der Disziplin Radfahren entwickelt. Er ist vielseitig individualisierbar und bringt dank seines spezifischen Schnitts volle Leistung bei der Fahrt, egal wie lang die Strecke ist. Dabei meistert er m\u00fchelos den Spagat zwischen Kompression und Komfort. Das Oberteil im Trikot-Design ist mit einem durchg\u00e4ngigen Rei\u00dfverschluss ausgestattet, der eine unkomplizierte Bel\u00fcftung erm\u00f6glicht, und auf der R\u00fcckseite ist eine Tasche angebracht, in der wichtiges Zubeh\u00f6r bequem verstaut werden kann. Als besonderes Feature kann die Tasche sogar mit Ihrem Wunschnamen versehen werden. Und falls etwas mehr Stauraum f\u00fcr Energieriegel ben\u00f6tigt wird, ist der Anzug auch mit zwei zus\u00e4tzlichen Seitentaschen erh\u00e4ltlich. Die Shorts punktet mit einem triathlonspezifischen Polster und nahtfreien Beinabschl\u00fcssen, die optimalen Komfort gew\u00e4hren.<\/p>\n","protected":false},"excerpt":{"rendered":"<p>Der Triathlon-Anzug von Milremo wurde f\u00fcr Spitzenzeiten bei der Disziplin Radfahren entwickelt. Er ist vielseitig individualisierbar und bringt dank seines spezifischen Schnitts volle Leistung bei der Fahrt, egal wie lang die Strecke ist. Dabei meistert er m\u00fchelos den Spagat zwischen Kompression und Komfort. Das Oberteil im Trikot-Design ist mit einem durchg\u00e4ngigen Rei\u00dfverschluss ausgestattet, der eine [&hellip;]<\/p>\n","protected":false},"featured_media":19704,"template":"","meta":{"_acf_changed":false,"_seopress_robots_primary_cat":"","_seopress_titles_title":"","_seopress_titles_desc":"","_seopress_robots_index":""},"product_brand":[],"product_cat":[668,708],"product_tag":[],"class_list":{"0":"post-21681","1":"product","2":"type-product","3":"status-publish","4":"has-post-thumbnail","6":"product_cat-suits-de","7":"product_cat-triathlon-de","9":"first","10":"instock","11":"purchasable","12":"product-type-simple"},"acf":[],"_links":{"self":[{"href":"https:\/\/milremo.com\/de\/wp-json\/wp\/v2\/product\/21681","targetHints":{"allow":["GET"]}}],"collection":[{"href":"https:\/\/milremo.com\/de\/wp-json\/wp\/v2\/product"}],"about":[{"href":"https:\/\/milremo.com\/de\/wp-json\/wp\/v2\/types\/product"}],"wp:featuredmedia":[{"embeddable":true,"href":"https:\/\/milremo.com\/de\/wp-json\/wp\/v2\/media\/19704"}],"wp:attachment":[{"href":"https:\/\/milremo.com\/de\/wp-json\/wp\/v2\/media?parent=21681"}],"wp:term":[{"taxonomy":"product_brand","embeddable":true,"href":"https:\/\/milremo.com\/de\/wp-json\/wp\/v2\/product_brand?post=21681"},{"taxonomy":"product_cat","embeddable":true,"href":"https:\/\/milremo.com\/de\/wp-json\/wp\/v2\/product_cat?post=21681"},{"taxonomy":"product_tag","embeddable":true,"href":"https:\/\/milremo.com\/de\/wp-json\/wp\/v2\/product_tag?post=21681"}],"curies":[{"name":"wp","href":"https:\/\/api.w.org\/{rel}","templated":true}]}}