{"id":21678,"date":"2022-03-29T11:01:06","date_gmt":"2022-03-25T14:52:31","guid":{"rendered":"https:\/\/milremo.com\/products\/wind-breaker\/"},"modified":"2023-05-22T13:40:09","modified_gmt":"2023-05-22T13:40:09","slug":"wind-breaker","status":"publish","type":"product","link":"https:\/\/milremo.com\/de\/produkt\/wind-breaker\/","title":{"rendered":"WINDBREAKER"},"content":{"rendered":"<p>Diese leichte Fahrrad-Windjacke sch\u00fctzt verl\u00e4sslich vor schlechtem Wetter und W\u00e4rmeverlust durch Wind und Regen. Sie ist mit drei R\u00fcckentaschen ausgestattet, die gro\u00dfz\u00fcgigen Stauraum f\u00fcr alles bieten, was w\u00e4hrend der Fahrt ben\u00f6tigt wird.<\/p>\n","protected":false},"excerpt":{"rendered":"<p>Diese leichte Fahrrad-Windjacke sch\u00fctzt verl\u00e4sslich vor schlechtem Wetter und W\u00e4rmeverlust durch Wind und Regen. Sie ist mit drei R\u00fcckentaschen ausgestattet, die gro\u00dfz\u00fcgigen Stauraum f\u00fcr alles bieten, was w\u00e4hrend der Fahrt ben\u00f6tigt wird.<\/p>\n","protected":false},"featured_media":24056,"template":"","meta":{"_acf_changed":false,"_seopress_robots_primary_cat":"none","_seopress_titles_title":"","_seopress_titles_desc":"","_seopress_robots_index":""},"product_brand":[],"product_cat":[695,700],"product_tag":[],"class_list":{"0":"post-21678","1":"product","2":"type-product","3":"status-publish","4":"has-post-thumbnail","6":"product_cat-jackets-vests-de","7":"product_cat-road-de","9":"first","10":"instock","11":"purchasable","12":"product-type-simple"},"acf":[],"_links":{"self":[{"href":"https:\/\/milremo.com\/de\/wp-json\/wp\/v2\/product\/21678","targetHints":{"allow":["GET"]}}],"collection":[{"href":"https:\/\/milremo.com\/de\/wp-json\/wp\/v2\/product"}],"about":[{"href":"https:\/\/milremo.com\/de\/wp-json\/wp\/v2\/types\/product"}],"wp:featuredmedia":[{"embeddable":true,"href":"https:\/\/milremo.com\/de\/wp-json\/wp\/v2\/media\/24056"}],"wp:attachment":[{"href":"https:\/\/milremo.com\/de\/wp-json\/wp\/v2\/media?parent=21678"}],"wp:term":[{"taxonomy":"product_brand","embeddable":true,"href":"https:\/\/milremo.com\/de\/wp-json\/wp\/v2\/product_brand?post=21678"},{"taxonomy":"product_cat","embeddable":true,"href":"https:\/\/milremo.com\/de\/wp-json\/wp\/v2\/product_cat?post=21678"},{"taxonomy":"product_tag","embeddable":true,"href":"https:\/\/milremo.com\/de\/wp-json\/wp\/v2\/product_tag?post=21678"}],"curies":[{"name":"wp","href":"https:\/\/api.w.org\/{rel}","templated":true}]}}