{"id":21673,"date":"2022-03-29T11:00:20","date_gmt":"2022-03-25T14:52:03","guid":{"rendered":"https:\/\/milremo.com\/products\/endurance-sleeveless-jersey\/"},"modified":"2023-05-22T13:39:58","modified_gmt":"2023-05-22T13:39:58","slug":"endurance-sleeveless-jersey","status":"publish","type":"product","link":"https:\/\/milremo.com\/de\/produkt\/endurance-sleeveless-jersey\/","title":{"rendered":"ENDURANCE SLEEVELESS JERSEY"},"content":{"rendered":"<p>Das ENDURANCE Jersey zeichnet sich durch eine optimale Kombination aus Qualit\u00e4t und Funktion aus. Es bietet alles, was man von einem modernen Fahrradtrikot erwartet, und noch einiges mehr. Diese \u00e4rmellose Variante wurde speziell f\u00fcr warme Tage entwickelt, an denen zus\u00e4tzliche Bel\u00fcftung ben\u00f6tigt wird. Es besteht zu 100% aus schnell trocknendem, dehnbarem Polyestergewebe mit speziell strukturierter Oberfl\u00e4che, das jedem Fahrer optimalen Tragekomfort gew\u00e4hrt.<\/p>\n","protected":false},"excerpt":{"rendered":"<p>Das ENDURANCE Jersey zeichnet sich durch eine optimale Kombination aus Qualit\u00e4t und Funktion aus. Es bietet alles, was man von einem modernen Fahrradtrikot erwartet, und noch einiges mehr. Diese \u00e4rmellose Variante wurde speziell f\u00fcr warme Tage entwickelt, an denen zus\u00e4tzliche Bel\u00fcftung ben\u00f6tigt wird. Es besteht zu 100% aus schnell trocknendem, dehnbarem Polyestergewebe mit speziell strukturierter [&hellip;]<\/p>\n","protected":false},"featured_media":24566,"template":"","meta":{"_acf_changed":false,"_seopress_robots_primary_cat":"none","_seopress_titles_title":"","_seopress_titles_desc":"","_seopress_robots_index":""},"product_brand":[],"product_cat":[700,686],"product_tag":[],"class_list":{"0":"post-21673","1":"product","2":"type-product","3":"status-publish","4":"has-post-thumbnail","6":"product_cat-road-de","7":"product_cat-trikots","8":"pa_gender-herren","10":"first","11":"instock","12":"purchasable","13":"product-type-simple"},"acf":[],"_links":{"self":[{"href":"https:\/\/milremo.com\/de\/wp-json\/wp\/v2\/product\/21673","targetHints":{"allow":["GET"]}}],"collection":[{"href":"https:\/\/milremo.com\/de\/wp-json\/wp\/v2\/product"}],"about":[{"href":"https:\/\/milremo.com\/de\/wp-json\/wp\/v2\/types\/product"}],"wp:featuredmedia":[{"embeddable":true,"href":"https:\/\/milremo.com\/de\/wp-json\/wp\/v2\/media\/24566"}],"wp:attachment":[{"href":"https:\/\/milremo.com\/de\/wp-json\/wp\/v2\/media?parent=21673"}],"wp:term":[{"taxonomy":"product_brand","embeddable":true,"href":"https:\/\/milremo.com\/de\/wp-json\/wp\/v2\/product_brand?post=21673"},{"taxonomy":"product_cat","embeddable":true,"href":"https:\/\/milremo.com\/de\/wp-json\/wp\/v2\/product_cat?post=21673"},{"taxonomy":"product_tag","embeddable":true,"href":"https:\/\/milremo.com\/de\/wp-json\/wp\/v2\/product_tag?post=21673"}],"curies":[{"name":"wp","href":"https:\/\/api.w.org\/{rel}","templated":true}]}}