{"id":21664,"date":"2022-03-29T11:01:06","date_gmt":"2022-03-25T14:52:31","guid":{"rendered":"https:\/\/milremo.com\/products\/criterium-jersey\/"},"modified":"2023-05-22T13:40:22","modified_gmt":"2023-05-22T13:40:22","slug":"criterium-jersey-2","status":"publish","type":"product","link":"https:\/\/milremo.com\/de\/produkt\/criterium-jersey-2\/","title":{"rendered":"CRITERIUM JERSEY"},"content":{"rendered":"<p>Das W CRITERIUM Jersey ist ein aerodynamisches Renntrikot, das f\u00fcr blitzschnelle Trainingsfahrten und Kriterien konzipiert wurde. Seine hochmoderne, auf den Wettkampf ausgelegte Passform verringert den Luftwiderstand auf ein absolutes Minimum und erm\u00f6glicht so rasante Geschwindigkeiten auf der Stra\u00dfe, w\u00e4hrend das extrem dehnbare Gewebe uneingeschr\u00e4nkte Bewegungsfreiheit beim Sprinten im Wiegetritt gew\u00e4hrt. Dazu kommt eine halblange \u00c4rmelkonstruktion aus dehnbarem Material, die den Arm in der Fahrposition wie eine zweite Haut umschlie\u00dft, sodass der Fahrer beim \u00dcberholen nicht von flatterndem Material abgelenkt wird. An hei\u00dfen Tagen gew\u00e4hren die Seitenpartien aus Mesh ausgezeichnete Atmungsaktivit\u00e4t und Bel\u00fcftung, und wenn ein Maximum an K\u00fchlung durch den Fahrtwind ben\u00f6tigt wird, kann der durchg\u00e4ngige Rei\u00dfverschluss im Handumdrehen ge\u00f6ffnet werden. Die umfangreiche Ausstattung des Trikots wird durch drei R\u00fcckentaschen abgerundet, in denen das ben\u00f6tigte Zubeh\u00f6r bequem Platz findet.<\/p>\n","protected":false},"excerpt":{"rendered":"<p>Das W CRITERIUM Jersey ist ein aerodynamisches Renntrikot, das f\u00fcr blitzschnelle Trainingsfahrten und Kriterien konzipiert wurde. Seine hochmoderne, auf den Wettkampf ausgelegte Passform verringert den Luftwiderstand auf ein absolutes Minimum und erm\u00f6glicht so rasante Geschwindigkeiten auf der Stra\u00dfe, w\u00e4hrend das extrem dehnbare Gewebe uneingeschr\u00e4nkte Bewegungsfreiheit beim Sprinten im Wiegetritt gew\u00e4hrt. Dazu kommt eine halblange \u00c4rmelkonstruktion [&hellip;]<\/p>\n","protected":false},"featured_media":19757,"template":"","meta":{"_acf_changed":false,"_seopress_robots_primary_cat":"","_seopress_titles_title":"","_seopress_titles_desc":"","_seopress_robots_index":""},"product_brand":[],"product_cat":[700,686],"product_tag":[],"class_list":{"0":"post-21664","1":"product","2":"type-product","3":"status-publish","4":"has-post-thumbnail","6":"product_cat-road-de","7":"product_cat-trikots","9":"first","10":"instock","11":"purchasable","12":"product-type-simple"},"acf":[],"_links":{"self":[{"href":"https:\/\/milremo.com\/de\/wp-json\/wp\/v2\/product\/21664","targetHints":{"allow":["GET"]}}],"collection":[{"href":"https:\/\/milremo.com\/de\/wp-json\/wp\/v2\/product"}],"about":[{"href":"https:\/\/milremo.com\/de\/wp-json\/wp\/v2\/types\/product"}],"wp:featuredmedia":[{"embeddable":true,"href":"https:\/\/milremo.com\/de\/wp-json\/wp\/v2\/media\/19757"}],"wp:attachment":[{"href":"https:\/\/milremo.com\/de\/wp-json\/wp\/v2\/media?parent=21664"}],"wp:term":[{"taxonomy":"product_brand","embeddable":true,"href":"https:\/\/milremo.com\/de\/wp-json\/wp\/v2\/product_brand?post=21664"},{"taxonomy":"product_cat","embeddable":true,"href":"https:\/\/milremo.com\/de\/wp-json\/wp\/v2\/product_cat?post=21664"},{"taxonomy":"product_tag","embeddable":true,"href":"https:\/\/milremo.com\/de\/wp-json\/wp\/v2\/product_tag?post=21664"}],"curies":[{"name":"wp","href":"https:\/\/api.w.org\/{rel}","templated":true}]}}