{"id":26438,"date":"2025-10-15T12:17:40","date_gmt":"2025-10-15T12:17:40","guid":{"rendered":"https:\/\/milremo.com\/?page_id=26438"},"modified":"2025-10-15T12:17:42","modified_gmt":"2025-10-15T12:17:42","slug":"impressum","status":"publish","type":"page","link":"https:\/\/milremo.com\/de\/impressum\/","title":{"rendered":"Impressum"},"content":{"rendered":"\n<h5 class=\"wp-block-heading has-text-align-center is-style-alt\">Impressum<\/h5>\n\n\n\n<h6 class=\"wp-block-heading is-style-alt\">Paul Lange GmbH &amp; Co. KG<br>Hofener Stra\u00dfe 114<br>D-70372 Stuttgart<br><br>Telefon: <a href=\"tel:490711258802\">(+49)-(0)711-2588-02<\/a><br><br><a href=\"mailto:info@paul-lange.de\">info@paul-lange.de<\/a><br><a href=\"https:\/\/paul-lange.de\/\" target=\"_blank\" rel=\"noreferrer noopener\">www.paul-lange.de<\/a><br>Vertreten durch den gesch\u00e4ftsf\u00fchrenden Gesellschafter Bernhard Lange<br>Handelsregister beim Amtsgericht Stuttgart, Nr. HR A 4354<br>Umsatzsteueridentifikationsnummer: DE 147 521 734<\/h6>\n","protected":false},"excerpt":{"rendered":"<p>Impressum Paul Lange GmbH &amp; Co. KGHofener Stra\u00dfe 114D-70372 Stuttgart Telefon: (+49)-(0)711-2588-02 info@paul-lange.dewww.paul-lange.deVertreten durch den gesch\u00e4ftsf\u00fchrenden Gesellschafter Bernhard LangeHandelsregister beim Amtsgericht Stuttgart, Nr. HR A 4354Umsatzsteueridentifikationsnummer: DE 147 521 734<\/p>\n","protected":false},"author":6311,"featured_media":0,"parent":0,"menu_order":0,"comment_status":"closed","ping_status":"closed","template":"","meta":{"_acf_changed":false,"_seopress_robots_primary_cat":"","_seopress_titles_title":"","_seopress_titles_desc":"","_seopress_robots_index":"","footnotes":""},"class_list":["post-26438","page","type-page","status-publish","hentry"],"acf":[],"_links":{"self":[{"href":"https:\/\/milremo.com\/de\/wp-json\/wp\/v2\/pages\/26438","targetHints":{"allow":["GET"]}}],"collection":[{"href":"https:\/\/milremo.com\/de\/wp-json\/wp\/v2\/pages"}],"about":[{"href":"https:\/\/milremo.com\/de\/wp-json\/wp\/v2\/types\/page"}],"author":[{"embeddable":true,"href":"https:\/\/milremo.com\/de\/wp-json\/wp\/v2\/users\/6311"}],"replies":[{"embeddable":true,"href":"https:\/\/milremo.com\/de\/wp-json\/wp\/v2\/comments?post=26438"}],"version-history":[{"count":0,"href":"https:\/\/milremo.com\/de\/wp-json\/wp\/v2\/pages\/26438\/revisions"}],"wp:attachment":[{"href":"https:\/\/milremo.com\/de\/wp-json\/wp\/v2\/media?parent=26438"}],"curies":[{"name":"wp","href":"https:\/\/api.w.org\/{rel}","templated":true}]}}