{"id":25852,"date":"2023-07-18T10:42:27","date_gmt":"2023-07-18T10:42:27","guid":{"rendered":"https:\/\/milremo.com\/pdp-full-custom\/"},"modified":"2023-07-18T10:42:27","modified_gmt":"2023-07-18T10:42:27","slug":"pdp-full-custom","status":"publish","type":"page","link":"https:\/\/milremo.com\/de\/pdp-full-custom\/","title":{"rendered":"PDP FULL CUSTOM"},"content":{"rendered":"\n<h5 class=\"alignfull has-text-align-center colorfull is-style-alt wp-block-heading\"><strong>UNENDLICHE M\u00d6GLICHKEITEN<\/strong> MIT <strong>FULL-CUSTOM<\/strong><\/h5>\n\n<div style=\"height:39px\" aria-hidden=\"true\" class=\"wp-block-spacer\"><\/div>\n\n<div class=\"wp-block-columns is-layout-flex wp-container-core-columns-is-layout-9d6595d7 wp-block-columns-is-layout-flex\">\n<div class=\"wp-block-column is-layout-flow wp-block-column-is-layout-flow\">\n<p>Werden Sie kreativ, werden Sie wild! <strong>Unendliche Gestaltungsm\u00f6glichkeiten<\/strong> mit Full-Custom. Lassen Sie sich von <strong>unseren Designern<\/strong> ein <strong>speziell f\u00fcr Sie entworfenes Design<\/strong> anfertigen. Schicken Sie uns hierzu Ihre Logos und teilen uns Ihre Farbvorstellungen und alle sonstigen W\u00fcnsche und Ideen mit. Alles Weitere \u00fcbernehmen wir und entwickeln Ihnen ein fertiges <strong>3D-Design.<\/strong>.<\/p>\n\n\n\n<p>Beim Sublimationsdruck gibt es keine <strong>versteckten Kosten f\u00fcr das Aufdrucken von Logos, Text oder Bildern<\/strong>. Alles ist M\u00f6glich! Ein Vorabdruck ist verf\u00fcgbar, um sicherzustellen, dass die endg\u00fcltige Lieferung <strong>alle Vorstellungen erf\u00fcllt.<\/strong><\/p>\n<\/div>\n\n\n\n<div class=\"wp-block-column is-layout-flow wp-block-column-is-layout-flow\" style=\"flex-basis:10px\"><\/div>\n\n\n\n<div class=\"wp-block-column is-layout-flow wp-block-column-is-layout-flow\">\n<p>Milremo Full-Custom ist eine ma\u00dfgeschneiderte L\u00f6sung f\u00fcr jede Art von individueller Bekleidung. Von <strong>Radsportbekleidung im Corporate Design<\/strong> bis hin zu <strong>Vereinstrikots<\/strong> mit vielen verschiedenen Varianten. Unser MOQ beginnt bei nur 5 St\u00fcck und mit unserem <strong>My.Milremo Team Shop<\/strong> und der Verpackung pro Fahrer wird die <strong>Bestellung zu einem Kinderspiel.<\/strong><\/p>\n\n\n\n<p>Milremo geh\u00f6rt exklusive zu <strong>Shimano Europa.<\/strong> Milremo steht f\u00fcr <strong>qualitativ hochwertige Produkte<\/strong>, und mit dem Hauptsitz in Eindhoven (Niederlande) streben wir nach dem bestm\u00f6glichen Service, damit Sie <strong>sorglos radfahren<\/strong> k\u00f6nnen.<\/p>\n<\/div>\n<\/div>\n\n<p><\/p>\n","protected":false},"excerpt":{"rendered":"<p>UNENDLICHE M\u00d6GLICHKEITEN MIT FULL-CUSTOM Werden Sie kreativ, werden Sie wild! Unendliche Gestaltungsm\u00f6glichkeiten mit Full-Custom. Lassen Sie sich von unseren Designern ein speziell f\u00fcr Sie entworfenes Design anfertigen. Schicken Sie uns hierzu Ihre Logos und teilen uns Ihre Farbvorstellungen und alle sonstigen W\u00fcnsche und Ideen mit. Alles Weitere \u00fcbernehmen wir und entwickeln Ihnen ein fertiges 3D-Design.. [&hellip;]<\/p>\n","protected":false},"author":6311,"featured_media":0,"parent":0,"menu_order":0,"comment_status":"closed","ping_status":"closed","template":"","meta":{"_acf_changed":false,"_seopress_robots_primary_cat":"","_seopress_titles_title":"","_seopress_titles_desc":"","_seopress_robots_index":"","footnotes":""},"class_list":["post-25852","page","type-page","status-publish","hentry"],"acf":[],"_links":{"self":[{"href":"https:\/\/milremo.com\/de\/wp-json\/wp\/v2\/pages\/25852","targetHints":{"allow":["GET"]}}],"collection":[{"href":"https:\/\/milremo.com\/de\/wp-json\/wp\/v2\/pages"}],"about":[{"href":"https:\/\/milremo.com\/de\/wp-json\/wp\/v2\/types\/page"}],"author":[{"embeddable":true,"href":"https:\/\/milremo.com\/de\/wp-json\/wp\/v2\/users\/6311"}],"replies":[{"embeddable":true,"href":"https:\/\/milremo.com\/de\/wp-json\/wp\/v2\/comments?post=25852"}],"version-history":[{"count":0,"href":"https:\/\/milremo.com\/de\/wp-json\/wp\/v2\/pages\/25852\/revisions"}],"wp:attachment":[{"href":"https:\/\/milremo.com\/de\/wp-json\/wp\/v2\/media?parent=25852"}],"curies":[{"name":"wp","href":"https:\/\/api.w.org\/{rel}","templated":true}]}}