{"id":22152,"date":"2021-09-12T19:47:17","date_gmt":"2021-09-12T19:47:17","guid":{"rendered":"https:\/\/milremo.com\/?page_id=22152"},"modified":"2023-07-17T08:40:51","modified_gmt":"2023-07-17T08:40:51","slug":"kontakt","status":"publish","type":"page","link":"https:\/\/milremo.com\/de\/kontakt\/","title":{"rendered":"Kontakt"},"content":{"rendered":"\n<div class=\"wp-block-columns alignfull has-background is-layout-flex wp-container-core-columns-is-layout-9d6595d7 wp-block-columns-is-layout-flex\" style=\"background-color:#f8f8f8\">\n<div class=\"wp-block-column is-layout-flow wp-block-column-is-layout-flow\" style=\"flex-basis:5%\"><\/div>\n\n\n\n<div class=\"wp-block-column is-vertically-aligned-center is-layout-flow wp-block-column-is-layout-flow\" style=\"flex-basis:40%\">\n<h5 class=\"has-text-align-left is-style-default wp-block-heading\">Entdecken Sie unseren Mehrwert<br\/>in Radsportbekleidung f\u00fcr Ihr Team<\/h5>\n\n\n\n<p class=\"has-medium-font-size\">Lassen Sie uns wissen, wie wir Ihnen helfen k\u00f6nnen, um gemeinsam als Team zu fahren. Unser Team hilft Ihnen bei der Suche nach dem besten Oufit und entwirft ein ma\u00dfgeschneidertes Design f\u00fcr Sie.<\/p>\n\n\n\n<p class=\"has-text-color has-medium-font-size\" style=\"color:#c8c8c8\">Bevorzugen Sie einen Anruf? Erreichen Sie uns unter: 0031 (0) 85 4012920<\/p>\n\n\n\n<figure class=\"wp-block-image size-full wp-duotone-000000-ffffff-1\"><img loading=\"lazy\" decoding=\"async\" width=\"101\" height=\"101\" src=\"https:\/\/milremo.com\/wp-content\/uploads\/2023\/01\/cursor-custom-e1672653675832.png\" alt=\"\" class=\"wp-image-25543\"\/><\/figure>\n<\/div>\n\n\n\n<div class=\"wp-block-column is-vertically-aligned-center is-layout-flow wp-block-column-is-layout-flow\"><script type=\"text\/javascript\">\n\/* <![CDATA[ *\/\nvar gform;gform||(document.addEventListener(\"gform_main_scripts_loaded\",function(){gform.scriptsLoaded=!0}),document.addEventListener(\"gform\/theme\/scripts_loaded\",function(){gform.themeScriptsLoaded=!0}),window.addEventListener(\"DOMContentLoaded\",function(){gform.domLoaded=!0}),gform={domLoaded:!1,scriptsLoaded:!1,themeScriptsLoaded:!1,isFormEditor:()=>\"function\"==typeof InitializeEditor,callIfLoaded:function(o){return!(!gform.domLoaded||!gform.scriptsLoaded||!gform.themeScriptsLoaded&&!gform.isFormEditor()||(gform.isFormEditor()&&console.warn(\"The use of gform.initializeOnLoaded() is deprecated in the form editor context and will be removed in Gravity Forms 3.1.\"),o(),0))},initializeOnLoaded:function(o){gform.callIfLoaded(o)||(document.addEventListener(\"gform_main_scripts_loaded\",()=>{gform.scriptsLoaded=!0,gform.callIfLoaded(o)}),document.addEventListener(\"gform\/theme\/scripts_loaded\",()=>{gform.themeScriptsLoaded=!0,gform.callIfLoaded(o)}),window.addEventListener(\"DOMContentLoaded\",()=>{gform.domLoaded=!0,gform.callIfLoaded(o)}))},hooks:{action:{},filter:{}},addAction:function(o,r,e,t){gform.addHook(\"action\",o,r,e,t)},addFilter:function(o,r,e,t){gform.addHook(\"filter\",o,r,e,t)},doAction:function(o){gform.doHook(\"action\",o,arguments)},applyFilters:function(o){return gform.doHook(\"filter\",o,arguments)},removeAction:function(o,r){gform.removeHook(\"action\",o,r)},removeFilter:function(o,r,e){gform.removeHook(\"filter\",o,r,e)},addHook:function(o,r,e,t,n){null==gform.hooks[o][r]&&(gform.hooks[o][r]=[]);var d=gform.hooks[o][r];null==n&&(n=r+\"_\"+d.length),gform.hooks[o][r].push({tag:n,callable:e,priority:t=null==t?10:t})},doHook:function(r,o,e){var t;if(e=Array.prototype.slice.call(e,1),null!=gform.hooks[r][o]&&((o=gform.hooks[r][o]).sort(function(o,r){return o.priority-r.priority}),o.forEach(function(o){\"function\"!=typeof(t=o.callable)&&(t=window[t]),\"action\"==r?t.apply(null,e):e[0]=t.apply(null,e)})),\"filter\"==r)return e[0]},removeHook:function(o,r,t,n){var e;null!=gform.hooks[o][r]&&(e=(e=gform.hooks[o][r]).filter(function(o,r,e){return!!(null!=n&&n!=o.tag||null!=t&&t!=o.priority)}),gform.hooks[o][r]=e)}});\n\/* ]]> *\/\n<\/script>\n\n                <div class='gf_browser_gecko gform_wrapper gform_legacy_markup_wrapper gform-theme--no-framework' data-form-theme='legacy' data-form-index='0' id='gform_wrapper_2' >\n                        <div class='gform_heading'>\n                            <p class='gform_description'><\/p>\n                        <\/div><form method='post' enctype='multipart\/form-data'  id='gform_2'  action='\/de\/wp-json\/wp\/v2\/pages\/22152' data-formid='2' novalidate> \r\n <input type='hidden' class='gforms-pum' value='{\"closepopup\":false,\"closedelay\":0,\"openpopup\":false,\"openpopup_id\":0}' \/>\n                        <div class='gform-body gform_body'><ul id='gform_fields_2' class='gform_fields top_label form_sublabel_below description_below validation_below'><li id=\"field_2_13\" class=\"gfield gfield--type-honeypot gform_validation_container field_sublabel_below gfield--has-description field_description_below field_validation_below gfield_visibility_visible\"  ><label class='gfield_label gform-field-label' for='input_2_13'>Instagram<\/label><div class='ginput_container'><input name='input_13' id='input_2_13' type='text' value='' autocomplete='new-password'\/><\/div><div class='gfield_description' id='gfield_description_2_13'>Dieses Feld dient zur Validierung und sollte nicht ver\u00e4ndert werden.<\/div><\/li><li id=\"field_2_2\" class=\"gfield gfield--type-text gfield_contains_required field_sublabel_below gfield--no-description field_description_below hidden_label field_validation_below gfield_visibility_visible\"  ><label class='gfield_label gform-field-label' for='input_2_2'>Name<span class=\"gfield_required\"><span class=\"gfield_required gfield_required_asterisk\">*<\/span><\/span><\/label><div class='ginput_container ginput_container_text'><input name='input_2' id='input_2_2' type='text' value='' class='medium'    placeholder='NAME' aria-required=\"true\" aria-invalid=\"false\"   \/><\/div><\/li><li id=\"field_2_4\" class=\"gfield gfield--type-phone field_sublabel_below gfield--no-description field_description_below hidden_label field_validation_below gfield_visibility_visible\"  ><label class='gfield_label gform-field-label' for='input_2_4'>PHONE<\/label><div class='ginput_container ginput_container_phone'><input name='input_4' id='input_2_4' type='tel' value='' class='medium'  placeholder='PHONE'  aria-invalid=\"false\"   \/><\/div><\/li><li id=\"field_2_3\" class=\"gfield gfield--type-email gfield_contains_required field_sublabel_below gfield--no-description field_description_below hidden_label field_validation_below gfield_visibility_visible\"  ><label class='gfield_label gform-field-label' for='input_2_3'>E-MAIL<span class=\"gfield_required\"><span class=\"gfield_required gfield_required_asterisk\">*<\/span><\/span><\/label><div class='ginput_container ginput_container_email'>\n                            <input name='input_3' id='input_2_3' type='email' value='' class='medium'   placeholder='E-MAIL' aria-required=\"true\" aria-invalid=\"false\"  \/>\n                        <\/div><\/li><li id=\"field_2_12\" class=\"gfield gfield--type-text gfield_contains_required field_sublabel_below gfield--no-description field_description_below hidden_label field_validation_below gfield_visibility_visible\"  ><label class='gfield_label gform-field-label' for='input_2_12'>Country<span class=\"gfield_required\"><span class=\"gfield_required gfield_required_asterisk\">*<\/span><\/span><\/label><div class='ginput_container ginput_container_text'><input name='input_12' id='input_2_12' type='text' value='' class='medium'    placeholder='COUNTRY' aria-required=\"true\" aria-invalid=\"false\"   \/><\/div><\/li><li id=\"field_2_6\" class=\"gfield gfield--type-number field_sublabel_below gfield--no-description field_description_below hidden_label field_validation_below gfield_visibility_visible\"  ><label class='gfield_label gform-field-label' for='input_2_6'>Amount<\/label><div class='ginput_container ginput_container_number'><input name='input_6' id='input_2_6' type='text' step='any' min='1' max='10000' value='' class='medium'    placeholder='Amount'  aria-invalid=\"false\" aria-describedby=\"gfield_instruction_2_6\" \/><div class='gfield_description instruction ' id='gfield_instruction_2_6'>Bitte gib eine Zahl von <strong>1<\/strong> bis <strong>10000<\/strong> ein.<\/div><\/div><\/li><li id=\"field_2_7\" class=\"gfield gfield--type-textarea field_sublabel_below gfield--no-description field_description_below hidden_label field_validation_below gfield_visibility_visible\"  ><label class='gfield_label gform-field-label' for='input_2_7'>Question \/ Comment \/ Request<\/label><div class='ginput_container ginput_container_textarea'><textarea name='input_7' id='input_2_7' class='textarea small'    placeholder='MAKE YOUR REQUEST(S) HERE'  aria-invalid=\"false\"   rows='10' cols='50'><\/textarea><\/div><\/li><li id=\"field_2_11\" class=\"gfield gfield--type-html gfield_html gfield_html_formatted gfield_no_follows_desc field_sublabel_below gfield--no-description field_description_below field_validation_below gfield_visibility_visible\"  >* The information submitted into this form will be saved by Milremo in an online database <\/li><\/ul><\/div>\n        <div class='gform-footer gform_footer top_label'> <input type='submit' id='gform_submit_button_2' class='gform_button button' onclick='gform.submission.handleButtonClick(this);' data-submission-type='submit' value='Submit'  \/> \n            <input type='hidden' class='gform_hidden' name='gform_submission_method' data-js='gform_submission_method_2' value='postback' \/>\n            <input type='hidden' class='gform_hidden' name='gform_theme' data-js='gform_theme_2' id='gform_theme_2' value='legacy' \/>\n            <input type='hidden' class='gform_hidden' name='gform_style_settings' data-js='gform_style_settings_2' id='gform_style_settings_2' value='[]' \/>\n            <input type='hidden' class='gform_hidden' name='is_submit_2' value='1' \/>\n            <input type='hidden' class='gform_hidden' name='gform_submit' value='2' \/>\n            \n            <input type='hidden' class='gform_hidden' name='gform_unique_id' value='' \/>\n            <input type='hidden' class='gform_hidden' name='state_2' value='WyJbXSIsIjBiYjNjMzg3YmRhY2QzODU4MmRkYTkwNjg1ODkzMTUwIl0=' \/>\n            <input type='hidden' autocomplete='off' class='gform_hidden' name='gform_target_page_number_2' id='gform_target_page_number_2' value='0' \/>\n            <input type='hidden' autocomplete='off' class='gform_hidden' name='gform_source_page_number_2' id='gform_source_page_number_2' value='1' \/>\n            <input type='hidden' name='gform_field_values' value='' \/>\n            \n        <\/div>\n                        <\/form>\n                        <\/div><script type=\"text\/javascript\">\n\/* <![CDATA[ *\/\n gform.initializeOnLoaded( function() {gformInitSpinner( 2, 'https:\/\/milremo.com\/wp-content\/plugins\/gravityforms\/images\/spinner.svg', true );jQuery('#gform_ajax_frame_2').on('load',function(){var contents = jQuery(this).contents().find('*').html();var is_postback = contents.indexOf('GF_AJAX_POSTBACK') >= 0;if(!is_postback){return;}var form_content = jQuery(this).contents().find('#gform_wrapper_2');var is_confirmation = jQuery(this).contents().find('#gform_confirmation_wrapper_2').length > 0;var is_redirect = contents.indexOf('gformRedirect(){') >= 0;var is_form = form_content.length > 0 && ! is_redirect && ! is_confirmation;var mt = parseInt(jQuery('html').css('margin-top'), 10) + parseInt(jQuery('body').css('margin-top'), 10) + 100;if(is_form){jQuery('#gform_wrapper_2').html(form_content.html());if(form_content.hasClass('gform_validation_error')){jQuery('#gform_wrapper_2').addClass('gform_validation_error');} else {jQuery('#gform_wrapper_2').removeClass('gform_validation_error');}setTimeout( function() { \/* delay the scroll by 50 milliseconds to fix a bug in chrome *\/  }, 50 );if(window['gformInitDatepicker']) {gformInitDatepicker();}if(window['gformInitPriceFields']) {gformInitPriceFields();}var current_page = jQuery('#gform_source_page_number_2').val();gformInitSpinner( 2, 'https:\/\/milremo.com\/wp-content\/plugins\/gravityforms\/images\/spinner.svg', true );jQuery(document).trigger('gform_page_loaded', [2, current_page]);window['gf_submitting_2'] = false;}else if(!is_redirect){var confirmation_content = jQuery(this).contents().find('.GF_AJAX_POSTBACK').html();if(!confirmation_content){confirmation_content = contents;}jQuery('#gform_wrapper_2').replaceWith(confirmation_content);jQuery(document).trigger('gform_confirmation_loaded', [2]);window['gf_submitting_2'] = false;wp.a11y.speak(jQuery('#gform_confirmation_message_2').text());}else{jQuery('#gform_2').append(contents);if(window['gformRedirect']) {gformRedirect();}}jQuery(document).trigger(\"gform_pre_post_render\", [{ formId: \"2\", currentPage: \"current_page\", abort: function() { this.preventDefault(); } }]);        if (event && event.defaultPrevented) {                return;        }        const gformWrapperDiv = document.getElementById( \"gform_wrapper_2\" );        if ( gformWrapperDiv ) {            const visibilitySpan = document.createElement( \"span\" );            visibilitySpan.id = \"gform_visibility_test_2\";            gformWrapperDiv.insertAdjacentElement( \"afterend\", visibilitySpan );        }        const visibilityTestDiv = document.getElementById( \"gform_visibility_test_2\" );        let postRenderFired = false;        function triggerPostRender() {            if ( postRenderFired ) {                return;            }            postRenderFired = true;            gform.core.triggerPostRenderEvents( 2, current_page );            if ( visibilityTestDiv ) {                visibilityTestDiv.parentNode.removeChild( visibilityTestDiv );            }        }        function debounce( func, wait, immediate ) {            var timeout;            return function() {                var context = this, args = arguments;                var later = function() {                    timeout = null;                    if ( !immediate ) func.apply( context, args );                };                var callNow = immediate && !timeout;                clearTimeout( timeout );                timeout = setTimeout( later, wait );                if ( callNow ) func.apply( context, args );            };        }        const debouncedTriggerPostRender = debounce( function() {            triggerPostRender();        }, 200 );        if ( visibilityTestDiv && visibilityTestDiv.offsetParent === null ) {            const observer = new MutationObserver( ( mutations ) => {                mutations.forEach( ( mutation ) => {                    if ( mutation.type === 'attributes' && visibilityTestDiv.offsetParent !== null ) {                        debouncedTriggerPostRender();                        observer.disconnect();                    }                });            });            observer.observe( document.body, {                attributes: true,                childList: false,                subtree: true,                attributeFilter: [ 'style', 'class' ],            });        } else {            triggerPostRender();        }    } );} ); \n\/* ]]> *\/\n<\/script>\n\n\n\n<div style=\"height:100px\" aria-hidden=\"true\" class=\"wp-block-spacer\"><\/div>\n<\/div>\n<\/div>\n\n\n\n\n<!-- featured_list -->\n<div id=\"featured-list-block_60bf3aca1cbec\" class=\"featured_list \">\n    <h4 class=\"is-style-alt\">This is why you choose Milremo<\/h4>    <ul>\n                    <li>\n                <figure>\n                    <div><img decoding=\"async\" srcset=\"https:\/\/milremo.com\/wp-content\/uploads\/2021\/06\/featured_icon.png 480w, https:\/\/milremo.com\/wp-content\/uploads\/2021\/06\/featured_icon.png 768w, https:\/\/milremo.com\/wp-content\/uploads\/2021\/06\/featured_icon.png 960w, https:\/\/milremo.com\/wp-content\/uploads\/2021\/06\/featured_icon.png 1200w, https:\/\/milremo.com\/wp-content\/uploads\/2021\/06\/featured_icon.png 2000w, https:\/\/milremo.com\/wp-content\/uploads\/2021\/06\/featured_icon.png 3000w\" sizes=\"(max-width:479px) 480px, (min-width: 480px) and (max-width: 767px) 768px, (min-width: 768px) and (max-width: 959px) 960px, (min-width: 960px) and (max-width: 1200px) 1200px, 100vw\" src=\"https:\/\/milremo.com\/wp-content\/uploads\/2021\/06\/featured_icon.png\" alt=\"ontwerp-vrijheid-milremo\" \/><\/div>                    <figcaption>\n                        <h5>BESPOKE DESIGN<\/h5>                        <div><p>You can endlessly combine colors and gradients with patterns, logos, and text. Our team is ready to create you a unique design. <\/p>\n<\/div>                    <\/figcaption>\n                <\/figure>\n            <\/li>\n                    <li>\n                <figure>\n                    <div><img decoding=\"async\" srcset=\"https:\/\/milremo.com\/wp-content\/uploads\/2021\/06\/featured_icon5-1-480x64.png 480w, https:\/\/milremo.com\/wp-content\/uploads\/2021\/06\/featured_icon5-1.png 768w, https:\/\/milremo.com\/wp-content\/uploads\/2021\/06\/featured_icon5-1.png 960w, https:\/\/milremo.com\/wp-content\/uploads\/2021\/06\/featured_icon5-1.png 1200w, https:\/\/milremo.com\/wp-content\/uploads\/2021\/06\/featured_icon5-1.png 2000w, https:\/\/milremo.com\/wp-content\/uploads\/2021\/06\/featured_icon5-1.png 3000w\" sizes=\"(max-width:479px) 480px, (min-width: 480px) and (max-width: 767px) 768px, (min-width: 768px) and (max-width: 959px) 960px, (min-width: 960px) and (max-width: 1200px) 1200px, 100vw\" src=\"https:\/\/milremo.com\/wp-content\/uploads\/2021\/06\/featured_icon5-1.png\" alt=\"milremo-partner-shimano\" \/><\/div>                    <figcaption>\n                        <h5>Personal contact<\/h5>                        <div><p>The SHIMANO team guides and advises you throughout the entire process. This way you know what to expect and there are no surprises afterward,<\/p>\n<\/div>                    <\/figcaption>\n                <\/figure>\n            <\/li>\n                    <li>\n                <figure>\n                    <div><img decoding=\"async\" srcset=\"https:\/\/milremo.com\/wp-content\/uploads\/2021\/06\/featured_icon4.png 480w, https:\/\/milremo.com\/wp-content\/uploads\/2021\/06\/featured_icon4.png 768w, https:\/\/milremo.com\/wp-content\/uploads\/2021\/06\/featured_icon4.png 960w, https:\/\/milremo.com\/wp-content\/uploads\/2021\/06\/featured_icon4.png 1200w, https:\/\/milremo.com\/wp-content\/uploads\/2021\/06\/featured_icon4.png 2000w, https:\/\/milremo.com\/wp-content\/uploads\/2021\/06\/featured_icon4.png 3000w\" sizes=\"(max-width:479px) 480px, (min-width: 480px) and (max-width: 767px) 768px, (min-width: 768px) and (max-width: 959px) 960px, (min-width: 960px) and (max-width: 1200px) 1200px, 100vw\" src=\"https:\/\/milremo.com\/wp-content\/uploads\/2021\/06\/featured_icon4.png\" alt=\"snelle-bezorging-milremo\" \/><\/div>                    <figcaption>\n                        <h5>Fast delivery<\/h5>                        <div><p>We deliver the clothing quickly and as agreed. Need something urgent? Our RIDE SOONER program is available within 4 weeks. <\/p>\n<\/div>                    <\/figcaption>\n                <\/figure>\n            <\/li>\n            <\/ul>\n<\/div>\n<!-- \/featured_list -->\n","protected":false},"excerpt":{"rendered":"<p>Entdecken Sie unseren Mehrwertin Radsportbekleidung f\u00fcr Ihr Team Lassen Sie uns wissen, wie wir Ihnen helfen k\u00f6nnen, um gemeinsam als Team zu fahren. Unser Team hilft Ihnen bei der Suche nach dem besten Oufit und entwirft ein ma\u00dfgeschneidertes Design f\u00fcr Sie. Bevorzugen Sie einen Anruf? Erreichen Sie uns unter: 0031 (0) 85 4012920<\/p>\n","protected":false},"author":6311,"featured_media":0,"parent":0,"menu_order":0,"comment_status":"closed","ping_status":"closed","template":"","meta":{"_acf_changed":false,"_seopress_robots_primary_cat":"","_seopress_titles_title":"","_seopress_titles_desc":"","_seopress_robots_index":"","footnotes":""},"class_list":["post-22152","page","type-page","status-publish","hentry"],"acf":[],"_links":{"self":[{"href":"https:\/\/milremo.com\/de\/wp-json\/wp\/v2\/pages\/22152","targetHints":{"allow":["GET"]}}],"collection":[{"href":"https:\/\/milremo.com\/de\/wp-json\/wp\/v2\/pages"}],"about":[{"href":"https:\/\/milremo.com\/de\/wp-json\/wp\/v2\/types\/page"}],"author":[{"embeddable":true,"href":"https:\/\/milremo.com\/de\/wp-json\/wp\/v2\/users\/6311"}],"replies":[{"embeddable":true,"href":"https:\/\/milremo.com\/de\/wp-json\/wp\/v2\/comments?post=22152"}],"version-history":[{"count":0,"href":"https:\/\/milremo.com\/de\/wp-json\/wp\/v2\/pages\/22152\/revisions"}],"wp:attachment":[{"href":"https:\/\/milremo.com\/de\/wp-json\/wp\/v2\/media?parent=22152"}],"curies":[{"name":"wp","href":"https:\/\/api.w.org\/{rel}","templated":true}]}}