{"id":22125,"date":"2021-09-12T18:42:56","date_gmt":"2021-09-12T18:42:56","guid":{"rendered":"https:\/\/milremo.com\/full-custom\/"},"modified":"2023-07-18T10:44:07","modified_gmt":"2023-07-18T10:44:07","slug":"full-custom","status":"publish","type":"page","link":"https:\/\/milremo.com\/de\/full-custom\/","title":{"rendered":"FULL-CUSTOM"},"content":{"rendered":"\n<h5 class=\"has-text-align-center is-style-alt wp-block-heading\"><strong>UNENDLICHE M\u00d6GLICHKEITEN<\/strong><\/h5>\n\n<h6 class=\"is-style-alt has-text-color-color has-text-color wp-block-heading\">Werden Sie kreativ, werden Sie wild! <strong>Unendliche Gestaltungsm\u00f6glichkeiten<\/strong> mit Full-Custom. Laden Sie die Vorlagen herunter und <strong>gestalten Sie Ihr eigenes<\/strong> Radoutfit, oder lassen Sie sich von unseren Designern ein <strong>speziell f\u00fcr Sie entworfenes Design<\/strong> anfertigen. Schicken Sie uns hierzu Ihre Logos und teilen uns Ihre Farbvorstellungen und alle sonstigen W\u00fcnsche und Ideen mit. Alles Weitere \u00fcbernehmen wir und entwickeln Ihnen ein fertiges 3D-Design.<\/h6>\n\n<p><\/p>\n\n<div class=\"wp-block-columns are-vertically-aligned-center is-layout-flex wp-container-core-columns-is-layout-9d6595d7 wp-block-columns-is-layout-flex\">\n<div class=\"wp-block-column is-vertically-aligned-center column_highlight column_round column_center is-layout-flow wp-block-column-is-layout-flow\">\n<p class=\"has-text-align-center\"><strong>Sehen Sie sich alle verf\u00fcgbaren Optionen<\/strong>, Modelle und Radsportarten an. Alle unsere Produkte werden nach Ma\u00df gefertigt. <\/p>\n\n\n\n<div class=\"wp-block-buttons is-content-justification-center is-layout-flex wp-block-buttons-is-layout-flex\"><\/div>\n\n\n\n<p class=\"inline_button_arrow_black\"><a href=\"https:\/\/milremo.com\/de\/shop\/\" data-type=\"page\" data-id=\"14030\">Produkt Katalog<\/a><\/p>\n<\/div>\n\n\n\n<div class=\"wp-block-column is-vertically-aligned-center column_highlight2 column_center column_round is-layout-flow wp-block-column-is-layout-flow\">\n<p class=\"has-text-align-center\">Wissen Sie schon, <strong>was Sie wollen<\/strong>oder brauchen Sie noch Hilfe? Starten Sie hier noch heute mit Ihrem individuellen Milremo-Kit.<\/p>\n\n\n\n<div class=\"wp-block-buttons is-content-justification-center is-layout-flex wp-block-buttons-is-layout-flex\"><\/div>\n\n\n\n<div class=\"wp-block-buttons is-content-justification-center is-layout-flex wp-block-buttons-is-layout-flex\"><\/div>\n\n\n\n<p class=\"inline_button_arrow_white\"><a href=\"https:\/\/milremo.com\/contact-us-today-for-more-information-or-a-quote\/\" data-type=\"page\" data-id=\"14030\">ANGEBOT ANFORDERN<\/a><\/p>\n<\/div>\n\n\n\n<div class=\"wp-block-column is-vertically-aligned-center column_highlight column_round column_center is-layout-flow wp-block-column-is-layout-flow\">\n<p class=\"has-text-align-center\">Brauchen Sie ein paar <strong>Design-Inspirationen<\/strong>? Unser Team hat einige f\u00fcr Sie zusammengestellt. n unserer Galerie finden Sie verschiedene Ideen.<\/p>\n\n\n\n<div class=\"wp-block-buttons is-content-justification-center is-layout-flex wp-block-buttons-is-layout-flex\"><\/div>\n\n\n\n<p class=\"inline_button_arrow_black\"><a href=\"https:\/\/milremo.com\/de\/design\/\" data-type=\"page\" data-id=\"20342\">DESIGN GALERIE<\/a><\/p>\n<\/div>\n<\/div>\n\n<div style=\"height:32px\" aria-hidden=\"true\" class=\"wp-block-spacer\"><\/div>\n\n<h6 class=\"is-style-alt wp-block-heading\">Milremo Full-Custom ist eine <strong>ma\u00dfgeschneiderte L\u00f6sung<\/strong> f\u00fcr jede Art von individueller Bekleidung. Von <strong>Radsportbekleidung im Corporate Design<\/strong> bis hin zu <strong>Vereinstrikots<\/strong> mit vielen verschiedenen Varianten. Auch <strong>kleine und gro\u00dfe Veranstaltungen<\/strong> mit <strong>spezifischen Anforderungen<\/strong> k\u00f6nnen mit <strong>Milremo Custom Cycling Clothing<\/strong> bedient werden.<br\/><\/h6>\n\n<h5 class=\"alignfull has-text-align-center is-style-alt has-text-color has-background wp-block-heading\" id=\"lmar\" style=\"background-color:#1f7ca8;color:#ffffff\">FULL CUSTOM &#8211; Deine Vorteile auf einen Blick<\/h5>\n\n<div class=\"wp-block-columns alignfull has-background is-layout-flex wp-container-core-columns-is-layout-9d6595d7 wp-block-columns-is-layout-flex\" style=\"background-color:#f5f5f5\">\n<div class=\"wp-block-column is-layout-flow wp-block-column-is-layout-flow\" style=\"flex-basis:30%\"><\/div>\n\n\n\n<div class=\"wp-block-column is-layout-flow wp-block-column-is-layout-flow\" style=\"flex-basis:30%\">\n<ul class=\"wp-block-list\"><li><strong>1 &gt; Kollektion<\/strong><\/li><li>ROAD, MTB &amp; TRI Kollektion<\/li><li>Spezielle Schnitte F\u00fcr Damen, Herren und Kinder<\/li><li>Sie entscheiden \u00fcber Passform und Funktionen wie z.B. Beinl\u00e4nge oder Anzahl der Trikottaschen etc.<\/li><\/ul>\n\n\n\n<p><\/p>\n\n\n\n<ul class=\"wp-block-list\"><li><strong>2 &gt; Auftragsabwicklung<\/strong><\/li><li>Pers\u00f6nliche Beratung<\/li><li>Schon ab 5 St\u00fcck bestellbar<\/li><li>&amp; f\u00e4hig, gro\u00dfe Veranstaltungen zu bew\u00e4ltigen<\/li><li>My.Milremo Teamshop (Webshop)<\/li><\/ul>\n\n\n\n<div style=\"height:30px\" aria-hidden=\"true\" class=\"wp-block-spacer\"><\/div>\n<\/div>\n\n\n\n<div class=\"wp-block-column is-vertically-aligned-top is-layout-flow wp-block-column-is-layout-flow\" style=\"flex-basis:30%\">\n<ul class=\"wp-block-list\" start=\"7\"><li><strong>3 &gt; EASE OF MIND<\/strong><\/li><li>A deal = a deal<\/li><li>Unterst\u00fctzung durch unser Grafikdesign-Team<\/li><li>Keine Einschr\u00e4nkungen in der grafischen Gestaltung<\/li><li>Vorabmuster in Originalfarbe und -Material<\/li><li>Muster- und Gr\u00f6\u00dfensets<\/li><\/ul>\n\n\n\n<ul class=\"wp-block-list\"><li><strong>4 &gt; THE EXTRA MILE<\/strong><\/li><li>Bekleidung ist personalisierbar<\/li><li>Gro\u00dfe Auswahl an Accessoires<\/li><li>und noch vieles mehr&#8230;.<\/li><\/ul>\n\n\n\n<div style=\"height:30px\" aria-hidden=\"true\" class=\"wp-block-spacer\"><\/div>\n\n\n\n<p><\/p>\n<\/div>\n\n\n\n<div class=\"wp-block-column is-layout-flow wp-block-column-is-layout-flow\" style=\"flex-basis:20%\"><\/div>\n<\/div>\n\n\n\n\n<!-- featured_list -->\n<div id=\"featured-list-block_2584292ab19752f0032ab03791902fc0\" class=\"featured_list \">\n    <h4 class=\"is-style-alt\"><h4 class=\"differenttitle\"> What makes us different?<\/h4><\/h4>    <ul>\n                    <li>\n                <figure>\n                    <div><img decoding=\"async\" srcset=\"https:\/\/milremo.com\/wp-content\/uploads\/2021\/06\/featured_icon.png 480w, https:\/\/milremo.com\/wp-content\/uploads\/2021\/06\/featured_icon.png 768w, https:\/\/milremo.com\/wp-content\/uploads\/2021\/06\/featured_icon.png 960w, https:\/\/milremo.com\/wp-content\/uploads\/2021\/06\/featured_icon.png 1200w, https:\/\/milremo.com\/wp-content\/uploads\/2021\/06\/featured_icon.png 2000w, https:\/\/milremo.com\/wp-content\/uploads\/2021\/06\/featured_icon.png 3000w\" sizes=\"(max-width:479px) 480px, (min-width: 480px) and (max-width: 767px) 768px, (min-width: 768px) and (max-width: 959px) 960px, (min-width: 960px) and (max-width: 1200px) 1200px, 100vw\" src=\"https:\/\/milremo.com\/wp-content\/uploads\/2021\/06\/featured_icon.png\" alt=\"ontwerp-vrijheid-milremo\" \/><\/div>                    <figcaption>\n                        <h5>EVERYTHING IS POSSIBLE<\/h5>                        <div><p>Practically limitless design possibilities on styles specifically created to be customized<\/p>\n<\/div>                    <\/figcaption>\n                <\/figure>\n            <\/li>\n                    <li>\n                <figure>\n                    <div><img decoding=\"async\" srcset=\"https:\/\/milremo.com\/wp-content\/uploads\/2021\/06\/featured_icon2.png 480w, https:\/\/milremo.com\/wp-content\/uploads\/2021\/06\/featured_icon2.png 768w, https:\/\/milremo.com\/wp-content\/uploads\/2021\/06\/featured_icon2.png 960w, https:\/\/milremo.com\/wp-content\/uploads\/2021\/06\/featured_icon2.png 1200w, https:\/\/milremo.com\/wp-content\/uploads\/2021\/06\/featured_icon2.png 2000w, https:\/\/milremo.com\/wp-content\/uploads\/2021\/06\/featured_icon2.png 3000w\" sizes=\"(max-width:479px) 480px, (min-width: 480px) and (max-width: 767px) 768px, (min-width: 768px) and (max-width: 959px) 960px, (min-width: 960px) and (max-width: 1200px) 1200px, 100vw\" src=\"https:\/\/milremo.com\/wp-content\/uploads\/2021\/06\/featured_icon2.png\" alt=\"gerecyclede-stof-milremo\" \/><\/div>                    <figcaption>\n                        <h5>RECYCLED MATERIALS<\/h5>                        <div><p>Several styles are available based on recycled materials<\/p>\n<\/div>                    <\/figcaption>\n                <\/figure>\n            <\/li>\n                    <li>\n                <figure>\n                    <div><img decoding=\"async\" srcset=\"https:\/\/milremo.com\/wp-content\/uploads\/2021\/06\/Feature_icon_eu-1-480x482.png 480w, https:\/\/milremo.com\/wp-content\/uploads\/2021\/06\/Feature_icon_eu-1.png 768w, https:\/\/milremo.com\/wp-content\/uploads\/2021\/06\/Feature_icon_eu-1.png 960w, https:\/\/milremo.com\/wp-content\/uploads\/2021\/06\/Feature_icon_eu-1.png 1200w, https:\/\/milremo.com\/wp-content\/uploads\/2021\/06\/Feature_icon_eu-1.png 2000w, https:\/\/milremo.com\/wp-content\/uploads\/2021\/06\/Feature_icon_eu-1.png 3000w\" sizes=\"(max-width:479px) 480px, (min-width: 480px) and (max-width: 767px) 768px, (min-width: 768px) and (max-width: 959px) 960px, (min-width: 960px) and (max-width: 1200px) 1200px, 100vw\" src=\"https:\/\/milremo.com\/wp-content\/uploads\/2021\/06\/Feature_icon_eu-1.png\" alt=\"\" \/><\/div>                    <figcaption>\n                        <h5>MADE IN EUROPE<\/h5>                        <div><p>Our products are produced in high-tech production facilities in Europe<\/p>\n<\/div>                    <\/figcaption>\n                <\/figure>\n            <\/li>\n                    <li>\n                <figure>\n                    <div><img decoding=\"async\" srcset=\"https:\/\/milremo.com\/wp-content\/uploads\/2021\/06\/featured_icon4.png 480w, https:\/\/milremo.com\/wp-content\/uploads\/2021\/06\/featured_icon4.png 768w, https:\/\/milremo.com\/wp-content\/uploads\/2021\/06\/featured_icon4.png 960w, https:\/\/milremo.com\/wp-content\/uploads\/2021\/06\/featured_icon4.png 1200w, https:\/\/milremo.com\/wp-content\/uploads\/2021\/06\/featured_icon4.png 2000w, https:\/\/milremo.com\/wp-content\/uploads\/2021\/06\/featured_icon4.png 3000w\" sizes=\"(max-width:479px) 480px, (min-width: 480px) and (max-width: 767px) 768px, (min-width: 768px) and (max-width: 959px) 960px, (min-width: 960px) and (max-width: 1200px) 1200px, 100vw\" src=\"https:\/\/milremo.com\/wp-content\/uploads\/2021\/06\/featured_icon4.png\" alt=\"snelle-bezorging-milremo\" \/><\/div>                    <figcaption>\n                        <h5>FAST DELIVERY<\/h5>                        <div><p>Selected styles are available within 4 weeks!<\/p>\n<\/div>                    <\/figcaption>\n                <\/figure>\n            <\/li>\n                    <li>\n                <figure>\n                    <div><img decoding=\"async\" srcset=\"https:\/\/milremo.com\/wp-content\/uploads\/2025\/10\/file-contract-svgrepo-com.png 480w, https:\/\/milremo.com\/wp-content\/uploads\/2025\/10\/file-contract-svgrepo-com.png 768w, https:\/\/milremo.com\/wp-content\/uploads\/2025\/10\/file-contract-svgrepo-com.png 960w, https:\/\/milremo.com\/wp-content\/uploads\/2025\/10\/file-contract-svgrepo-com.png 1200w, https:\/\/milremo.com\/wp-content\/uploads\/2025\/10\/file-contract-svgrepo-com.png 2000w, https:\/\/milremo.com\/wp-content\/uploads\/2025\/10\/file-contract-svgrepo-com.png 3000w\" sizes=\"(max-width:479px) 480px, (min-width: 480px) and (max-width: 767px) 768px, (min-width: 768px) and (max-width: 959px) 960px, (min-width: 960px) and (max-width: 1200px) 1200px, 100vw\" src=\"https:\/\/milremo.com\/wp-content\/uploads\/2025\/10\/file-contract-svgrepo-com.png\" alt=\"\" \/><\/div>                    <figcaption>\n                        <h5>EXCLUSIVE<\/h5>                        <div><p>Milremo is developed and supplied exclusively by Paul Lange &#038; Co<\/p>\n<\/div>                    <\/figcaption>\n                <\/figure>\n            <\/li>\n                    <li>\n                <figure>\n                    <div><img decoding=\"async\" srcset=\"https:\/\/milremo.com\/wp-content\/uploads\/2021\/06\/featured_icon6.png 480w, https:\/\/milremo.com\/wp-content\/uploads\/2021\/06\/featured_icon6.png 768w, https:\/\/milremo.com\/wp-content\/uploads\/2021\/06\/featured_icon6.png 960w, https:\/\/milremo.com\/wp-content\/uploads\/2021\/06\/featured_icon6.png 1200w, https:\/\/milremo.com\/wp-content\/uploads\/2021\/06\/featured_icon6.png 2000w, https:\/\/milremo.com\/wp-content\/uploads\/2021\/06\/featured_icon6.png 3000w\" sizes=\"(max-width:479px) 480px, (min-width: 480px) and (max-width: 767px) 768px, (min-width: 768px) and (max-width: 959px) 960px, (min-width: 960px) and (max-width: 1200px) 1200px, 100vw\" src=\"https:\/\/milremo.com\/wp-content\/uploads\/2021\/06\/featured_icon6.png\" alt=\"milremo-bestellen-vanaf-1-stuks\" \/><\/div>                    <figcaption>\n                        <h5>NO MINIMUM<\/h5>                        <div><p>Selected styles are available from 1pcs<\/p>\n<\/div>                    <\/figcaption>\n                <\/figure>\n            <\/li>\n            <\/ul>\n<\/div>\n<!-- \/featured_list -->\n","protected":false},"excerpt":{"rendered":"<p>UNENDLICHE M\u00d6GLICHKEITEN Werden Sie kreativ, werden Sie wild! Unendliche Gestaltungsm\u00f6glichkeiten mit Full-Custom. Laden Sie die Vorlagen herunter und gestalten Sie Ihr eigenes Radoutfit, oder lassen Sie sich von unseren Designern ein speziell f\u00fcr Sie entworfenes Design anfertigen. Schicken Sie uns hierzu Ihre Logos und teilen uns Ihre Farbvorstellungen und alle sonstigen W\u00fcnsche und Ideen mit. [&hellip;]<\/p>\n","protected":false},"author":6311,"featured_media":16559,"parent":0,"menu_order":0,"comment_status":"closed","ping_status":"closed","template":"","meta":{"_acf_changed":false,"_seopress_robots_primary_cat":"","_seopress_titles_title":"","_seopress_titles_desc":"","_seopress_robots_index":"","footnotes":""},"class_list":["post-22125","page","type-page","status-publish","has-post-thumbnail","hentry"],"acf":[],"_links":{"self":[{"href":"https:\/\/milremo.com\/de\/wp-json\/wp\/v2\/pages\/22125","targetHints":{"allow":["GET"]}}],"collection":[{"href":"https:\/\/milremo.com\/de\/wp-json\/wp\/v2\/pages"}],"about":[{"href":"https:\/\/milremo.com\/de\/wp-json\/wp\/v2\/types\/page"}],"author":[{"embeddable":true,"href":"https:\/\/milremo.com\/de\/wp-json\/wp\/v2\/users\/6311"}],"replies":[{"embeddable":true,"href":"https:\/\/milremo.com\/de\/wp-json\/wp\/v2\/comments?post=22125"}],"version-history":[{"count":0,"href":"https:\/\/milremo.com\/de\/wp-json\/wp\/v2\/pages\/22125\/revisions"}],"wp:featuredmedia":[{"embeddable":true,"href":"https:\/\/milremo.com\/de\/wp-json\/wp\/v2\/media\/16559"}],"wp:attachment":[{"href":"https:\/\/milremo.com\/de\/wp-json\/wp\/v2\/media?parent=22125"}],"curies":[{"name":"wp","href":"https:\/\/api.w.org\/{rel}","templated":true}]}}