{"id":21996,"date":"2021-08-27T15:00:56","date_gmt":"2021-08-27T15:00:56","guid":{"rendered":"https:\/\/milremo.com\/starte-mit-deinem-design\/"},"modified":"2021-08-27T15:00:57","modified_gmt":"2021-08-27T15:00:57","slug":"starte-mit-deinem-design","status":"publish","type":"page","link":"https:\/\/milremo.com\/de\/starte-mit-deinem-design\/","title":{"rendered":"Starte mit Deinem Design"},"content":{"rendered":"\n\n\n\n<!-- mountain -->\n<div id=\"startdesign-block_5c60296b72dbd\" class=\"mountain_block startdesign_block alignfull\">\n    <img decoding=\"async\" srcset=\"https:\/\/milremo.com\/wp-content\/uploads\/2019\/02\/mountain2-480x217.jpg 480w, https:\/\/milremo.com\/wp-content\/uploads\/2019\/02\/mountain2-768x347.jpg 768w, https:\/\/milremo.com\/wp-content\/uploads\/2019\/02\/mountain2-960x434.jpg 960w, https:\/\/milremo.com\/wp-content\/uploads\/2019\/02\/mountain2-1200x542.jpg 1200w, https:\/\/milremo.com\/wp-content\/uploads\/2019\/02\/mountain2.jpg 2000w, https:\/\/milremo.com\/wp-content\/uploads\/2019\/02\/mountain2.jpg 3000w\" sizes=\"(max-width:479px) 480px, (min-width: 480px) and (max-width: 767px) 768px, (min-width: 768px) and (max-width: 959px) 960px, (min-width: 960px) and (max-width: 1200px) 1200px, 100vw\" src=\"https:\/\/milremo.com\/wp-content\/uploads\/2019\/02\/mountain2-960x434.jpg\" alt=\"\" \/>\n    <div class=\"wrapper\">\n                <div class=\"custom_info\">\n            <ul>\n                                <li>\n                    <div class=\"img\"><a href=\"https:\/\/milremo.com\/de\/full-custom\/\"><img decoding=\"async\" src=\"https:\/\/milremo.com\/wp-content\/uploads\/2019\/02\/img2.png\" alt=\"\" \/><\/a><\/div>                    <h4 title=\"Full-Custom\"><a href=\"https:\/\/milremo.com\/de\/full-custom\/\">Full-Custom<\/a><\/h4>                    <p>Go crazy, go wild! Endless possibilities with full-custom. Download the templates and craft your own cycling kit. Or let our graphic designers make a unique proposal specially made for you. Send us your logo\u2019s, the colors you like, a quick draft, your ideas, and we bring it to life in a 3D design.<\/p>\n                <\/li>\n                                <li>\n                    <div class=\"img\"><a href=\"https:\/\/milremo.com\/de\/starte-mit-deinem-design\/semi-custom\/\"><img decoding=\"async\" src=\"https:\/\/milremo.com\/wp-content\/uploads\/2019\/02\/img33.png\" alt=\"\" \/><\/a><\/div>                    <h4 title=\"Semi-Custom\"><a href=\"https:\/\/milremo.com\/de\/starte-mit-deinem-design\/semi-custom\/\">Semi-Custom<\/a><\/h4>                    <p>The ideal solution for small orders, or single pieces. We don\u2019t have a minimum quantity for semi-custom. It\u2019s simple and fast. Just choose the design you like, change the colors, and add your logo\u2019s. Place your order in just a few clicks, and you\u2019re ready to go!<\/p>\n                <\/li>\n                            <\/ul>\n        <\/div>\n            <\/div>\n<\/div>\n<!-- \/mountain --><p>Du brauchst ein wenig Inspiration? <\/p><div class=\"cta\"> <a href=\"design-inspiration\">Hier geht es zu unserer MILREMO DESIGN Galerie<\/a><\/div>\r\n\n<h2 class=\"wp-block-heading\">CUSTOM CYCLING CLOTHING<\/h2>\n\n<p>Wenn Du es vorziehst, aus unseren bestehenden Designs zu w\u00e4hlen, dann w\u00e4hle Semi Custom Cycling Clothing. Du kannst die Designs f\u00fcr Deine Fahrradbekleidung personalisieren, indem Du die Farben ausw\u00e4hlst, die zu Deinem Team passen und Du kannst auch Logos, reflektierende Elemente und Taschen hinzuf\u00fcgen. Das hat den Vorteil, dass Du Deinen eigenen Look und Dein eigenes Gef\u00fchl kreieren kannst. Wir sind in der Lage, unsere Semi-Custom-Kollektion auch dann zu liefern, wenn Du nur 1 St\u00fcck haben m\u00f6chtest. Um es einfach und effizient zu gestalten, kannst du unseren 3D-Konfigurator nutzen und dein eigenes Trikot und deine eigene Tr\u00e4gerhose entwerfen.<\/p>\n","protected":false},"excerpt":{"rendered":"<p>Du brauchst ein wenig Inspiration? Hier geht es zu unserer MILREMO DESIGN Galerie CUSTOM CYCLING CLOTHING Wenn Du es vorziehst, aus unseren bestehenden Designs zu w\u00e4hlen, dann w\u00e4hle Semi Custom Cycling Clothing. Du kannst die Designs f\u00fcr Deine Fahrradbekleidung personalisieren, indem Du die Farben ausw\u00e4hlst, die zu Deinem Team passen und Du kannst auch Logos, [&hellip;]<\/p>\n","protected":false},"author":6311,"featured_media":0,"parent":0,"menu_order":0,"comment_status":"closed","ping_status":"closed","template":"","meta":{"_acf_changed":false,"_seopress_robots_primary_cat":"","_seopress_titles_title":"","_seopress_titles_desc":"","_seopress_robots_index":"","footnotes":""},"class_list":["post-21996","page","type-page","status-publish","hentry"],"acf":[],"_links":{"self":[{"href":"https:\/\/milremo.com\/de\/wp-json\/wp\/v2\/pages\/21996","targetHints":{"allow":["GET"]}}],"collection":[{"href":"https:\/\/milremo.com\/de\/wp-json\/wp\/v2\/pages"}],"about":[{"href":"https:\/\/milremo.com\/de\/wp-json\/wp\/v2\/types\/page"}],"author":[{"embeddable":true,"href":"https:\/\/milremo.com\/de\/wp-json\/wp\/v2\/users\/6311"}],"replies":[{"embeddable":true,"href":"https:\/\/milremo.com\/de\/wp-json\/wp\/v2\/comments?post=21996"}],"version-history":[{"count":0,"href":"https:\/\/milremo.com\/de\/wp-json\/wp\/v2\/pages\/21996\/revisions"}],"wp:attachment":[{"href":"https:\/\/milremo.com\/de\/wp-json\/wp\/v2\/media?parent=21996"}],"curies":[{"name":"wp","href":"https:\/\/api.w.org\/{rel}","templated":true}]}}